{"id":97,"date":"2020-02-16T23:30:26","date_gmt":"2020-02-16T23:30:26","guid":{"rendered":"https:\/\/sinistracivica.it\/?page_id=97"},"modified":"2021-01-20T12:57:52","modified_gmt":"2021-01-20T12:57:52","slug":"una-nuova-agenda-per-la-politica","status":"publish","type":"page","link":"https:\/\/sinistracivica.it\/index.php\/programma\/una-nuova-agenda-per-la-politica\/","title":{"rendered":"Una nuova agenda per la politica"},"content":{"rendered":"\n<p class=\"has-black-color has-text-color\">Il presente programma ha come naturale perimetro di riferimento la Costituzione, in quanto richiamo esplicito ai principi e valori fondanti la Repubblica. Nel contempo, tiene conto e si ispira alla Risoluzione approvata dall\u2019Assemblea delle Nazioni Unite il 25\/09\/2015 \u201cTrasformare il nostro mondo: Agenda 2030 per lo Sviluppo sostenibile <span style=\"color:#1346df\" class=\"has-inline-color\">[1]<\/span>. L\u2019Agenda universale che impegna il pianeta ad una nuova sfida globale, identificando i 17 Obiettivi per lo Sviluppo sostenibile con i 169 traguardi interconnessi e indivisibili che bilanciano le tre dimensioni dello sviluppo sostenibile: la dimensione economica, sociale ed ambientale.<br>I documenti citati, insieme alla Dichiarazione Universale dei Diritti Umani rappresentano l\u2019orizzonte di riferimento che qualifica il nostro agire.<br>I rapporti e di dati disponibili confermano un mondo dove si acuiscono le disuguaglianze sociali, cresce l\u2019iniqua distribuzione della ricchezza e permane un\u2019impronta ecologica superiore alla capacit\u00e0 biogenica del pianeta, con un accumulo crescente di rifiuti dannosi e non riciclabili. Le analisi pi\u00f9 accreditate in campo scientifico sembrano sostenere che la sostenibilit\u00e0 ambientale del pianeta da anni sia stata superata. Ci\u00f2 significa che a partire dagli anni settanta si consuma pi\u00f9 capitale naturale di quello rigenerabile e pertanto \u00e8 da circa mezzo secolo che si sta erodendo, consumando, lo stock, le riserve di capitale naturale. Il monito \u00e8 chiaro e semplice: una grande parte dell\u2019umanit\u00e0 sta vivendo oltre le sue possibilit\u00e0; quando la ricchezza naturale deposta nel caveau della Terra finir\u00e0 il metabolismo ecologico del pianeta, di cui l\u2019uomo \u00e8 parte integrante, subir\u00e0 un cambiamento di stato <span style=\"color:#1346df\" class=\"has-inline-color\">[2]<\/span>.<br>Contraddizioni economiche e sociali con un riverbero diretto all\u2019interno delle singole comunit\u00e0 locali.<br>Per tali ragioni crediamo che le scelte nelle politiche pubbliche non possano prescindere da un approccio sui Diritti Umani e la conseguente esigibilit\u00e0. Cos\u00ec come sancito nell\u2019articolo 3 della Carta, non solo in termini di uguaglianza formale davanti alla legge, quanto piuttosto nei termini di principio di uguaglianza sostanziale con l\u2019obiettivo di \u201c\u2026rimuovere gli ostacoli di ordine economico e sociale, che, limitando di fatto la libert\u00e0 e l\u2019eguaglianza dei cittadini, impediscono il pieno sviluppo della persona umana e l\u2019effettiva partecipazione di tutti i lavoratori all\u2019organizzazione politica, economica e sociale del Paese\u201d.<br>Principio da considerarsi ad integrazione e completamento del principio di Sostenibilit\u00e0 complessiva, inteso come impatto delle stesse politiche pubbliche sul territorio e nella comunit\u00e0, secondo le tre dimensioni citate.<br>Nel nostro programma, tale approccio viene declinato nei principi di Equit\u00e0, Solidariet\u00e0 e Sostenibilit\u00e0. Equit\u00e0 intesa come uguaglianza nell\u2019accesso alle opportunit\u00e0; solidariet\u00e0 quale condizione per costruire comunit\u00e0 inclusive e sostenibilit\u00e0 come sviluppo armonico con l\u2019eco-sistema.<\/p>\n\n\n\n<hr class=\"wp-block-separator\"\/>\n\n\n\n<p class=\"has-text-align-center\">appendice<\/p>\n\n\n\n<p><span style=\"color:#1346df\" class=\"has-inline-color\">[1]<\/span>  <em><a rel=\"noreferrer noopener\" href=\"https:\/\/unric.org\/it\/agenda-2030\" target=\"_blank\">https:\/\/unric.org\/it\/agenda-2030<\/a><\/em><\/p>\n\n\n\n<p><span style=\"color:#1346df\" class=\"has-inline-color\">[2] <\/span>  <a rel=\"noreferrer noopener\" href=\"https:\/\/www.ires.piemonte.it\/relazione2019\/RelazioneAnnuale2019_WEB.pdf\" target=\"_blank\"><em>https:\/\/www.ires.piemonte.it\/relazione2019\/RelazioneAnnuale2019_WEB.pdf<\/em><\/a><\/p>\n","protected":false},"excerpt":{"rendered":"<p>Il presente programma ha come naturale perimetro di riferimento la Costituzione, in quanto richiamo esplicito ai principi e valori fondanti la Repubblica. Nel contempo, tiene conto e si ispira alla Risoluzione approvata dall\u2019Assemblea delle Nazioni Unite il 25\/09\/2015 \u201cTrasformare il nostro mondo: Agenda 2030 per lo Sviluppo sostenibile [1]. L\u2019Agenda universale che impegna il pianeta [&hellip;]<\/p>\n","protected":false},"author":1,"featured_media":0,"parent":65,"menu_order":0,"comment_status":"closed","ping_status":"closed","template":"","meta":{"footnotes":""},"class_list":["post-97","page","type-page","status-publish","hentry"],"yoast_head":"<!-- This site is optimized with the Yoast SEO plugin v27.4 - https:\/\/yoast.com\/product\/yoast-seo-wordpress\/ -->\n<title>Una nuova agenda per la politica - SINISTRA CIVICA<\/title>\n<meta name=\"robots\" content=\"index, follow, max-snippet:-1, max-image-preview:large, max-video-preview:-1\" \/>\n<link rel=\"canonical\" href=\"https:\/\/sinistracivica.it\/index.php\/programma\/una-nuova-agenda-per-la-politica\/\" \/>\n<meta property=\"og:locale\" content=\"it_IT\" \/>\n<meta property=\"og:type\" content=\"article\" \/>\n<meta property=\"og:title\" content=\"Una nuova agenda per la politica - SINISTRA CIVICA\" \/>\n<meta property=\"og:description\" content=\"Il presente programma ha come naturale perimetro di riferimento la Costituzione, in quanto richiamo esplicito ai principi e valori fondanti la Repubblica. Nel contempo, tiene conto e si ispira alla Risoluzione approvata dall\u2019Assemblea delle Nazioni Unite il 25\/09\/2015 \u201cTrasformare il nostro mondo: Agenda 2030 per lo Sviluppo sostenibile [1]. L\u2019Agenda universale che impegna il pianeta [&hellip;]\" \/>\n<meta property=\"og:url\" content=\"https:\/\/sinistracivica.it\/index.php\/programma\/una-nuova-agenda-per-la-politica\/\" \/>\n<meta property=\"og:site_name\" content=\"SINISTRA CIVICA\" \/>\n<meta property=\"article:modified_time\" content=\"2021-01-20T12:57:52+00:00\" \/>\n<meta name=\"twitter:card\" content=\"summary_large_image\" \/>\n<meta name=\"twitter:label1\" content=\"Tempo di lettura stimato\" \/>\n\t<meta name=\"twitter:data1\" content=\"2 minuti\" \/>\n<script type=\"application\/ld+json\" class=\"yoast-schema-graph\">{\"@context\":\"https:\\\/\\\/schema.org\",\"@graph\":[{\"@type\":\"WebPage\",\"@id\":\"https:\\\/\\\/sinistracivica.it\\\/index.php\\\/programma\\\/una-nuova-agenda-per-la-politica\\\/\",\"url\":\"https:\\\/\\\/sinistracivica.it\\\/index.php\\\/programma\\\/una-nuova-agenda-per-la-politica\\\/\",\"name\":\"Una nuova agenda per la politica - SINISTRA CIVICA\",\"isPartOf\":{\"@id\":\"https:\\\/\\\/sinistracivica.it\\\/#website\"},\"datePublished\":\"2020-02-16T23:30:26+00:00\",\"dateModified\":\"2021-01-20T12:57:52+00:00\",\"breadcrumb\":{\"@id\":\"https:\\\/\\\/sinistracivica.it\\\/index.php\\\/programma\\\/una-nuova-agenda-per-la-politica\\\/#breadcrumb\"},\"inLanguage\":\"it-IT\",\"potentialAction\":[{\"@type\":\"ReadAction\",\"target\":[\"https:\\\/\\\/sinistracivica.it\\\/index.php\\\/programma\\\/una-nuova-agenda-per-la-politica\\\/\"]}]},{\"@type\":\"BreadcrumbList\",\"@id\":\"https:\\\/\\\/sinistracivica.it\\\/index.php\\\/programma\\\/una-nuova-agenda-per-la-politica\\\/#breadcrumb\",\"itemListElement\":[{\"@type\":\"ListItem\",\"position\":1,\"name\":\"Home\",\"item\":\"https:\\\/\\\/sinistracivica.it\\\/\"},{\"@type\":\"ListItem\",\"position\":2,\"name\":\"Programma Coalizione\",\"item\":\"https:\\\/\\\/sinistracivica.it\\\/index.php\\\/programma\\\/\"},{\"@type\":\"ListItem\",\"position\":3,\"name\":\"Una nuova agenda per la politica\"}]},{\"@type\":\"WebSite\",\"@id\":\"https:\\\/\\\/sinistracivica.it\\\/#website\",\"url\":\"https:\\\/\\\/sinistracivica.it\\\/\",\"name\":\"SINISTRA CIVICA\",\"description\":\"\",\"publisher\":{\"@id\":\"https:\\\/\\\/sinistracivica.it\\\/#organization\"},\"potentialAction\":[{\"@type\":\"SearchAction\",\"target\":{\"@type\":\"EntryPoint\",\"urlTemplate\":\"https:\\\/\\\/sinistracivica.it\\\/?s={search_term_string}\"},\"query-input\":{\"@type\":\"PropertyValueSpecification\",\"valueRequired\":true,\"valueName\":\"search_term_string\"}}],\"inLanguage\":\"it-IT\"},{\"@type\":\"Organization\",\"@id\":\"https:\\\/\\\/sinistracivica.it\\\/#organization\",\"name\":\"SINISTRA CIVICA\",\"url\":\"https:\\\/\\\/sinistracivica.it\\\/\",\"logo\":{\"@type\":\"ImageObject\",\"inLanguage\":\"it-IT\",\"@id\":\"https:\\\/\\\/sinistracivica.it\\\/#\\\/schema\\\/logo\\\/image\\\/\",\"url\":\"https:\\\/\\\/sinistracivica.it\\\/wp-content\\\/uploads\\\/2021\\\/01\\\/cropped-Logo_ok.png\",\"contentUrl\":\"https:\\\/\\\/sinistracivica.it\\\/wp-content\\\/uploads\\\/2021\\\/01\\\/cropped-Logo_ok.png\",\"width\":512,\"height\":512,\"caption\":\"SINISTRA  CIVICA\"},\"image\":{\"@id\":\"https:\\\/\\\/sinistracivica.it\\\/#\\\/schema\\\/logo\\\/image\\\/\"}}]}<\/script>\n<!-- \/ Yoast SEO plugin. -->","yoast_head_json":{"title":"Una nuova agenda per la politica - SINISTRA CIVICA","robots":{"index":"index","follow":"follow","max-snippet":"max-snippet:-1","max-image-preview":"max-image-preview:large","max-video-preview":"max-video-preview:-1"},"canonical":"https:\/\/sinistracivica.it\/index.php\/programma\/una-nuova-agenda-per-la-politica\/","og_locale":"it_IT","og_type":"article","og_title":"Una nuova agenda per la politica - SINISTRA CIVICA","og_description":"Il presente programma ha come naturale perimetro di riferimento la Costituzione, in quanto richiamo esplicito ai principi e valori fondanti la Repubblica. Nel contempo, tiene conto e si ispira alla Risoluzione approvata dall\u2019Assemblea delle Nazioni Unite il 25\/09\/2015 \u201cTrasformare il nostro mondo: Agenda 2030 per lo Sviluppo sostenibile [1]. L\u2019Agenda universale che impegna il pianeta [&hellip;]","og_url":"https:\/\/sinistracivica.it\/index.php\/programma\/una-nuova-agenda-per-la-politica\/","og_site_name":"SINISTRA CIVICA","article_modified_time":"2021-01-20T12:57:52+00:00","twitter_card":"summary_large_image","twitter_misc":{"Tempo di lettura stimato":"2 minuti"},"schema":{"@context":"https:\/\/schema.org","@graph":[{"@type":"WebPage","@id":"https:\/\/sinistracivica.it\/index.php\/programma\/una-nuova-agenda-per-la-politica\/","url":"https:\/\/sinistracivica.it\/index.php\/programma\/una-nuova-agenda-per-la-politica\/","name":"Una nuova agenda per la politica - SINISTRA CIVICA","isPartOf":{"@id":"https:\/\/sinistracivica.it\/#website"},"datePublished":"2020-02-16T23:30:26+00:00","dateModified":"2021-01-20T12:57:52+00:00","breadcrumb":{"@id":"https:\/\/sinistracivica.it\/index.php\/programma\/una-nuova-agenda-per-la-politica\/#breadcrumb"},"inLanguage":"it-IT","potentialAction":[{"@type":"ReadAction","target":["https:\/\/sinistracivica.it\/index.php\/programma\/una-nuova-agenda-per-la-politica\/"]}]},{"@type":"BreadcrumbList","@id":"https:\/\/sinistracivica.it\/index.php\/programma\/una-nuova-agenda-per-la-politica\/#breadcrumb","itemListElement":[{"@type":"ListItem","position":1,"name":"Home","item":"https:\/\/sinistracivica.it\/"},{"@type":"ListItem","position":2,"name":"Programma Coalizione","item":"https:\/\/sinistracivica.it\/index.php\/programma\/"},{"@type":"ListItem","position":3,"name":"Una nuova agenda per la politica"}]},{"@type":"WebSite","@id":"https:\/\/sinistracivica.it\/#website","url":"https:\/\/sinistracivica.it\/","name":"SINISTRA CIVICA","description":"","publisher":{"@id":"https:\/\/sinistracivica.it\/#organization"},"potentialAction":[{"@type":"SearchAction","target":{"@type":"EntryPoint","urlTemplate":"https:\/\/sinistracivica.it\/?s={search_term_string}"},"query-input":{"@type":"PropertyValueSpecification","valueRequired":true,"valueName":"search_term_string"}}],"inLanguage":"it-IT"},{"@type":"Organization","@id":"https:\/\/sinistracivica.it\/#organization","name":"SINISTRA CIVICA","url":"https:\/\/sinistracivica.it\/","logo":{"@type":"ImageObject","inLanguage":"it-IT","@id":"https:\/\/sinistracivica.it\/#\/schema\/logo\/image\/","url":"https:\/\/sinistracivica.it\/wp-content\/uploads\/2021\/01\/cropped-Logo_ok.png","contentUrl":"https:\/\/sinistracivica.it\/wp-content\/uploads\/2021\/01\/cropped-Logo_ok.png","width":512,"height":512,"caption":"SINISTRA  CIVICA"},"image":{"@id":"https:\/\/sinistracivica.it\/#\/schema\/logo\/image\/"}}]}},"_links":{"self":[{"href":"https:\/\/sinistracivica.it\/index.php\/wp-json\/wp\/v2\/pages\/97","targetHints":{"allow":["GET"]}}],"collection":[{"href":"https:\/\/sinistracivica.it\/index.php\/wp-json\/wp\/v2\/pages"}],"about":[{"href":"https:\/\/sinistracivica.it\/index.php\/wp-json\/wp\/v2\/types\/page"}],"author":[{"embeddable":true,"href":"https:\/\/sinistracivica.it\/index.php\/wp-json\/wp\/v2\/users\/1"}],"replies":[{"embeddable":true,"href":"https:\/\/sinistracivica.it\/index.php\/wp-json\/wp\/v2\/comments?post=97"}],"version-history":[{"count":6,"href":"https:\/\/sinistracivica.it\/index.php\/wp-json\/wp\/v2\/pages\/97\/revisions"}],"predecessor-version":[{"id":1592,"href":"https:\/\/sinistracivica.it\/index.php\/wp-json\/wp\/v2\/pages\/97\/revisions\/1592"}],"up":[{"embeddable":true,"href":"https:\/\/sinistracivica.it\/index.php\/wp-json\/wp\/v2\/pages\/65"}],"wp:attachment":[{"href":"https:\/\/sinistracivica.it\/index.php\/wp-json\/wp\/v2\/media?parent=97"}],"curies":[{"name":"wp","href":"https:\/\/api.w.org\/{rel}","templated":true}]}}