{"id":79,"date":"2020-02-16T22:27:33","date_gmt":"2020-02-16T22:27:33","guid":{"rendered":"https:\/\/sinistracivica.it\/?page_id=79"},"modified":"2020-07-13T18:51:26","modified_gmt":"2020-07-13T18:51:26","slug":"introduzione","status":"publish","type":"page","link":"https:\/\/sinistracivica.it\/index.php\/programma\/introduzione\/","title":{"rendered":"Introduzione."},"content":{"rendered":"\n<p><strong>L<\/strong>a redazione di ogni programma\ndi governo, necessaria sia in fase di preparazione di una campagna elettorale,\nsia in quella di predisposizione delle azioni di governo, prevede un\u2019<strong>introduzione<\/strong> riguardante il <em>quadro di riferimento<\/em> ideologico,\nculturale e morale con il quale si interpretano i processi politici, sociali ed\neconomici e si giustificano le proposte operative programmatiche.<\/p>\n\n\n\n<p><strong>O<\/strong>ccorre partire dall\u2019analisi\ndelle condizioni attuali (globali e locali) cercando, per quanto possibile, di\nindividuare gli elementi determinanti. \u00c8 una fase fondamentale; chi ritiene invece\nche sia poco importante o addirittura inutile, in realt\u00e0 preferisce evitare di\nimpegnarsi in un confronto che invece \u00e8 indispensabile.<\/p>\n\n\n\n<p><strong>L<\/strong>a redazione del presente\nprogramma \u00e8 il risultato del lavoro di un gruppo di coordinamento e del\ncontributo delle persone coinvolte nel progetto di una coalizione civica\nimpegnata nel ricostruire\ni concetti di comunit\u00e0, di squadra, di rispetto e di collaborazione reale fra\nsoggetti diversi, con esigenze e sensibilit\u00e0 anche differenti. \u00c8 l\u2019elaborazione di una sintesi, ricercata\ncon\ncostanza ed in perenne aggiornamento, punto di forza dell\u2019imminente sfida\nelettorale, elemento di rottura e discontinuit\u00e0 con gli ultimi tempi, in una\nsociet\u00e0 diventata pi\u00f9 egoista, individualista, finta, legata alle appartenenze\ndi comodo, alla facciata e lontana dalla sostanza.<\/p>\n\n\n\n<p><strong>L<\/strong>a\nnostra coalizione \u00e8 un \u201cpatto\u201d, un\u2019intesa di governo per mettere a valore le\nforze, le sensibilit\u00e0, le intelligenze, affinch\u00e8 la politica si riappropri del\nproprio tradizionale ruolo di guida e si dimostri capace di affrontare una sfida\nambiziosa, difficile, ma nuova, evitando finti slogan e gettando le premesse\nper la formazione di una nuova classe dirigente, oltre le appartenenze e le\ntessere di partito. Siamo un gruppo formato da persone con storie politiche\nanche molto diverse tra loro, ma questa \u00e8 una ricchezza, un segno distintivo\nche ci porta ad un costante e costruttivo confronto<\/p>\n\n\n\n<p><strong>\u00c8<\/strong>\ncon questa filosofia, con questa ambizione, che abbiamo ritenuto indispensabile\nrilanciare una proposta politica alternativa. Con umilt\u00e0 e rispetto dei ruoli e\ndelle persone, vogliamo proporci, affinch\u00e9 il nostro impegno possa diventare\nuna scossa per Venaria. La \u201c<em>nostra<\/em>\u201d <strong>introduzione<\/strong> potrebbe\nessere sintetizzata dal seguente slogan<strong>:<\/strong><\/p>\n\n\n\n<figure class=\"wp-block-table\"><table><tbody><tr><td>   <strong>SOSTENIBILIT\u00c0 &#8211; EQUIT\u00c0 &#8211; SOLIDARIET\u00c0<\/strong>   <\/td><\/tr><\/tbody><\/table><\/figure>\n\n\n\n<p><strong>L<\/strong>a seconda parola (<em>equit\u00e0<\/em>) e la terza (<em>solidariet\u00e0<\/em>) simboleggiano valori fondanti compresi nella\nCostituzione. Sono valide oggi pi\u00f9 che nel passato, ma precedute dalla parola \u201c<em>sostenibilit\u00e0<\/em>\u201d<strong>:<\/strong> coerenza rispetto alla <em>necessit\u00e0\nimprorogabile del conseguimento degli obiettivi di recupero di equilibri\nambientali accettabili<\/em>, senza i quali verrebbero meno le condizioni di\nesistenza decorosa di tutte le persone o della sopravvivenza dell\u2019umanit\u00e0. La \u201c<em>sostenibilit\u00e0<\/em>\u201d \u00e8 la condizione per garantire\n\u201c<em>equit\u00e0<\/em>\u201d e \u201c<em>solidariet\u00e0<\/em>\u201d<strong>:<\/strong> le\npolitiche a sostegno di \u201c<em>equit\u00e0<\/em>\u201d e di\n\u201c<em>solidariet\u00e0<\/em>\u201d sono coerenti con la \u201c<em>sostenibilit\u00e0<\/em>\u201d.<\/p>\n\n\n\n<p><strong>L<\/strong>\u2019attuale\nsistema economico-sociale ha espulso dal dibattito politico diritti e istanze,\nfacendole diventare ostacoli anacronistici da rimuovere sulla via dello sviluppo\ne della crescita senza limiti e che ha imposto un modello economico che prevede\nl\u2019esistenza di un numero crescente di lavoratori poveri e tassi di\ndisoccupazione al 10 %. Si sono spazzate via le culture politiche; le leggi\ndell\u2019economia predatoria su cui si basa sono presentate come leggi di natura. L\u2019appropriazione\ndelle risorse naturali e l\u2019ingiustizia sociale, il divario tra la maggioranza\ndei popoli e minoranze sempre pi\u00f9 ricche sono la conseguenza del nuovo ordine mondiale.<\/p>\n\n\n\n<p><strong>I<\/strong>l mondo che sta viaggiando\nvero i dieci miliardi di umani (tutti con diritto per una vita decorosa), con\nun\u2019impronta ecologica superiore alla capacit\u00e0 biogenica del pianeta, con un\naccumulo crescente di rifiuti non riciclabili e dannosi per i viventi (uomo\ncompreso), con un patrimonio ittico dimezzato rispetto alle potenzialit\u00e0 degli\noceani, con un ritmo di estinzione delle specie senza confronti nella storia\ngeobiologica del pianeta (a discapito della biodiversit\u00e0, anche in Italia, il\nPaese in Europa pi\u00f9 ricco di specie, soprattutto endemiche), con la riduzione\ndelle risorse materiali ed energetiche non rinnovabili, con l\u2019incremento di\nprodotti di sintesi inquinanti e pericolosi per la biosfera e di gas\nclimalteranti, con la sterilizzazione di terreni agricoli iper-sfruttati,&#8230; <\/p>\n\n\n\n<p><strong>A<\/strong> queste alterazioni degli\nequilibri ambientali globali, a livello nazionale e locale, si aggiunge\nl\u2019incremento dei fenomeni di dissesto idrogeologico, della cementificazione,\ndelle situazioni di crisi idrica&#8230; in un territorio, come quello italiano,\ngeologicamente fragile ma ricco di tesori naturali, paesaggistici e\nstorico-culturali che invece meriterebbero maggiori attenzioni per la cura e\nmanutenzione. <\/p>\n\n\n\n<p><strong>I<\/strong>l popolo italiano consuma\nrisorse, in termini di impronta ecologica, per la cui produzione sarebbero\nnecessarie tre Italie, quindi un insieme di consumi nettamente superiore a\nquanto il nostro territorio \u00e8 in grado di sostenere<strong>:<\/strong> \u00e8 la prova che da qualche parte del mondo esiste chi \u201cpaga\u201d per\nil nostro benessere. La mancanza di \u201c<em>sostenibilit\u00e0<\/em>\u201d\nper l\u2019Italia \u00e8 fonte di \u201c<em>iniquit\u00e0<\/em>\u201d a\nlivello globale, cos\u00ec come la mancanza di una politica sensibile a questo tema\n\u00e8 manifestazione di assenza di \u201c<em>solidariet\u00e0<\/em>\u201d.<\/p>\n\n\n\n<p><strong>I<\/strong> temi\nsuccitati riguardano la \u201c<em>sostenibilit\u00e0<\/em>\u201d<strong>:<\/strong> condizioni per la sopravvivenza del\npianeta e dell\u2019uomo. \u00c8 la dura realt\u00e0, che va riconosciuta quale insieme di\nelementi determinanti per la costruzione di un processo politico che abbia un\nfuturo possibile. <\/p>\n\n\n\n<p><strong>L<\/strong>\u2019inserimento del tema ambiente come uno dei tanti capitoli nei programmi politici non \u00e8 sufficiente; \u201c&#8230;<em>l\u2019impegno per una pi\u00f9 equa redistribuzione &#8230; del reddito generato dal lavoro non pu\u00f2 essere disgiunto dall\u2019impegno per rientrare nei limiti della sostenibilit\u00e0 ambientale, per cui non pu\u00f2 essere riproposto<\/em>&#8230;\u201d come \u201c&#8230;<em>un obiettivo settoriale di un programma politico, alla stregua della politica scolastica, della politica per la casa o della politica per la salute, ma \u00e8 la cornice in cui collocare tutti gli obiettivi settoriali, il fine ultimo a cui tutti devono essere indirizzati, perch\u00e9 nessuno di essi ha un senso, se oltre a ridurre un\u2019iniquit\u00e0, non contribuisce a evitare l\u2019autoannientamento della specie umana<\/em>\u201d (M. Pallante, 2018). <\/p>\n","protected":false},"excerpt":{"rendered":"<p>La redazione di ogni programma di governo, necessaria sia in fase di preparazione di una campagna elettorale, sia in quella di predisposizione delle azioni di governo, prevede un\u2019introduzione riguardante il quadro di riferimento ideologico, culturale e morale con il quale si interpretano i processi politici, sociali ed economici e si giustificano le proposte operative programmatiche. [&hellip;]<\/p>\n","protected":false},"author":1,"featured_media":0,"parent":65,"menu_order":1,"comment_status":"closed","ping_status":"closed","template":"","meta":{"footnotes":""},"class_list":["post-79","page","type-page","status-publish","hentry"],"yoast_head":"<!-- This site is optimized with the Yoast SEO plugin v27.5 - https:\/\/yoast.com\/product\/yoast-seo-wordpress\/ -->\n<title>Introduzione. - SINISTRA CIVICA<\/title>\n<meta name=\"robots\" content=\"index, follow, max-snippet:-1, max-image-preview:large, max-video-preview:-1\" \/>\n<link rel=\"canonical\" href=\"https:\/\/sinistracivica.it\/index.php\/programma\/introduzione\/\" \/>\n<meta property=\"og:locale\" content=\"it_IT\" \/>\n<meta property=\"og:type\" content=\"article\" \/>\n<meta property=\"og:title\" content=\"Introduzione. - SINISTRA CIVICA\" \/>\n<meta property=\"og:description\" content=\"La redazione di ogni programma di governo, necessaria sia in fase di preparazione di una campagna elettorale, sia in quella di predisposizione delle azioni di governo, prevede un\u2019introduzione riguardante il quadro di riferimento ideologico, culturale e morale con il quale si interpretano i processi politici, sociali ed economici e si giustificano le proposte operative programmatiche. [&hellip;]\" \/>\n<meta property=\"og:url\" content=\"https:\/\/sinistracivica.it\/index.php\/programma\/introduzione\/\" \/>\n<meta property=\"og:site_name\" content=\"SINISTRA CIVICA\" \/>\n<meta property=\"article:modified_time\" content=\"2020-07-13T18:51:26+00:00\" \/>\n<meta name=\"twitter:card\" content=\"summary_large_image\" \/>\n<meta name=\"twitter:label1\" content=\"Tempo di lettura stimato\" \/>\n\t<meta name=\"twitter:data1\" content=\"5 minuti\" \/>\n<script type=\"application\/ld+json\" class=\"yoast-schema-graph\">{\"@context\":\"https:\\\/\\\/schema.org\",\"@graph\":[{\"@type\":\"WebPage\",\"@id\":\"https:\\\/\\\/sinistracivica.it\\\/index.php\\\/programma\\\/introduzione\\\/\",\"url\":\"https:\\\/\\\/sinistracivica.it\\\/index.php\\\/programma\\\/introduzione\\\/\",\"name\":\"Introduzione. - SINISTRA CIVICA\",\"isPartOf\":{\"@id\":\"https:\\\/\\\/sinistracivica.it\\\/#website\"},\"datePublished\":\"2020-02-16T22:27:33+00:00\",\"dateModified\":\"2020-07-13T18:51:26+00:00\",\"breadcrumb\":{\"@id\":\"https:\\\/\\\/sinistracivica.it\\\/index.php\\\/programma\\\/introduzione\\\/#breadcrumb\"},\"inLanguage\":\"it-IT\",\"potentialAction\":[{\"@type\":\"ReadAction\",\"target\":[\"https:\\\/\\\/sinistracivica.it\\\/index.php\\\/programma\\\/introduzione\\\/\"]}]},{\"@type\":\"BreadcrumbList\",\"@id\":\"https:\\\/\\\/sinistracivica.it\\\/index.php\\\/programma\\\/introduzione\\\/#breadcrumb\",\"itemListElement\":[{\"@type\":\"ListItem\",\"position\":1,\"name\":\"Home\",\"item\":\"https:\\\/\\\/sinistracivica.it\\\/\"},{\"@type\":\"ListItem\",\"position\":2,\"name\":\"Programma Coalizione\",\"item\":\"https:\\\/\\\/sinistracivica.it\\\/index.php\\\/programma\\\/\"},{\"@type\":\"ListItem\",\"position\":3,\"name\":\"Introduzione.\"}]},{\"@type\":\"WebSite\",\"@id\":\"https:\\\/\\\/sinistracivica.it\\\/#website\",\"url\":\"https:\\\/\\\/sinistracivica.it\\\/\",\"name\":\"SINISTRA CIVICA\",\"description\":\"\",\"publisher\":{\"@id\":\"https:\\\/\\\/sinistracivica.it\\\/#organization\"},\"potentialAction\":[{\"@type\":\"SearchAction\",\"target\":{\"@type\":\"EntryPoint\",\"urlTemplate\":\"https:\\\/\\\/sinistracivica.it\\\/?s={search_term_string}\"},\"query-input\":{\"@type\":\"PropertyValueSpecification\",\"valueRequired\":true,\"valueName\":\"search_term_string\"}}],\"inLanguage\":\"it-IT\"},{\"@type\":\"Organization\",\"@id\":\"https:\\\/\\\/sinistracivica.it\\\/#organization\",\"name\":\"SINISTRA CIVICA\",\"url\":\"https:\\\/\\\/sinistracivica.it\\\/\",\"logo\":{\"@type\":\"ImageObject\",\"inLanguage\":\"it-IT\",\"@id\":\"https:\\\/\\\/sinistracivica.it\\\/#\\\/schema\\\/logo\\\/image\\\/\",\"url\":\"https:\\\/\\\/sinistracivica.it\\\/wp-content\\\/uploads\\\/2021\\\/01\\\/cropped-Logo_ok.png\",\"contentUrl\":\"https:\\\/\\\/sinistracivica.it\\\/wp-content\\\/uploads\\\/2021\\\/01\\\/cropped-Logo_ok.png\",\"width\":512,\"height\":512,\"caption\":\"SINISTRA  CIVICA\"},\"image\":{\"@id\":\"https:\\\/\\\/sinistracivica.it\\\/#\\\/schema\\\/logo\\\/image\\\/\"}}]}<\/script>\n<!-- \/ Yoast SEO plugin. -->","yoast_head_json":{"title":"Introduzione. - SINISTRA CIVICA","robots":{"index":"index","follow":"follow","max-snippet":"max-snippet:-1","max-image-preview":"max-image-preview:large","max-video-preview":"max-video-preview:-1"},"canonical":"https:\/\/sinistracivica.it\/index.php\/programma\/introduzione\/","og_locale":"it_IT","og_type":"article","og_title":"Introduzione. - SINISTRA CIVICA","og_description":"La redazione di ogni programma di governo, necessaria sia in fase di preparazione di una campagna elettorale, sia in quella di predisposizione delle azioni di governo, prevede un\u2019introduzione riguardante il quadro di riferimento ideologico, culturale e morale con il quale si interpretano i processi politici, sociali ed economici e si giustificano le proposte operative programmatiche. [&hellip;]","og_url":"https:\/\/sinistracivica.it\/index.php\/programma\/introduzione\/","og_site_name":"SINISTRA CIVICA","article_modified_time":"2020-07-13T18:51:26+00:00","twitter_card":"summary_large_image","twitter_misc":{"Tempo di lettura stimato":"5 minuti"},"schema":{"@context":"https:\/\/schema.org","@graph":[{"@type":"WebPage","@id":"https:\/\/sinistracivica.it\/index.php\/programma\/introduzione\/","url":"https:\/\/sinistracivica.it\/index.php\/programma\/introduzione\/","name":"Introduzione. - SINISTRA CIVICA","isPartOf":{"@id":"https:\/\/sinistracivica.it\/#website"},"datePublished":"2020-02-16T22:27:33+00:00","dateModified":"2020-07-13T18:51:26+00:00","breadcrumb":{"@id":"https:\/\/sinistracivica.it\/index.php\/programma\/introduzione\/#breadcrumb"},"inLanguage":"it-IT","potentialAction":[{"@type":"ReadAction","target":["https:\/\/sinistracivica.it\/index.php\/programma\/introduzione\/"]}]},{"@type":"BreadcrumbList","@id":"https:\/\/sinistracivica.it\/index.php\/programma\/introduzione\/#breadcrumb","itemListElement":[{"@type":"ListItem","position":1,"name":"Home","item":"https:\/\/sinistracivica.it\/"},{"@type":"ListItem","position":2,"name":"Programma Coalizione","item":"https:\/\/sinistracivica.it\/index.php\/programma\/"},{"@type":"ListItem","position":3,"name":"Introduzione."}]},{"@type":"WebSite","@id":"https:\/\/sinistracivica.it\/#website","url":"https:\/\/sinistracivica.it\/","name":"SINISTRA CIVICA","description":"","publisher":{"@id":"https:\/\/sinistracivica.it\/#organization"},"potentialAction":[{"@type":"SearchAction","target":{"@type":"EntryPoint","urlTemplate":"https:\/\/sinistracivica.it\/?s={search_term_string}"},"query-input":{"@type":"PropertyValueSpecification","valueRequired":true,"valueName":"search_term_string"}}],"inLanguage":"it-IT"},{"@type":"Organization","@id":"https:\/\/sinistracivica.it\/#organization","name":"SINISTRA CIVICA","url":"https:\/\/sinistracivica.it\/","logo":{"@type":"ImageObject","inLanguage":"it-IT","@id":"https:\/\/sinistracivica.it\/#\/schema\/logo\/image\/","url":"https:\/\/sinistracivica.it\/wp-content\/uploads\/2021\/01\/cropped-Logo_ok.png","contentUrl":"https:\/\/sinistracivica.it\/wp-content\/uploads\/2021\/01\/cropped-Logo_ok.png","width":512,"height":512,"caption":"SINISTRA  CIVICA"},"image":{"@id":"https:\/\/sinistracivica.it\/#\/schema\/logo\/image\/"}}]}},"_links":{"self":[{"href":"https:\/\/sinistracivica.it\/index.php\/wp-json\/wp\/v2\/pages\/79","targetHints":{"allow":["GET"]}}],"collection":[{"href":"https:\/\/sinistracivica.it\/index.php\/wp-json\/wp\/v2\/pages"}],"about":[{"href":"https:\/\/sinistracivica.it\/index.php\/wp-json\/wp\/v2\/types\/page"}],"author":[{"embeddable":true,"href":"https:\/\/sinistracivica.it\/index.php\/wp-json\/wp\/v2\/users\/1"}],"replies":[{"embeddable":true,"href":"https:\/\/sinistracivica.it\/index.php\/wp-json\/wp\/v2\/comments?post=79"}],"version-history":[{"count":4,"href":"https:\/\/sinistracivica.it\/index.php\/wp-json\/wp\/v2\/pages\/79\/revisions"}],"predecessor-version":[{"id":628,"href":"https:\/\/sinistracivica.it\/index.php\/wp-json\/wp\/v2\/pages\/79\/revisions\/628"}],"up":[{"embeddable":true,"href":"https:\/\/sinistracivica.it\/index.php\/wp-json\/wp\/v2\/pages\/65"}],"wp:attachment":[{"href":"https:\/\/sinistracivica.it\/index.php\/wp-json\/wp\/v2\/media?parent=79"}],"curies":[{"name":"wp","href":"https:\/\/api.w.org\/{rel}","templated":true}]}}