{"id":776,"date":"2020-08-14T23:05:30","date_gmt":"2020-08-14T23:05:30","guid":{"rendered":"https:\/\/sinistracivica.it\/?page_id=776"},"modified":"2020-08-14T23:05:31","modified_gmt":"2020-08-14T23:05:31","slug":"venaria-civica-uffici-trasparenza-fondi-ue","status":"publish","type":"page","link":"https:\/\/sinistracivica.it\/index.php\/venaria-civica-uffici-trasparenza-fondi-ue\/","title":{"rendered":"Venaria civica: uffici, trasparenza, fondi UE"},"content":{"rendered":"\n<p><span style=\"color:#0043d3\" class=\"has-inline-color\">\u00c8 necessario ripensare l\u2019organizzazione degli uffici dell\u2019Ente in un sistema a matrice che da una parte tenga conto del tradizionale piano di suddivisione esistente di ambiti e settore, e dall\u2019altra sia accostato ad una ripartizione per progetti.<br>Sempre pi\u00f9 le politiche pubbliche hanno un impatto trasversale sulle comunit\u00e0 locali, per questo \u00e8 necessario avere anche un approccio che contenga questa complessit\u00e0, al fine di rispondere in maniera integrata ai bisogni individuati.<br>Un\u2019organizzazione per progetti permette di concorrere in maniera pi\u00f9 efficace all\u2019assegnazione dei Fondi UE cui gli Enti Locali hanno accesso. La nuova programmazione comunitaria 2012-27 prevede numerose occasioni per rilanciare con buone pratiche, attingendo ai fondi messi in palio. Condizione per avviare le grandi progettualit\u00e0 ed attrarre, nel contempo, anche investitori privati.<br>Rispetto alla finanza locale, \u00e8 necessario perseguire una razionalizzazione della spesa pubblica, eliminando eventuali spese e ricercando possibilit\u00e0 di ottimizzazione delle risorse. Mentre \u00e8 necessario mantenere e rinforzare i servizi di recupero e lotta all\u2019evasione fiscale sui tributi locali e migliorare i rapporti con il cittadino per offrire un servizio sempre attento<br>alle esigenze nascenti.<br>Il rispetto del principio di legalit\u00e0 e lotta a qualsiasi forma di criminalit\u00e0 organizzata resta un obiettivo per il bene comune cui l\u2019Ente Comune deve essere garante.<\/span><\/p>\n\n\n\n<p class=\"has-text-align-center\"><strong><span class=\"has-inline-color has-accent-color\">Ripensare l\u2019Ente Comune<\/span><\/strong><\/p>\n\n\n\n<p>\u00c8 importante riorganizzare la \u201cmacchina comunale\u201d, ridefinendo ruoli e competenze del personale, riducendo le consulenze esterne e avvalendosi delle professionalit\u00e0 interne al Comune; se vi fossero debolezze, si possono avviare corsi di formazione per i funzionari che, ad ogni livello di responsabilit\u00e0, hanno il compito di operare nel rispetto degli obiettivi dell\u2019amministrazione in funzione delle esigenze della collettivit\u00e0.<br>Le potenzialit\u00e0 dei dipendenti comunali vanno riconosciute e valorizzate attraverso il coinvolgimento nei contenuti e nei metodi di lavoro, l\u2019ascolto delle loro richieste, utilizzando le competenze specifiche di ciascuno, riorganizzando la macchina comunale con il loro apporto. Ci\u00f2 comporta la cooperazione fra le strutture funzionarie fondata su: professionalit\u00e0, lealt\u00e0 all\u2019istituzione e adesione ai programmi formativi. Pi\u00f9 in dettaglio si propone:<br>\u2022 un miglioramento del rapporto tra Amministrazione e cittadinanza, con pi\u00f9 agevole accesso ai servizi, anche mediante l\u2019utilizzo di avanzate tecnologie informatiche;<br>\u2022 un aggiornamento dei dipendenti per lo sviluppo di nuove competenze;<br>\u2022 lo stabilire un tetto massimo ai compensi per dirigenti e consulenti; ridurre i compensi eccessivi agli \u201cesperti\u201d per operare una equa ridistribuzione verso quei lavoratori di livello inferiore pur con competenze specialistiche;<br>\u2022 nuovi contratti ed eventuale revisione dei vecchi, adeguando benefit, bonus ed automatismi;<br>\u2022 riorganizzazioni e modifiche di mansioni riguardanti i dipendenti, ma sempre gestite coinvolgendo le organizzazioni<br>sindacali;<sup>34<\/sup><br>\u2022 maggiore coinvolgimento dei dirigenti e delle professionalit\u00e0 esistenti, al fine di garantire maggiore efficienza e per ridurre sprechi e diseconomie (nuove ripartizioni ed accorpamenti dei servizi);<br>\u2022 coordinamento tra il settore dei \u201clavori pubblici\u201d, \u201curbanistica\u201d e \u201cpatrimonio\u201d per migliorarne l\u2019efficienza;<br>\u2022 predisposizione di uno specifico settore col compito di controllo dell\u2019evasione fiscale.<br>Qui di seguito si propone un metodo di riorganizzazione di alcune commissioni consigliari meglio integrato.<br>\u2022 Ad esempio, la Commissione Consigliare \u201cedilizia\u201d diventa Commissione \u201cedilizia, territorio e ambiente\u201d<\/p>\n\n\n\n<ul class=\"wp-block-list\"><li>Ad essa partecipa anche l\u2019assessore con delega per l\u2019ambiente accompagnato da un funzionario del Servizio Ambiente del Comune, allo scopo di verificare la coerenza dei progetti con i principi enunciati nel presente programma; l\u2019assessore ed il funzionario hanno inoltre il compito di relazionare, alla Consulta Ambiente, sulle attivit\u00e0 della commissione stessa. In quest\u2019ottica, va riproposta e resa operativa una Consulta Ambiente svincolata dal mandato amministrativo, con durata quinquennale fino alla nuova nomina (non eccedente l\u2019anno<br>dalla sua durata quinquennale). Ne fa parte l\u2019assessore con delega all\u2019ambiente e il funzionario del Servizio Ambiente in qualit\u00e0 di consulente e di verbalizzatore. La Consulta, nei casi ritenuti di interesse, produce documenti ed osservazioni inerenti progetti di interventi strutturali sul territorio da sottoporre alla Commissione Consigliare \u201cedilizia, territorio e ambiente\u201d (e per conoscenza ai Consiglieri Comunali ed alla Giunta) che dovr\u00e0 tenerne conto quali pareri consultivi; compito ulteriore della Consulta Ambiente \u00e8 la verifica, in generale, della coerenza delle azioni di governo con i principi enunciati nel presente programma. Alla Consulta viene affiancato un Servizio Ambiente del Comune, che deve fornire il supporto tecnico-amministrativo alle azioni di governo del territorio. I progetti relativi ad interventi strutturali, indipendentemente dagli aspetti dimensionali, vanno sottoposti all\u2019esame di detto Servizio, ai fini dell\u2019analisi sull\u2019impatto ambientale e della valutazione delle opere di mitigazione, recupero e compensazione (anche per gli interventi pregressi); tali analisi costituiscono pareri obbligatori da sottoporre alla Commissione Consigliare \u201cedilizia, territorio e ambiente\u201d ed alla Consulta Ambiente. Il Servizio coordina le attivit\u00e0 legate alla raccolta rifiuti, al monitoraggio dei parametri di qualit\u00e0 ambientale, alla gestione del verde pubblico ed alla divulgazione e didattica, in collaborazione con la Biblioteca Civica, i quartieri, le associazioni, le scuole, \u2026 Inoltre per una citt\u00e0 come Venaria, a vocazione turistica, non pu\u00f2 mancare un Ufficio per il Turismo in grado di essere punto di convergenza di tutte le proposte ricettive e culturali del territorio, vetrina della citt\u00e0 dell\u2019intera area metropolitana.  In ogni caso, per un corretto sviluppo di quanto sopra illustrato, occorre una programmazione puntuale degli obiettivi. In particolare il PEG (Piano Economico di Gestione) dovrebbe essere uno strumento di lavoro aggiornato dai dirigenti in tempo reale e verificato costantemente dalla politica, dall\u2019esecutivo, dal Sindaco. Il PEG \u00e8 la fotografia fedele di quello che avviene negli uffici (compresi i flussi) in modo da verificare quali sono i servizi sotto stress e quali no. Questo semplice accorgimento, in applicazione della legge, se fatto con approccio corretto potrebbe, gi\u00e0 da solo, consentire una riorganizzazione delle risorse flessibile e tempestiva<br><\/li><\/ul>\n\n\n\n<p class=\"has-text-align-center\"><strong><span class=\"has-inline-color has-accent-color\">Lotta all\u2019evasione fiscale sui tributi di natura comunale<\/span><\/strong><\/p>\n\n\n\n<p>Seguendo le indicazioni di Sergio Mattarella tutti gli operatori sociali devono impegnarsi nella lotta contro la corruzione.<br>\u201cNon sar\u00e0 mai abbastanza sottolineata \u2013 argomenta il Capo dello Stato \u2013 l\u2019alterazione grave che deriva alla vita pubblica, al sistema delle imprese, al soddisfacimento dei bisogni della comunit\u00e0, dal dirottamento fraudolento di risorse verso il mondo parallelo della corruzione\u201d.<br>Assimilabile alla corruzione \u00e8 l\u2019evasione fiscale, tema da troppo tempo tenuto in ombra per paura di perdere voti, e la presenza delle mafie che fanno affari attraverso sistemi di economia sbilanciata.<br>Chi corrompe per avere vantaggi, chi evade il fisco, chi appoggia anche tacitamente le mafie oramai presenti sul territorio, ruba valore e reddito agli altri cittadini e questo in una amministrazione che ha come uno degli obiettivi il bene comune dei cittadini deve essere un principio ispiratore in tutte le decisioni e azioni che saranno intraprese.<br>Lotta all\u2019evasione fiscale significa altrimenti recupero di risorse da destinare al capitolo di bilancio della spesa sociale.<\/p>\n\n\n\n<p><em><sup>34<\/sup> Le riorganizzazioni vanno impostate sulla base di precisi criteri e motivazioni. L\u2019esperienza deve essere valorizzata e le competenze tutelate. Le posizioni organizzative vanno pesate rispetto alle reali situazioni emergenti dal PEG e non con tetti gi\u00e0 fissati e numeri che devono tornare; le lauree, i master e altri titoli vanno valutati in sede di assegnazione, rispetto alla quale deve esserci un confronto tra i partecipanti alla selezione, anche per conferire maggiore credibilit\u00e0 al ruolo. \u00c8 necessario capire chi fa che cosa, e soprattutto si deve riconoscere il lavoro di chi fa quella cosa e non di altri (in coerenza con diverse sentenze della Corte dei Conti).<\/em><\/p>\n","protected":false},"excerpt":{"rendered":"<p>\u00c8 necessario ripensare l\u2019organizzazione degli uffici dell\u2019Ente in un sistema a matrice che da una parte tenga conto del tradizionale piano di suddivisione esistente di ambiti e settore, e dall\u2019altra sia accostato ad una ripartizione per progetti.Sempre pi\u00f9 le politiche pubbliche hanno un impatto trasversale sulle comunit\u00e0 locali, per questo \u00e8 necessario avere anche un [&hellip;]<\/p>\n","protected":false},"author":1,"featured_media":0,"parent":0,"menu_order":0,"comment_status":"closed","ping_status":"closed","template":"","meta":{"footnotes":""},"class_list":["post-776","page","type-page","status-publish","hentry"],"yoast_head":"<!-- This site is optimized with the Yoast SEO plugin v27.4 - https:\/\/yoast.com\/product\/yoast-seo-wordpress\/ -->\n<title>Venaria civica: uffici, trasparenza, fondi UE - SINISTRA CIVICA<\/title>\n<meta name=\"robots\" content=\"index, follow, max-snippet:-1, max-image-preview:large, max-video-preview:-1\" \/>\n<link rel=\"canonical\" href=\"https:\/\/sinistracivica.it\/index.php\/venaria-civica-uffici-trasparenza-fondi-ue\/\" \/>\n<meta property=\"og:locale\" content=\"it_IT\" \/>\n<meta property=\"og:type\" content=\"article\" \/>\n<meta property=\"og:title\" content=\"Venaria civica: uffici, trasparenza, fondi UE - SINISTRA CIVICA\" \/>\n<meta property=\"og:description\" content=\"\u00c8 necessario ripensare l\u2019organizzazione degli uffici dell\u2019Ente in un sistema a matrice che da una parte tenga conto del tradizionale piano di suddivisione esistente di ambiti e settore, e dall\u2019altra sia accostato ad una ripartizione per progetti.Sempre pi\u00f9 le politiche pubbliche hanno un impatto trasversale sulle comunit\u00e0 locali, per questo \u00e8 necessario avere anche un [&hellip;]\" \/>\n<meta property=\"og:url\" content=\"https:\/\/sinistracivica.it\/index.php\/venaria-civica-uffici-trasparenza-fondi-ue\/\" \/>\n<meta property=\"og:site_name\" content=\"SINISTRA CIVICA\" \/>\n<meta property=\"article:modified_time\" content=\"2020-08-14T23:05:31+00:00\" \/>\n<meta name=\"twitter:card\" content=\"summary_large_image\" \/>\n<meta name=\"twitter:label1\" content=\"Tempo di lettura stimato\" \/>\n\t<meta name=\"twitter:data1\" content=\"6 minuti\" \/>\n<script type=\"application\/ld+json\" class=\"yoast-schema-graph\">{\"@context\":\"https:\\\/\\\/schema.org\",\"@graph\":[{\"@type\":\"WebPage\",\"@id\":\"https:\\\/\\\/sinistracivica.it\\\/index.php\\\/venaria-civica-uffici-trasparenza-fondi-ue\\\/\",\"url\":\"https:\\\/\\\/sinistracivica.it\\\/index.php\\\/venaria-civica-uffici-trasparenza-fondi-ue\\\/\",\"name\":\"Venaria civica: uffici, trasparenza, fondi UE - SINISTRA CIVICA\",\"isPartOf\":{\"@id\":\"https:\\\/\\\/sinistracivica.it\\\/#website\"},\"datePublished\":\"2020-08-14T23:05:30+00:00\",\"dateModified\":\"2020-08-14T23:05:31+00:00\",\"breadcrumb\":{\"@id\":\"https:\\\/\\\/sinistracivica.it\\\/index.php\\\/venaria-civica-uffici-trasparenza-fondi-ue\\\/#breadcrumb\"},\"inLanguage\":\"it-IT\",\"potentialAction\":[{\"@type\":\"ReadAction\",\"target\":[\"https:\\\/\\\/sinistracivica.it\\\/index.php\\\/venaria-civica-uffici-trasparenza-fondi-ue\\\/\"]}]},{\"@type\":\"BreadcrumbList\",\"@id\":\"https:\\\/\\\/sinistracivica.it\\\/index.php\\\/venaria-civica-uffici-trasparenza-fondi-ue\\\/#breadcrumb\",\"itemListElement\":[{\"@type\":\"ListItem\",\"position\":1,\"name\":\"Home\",\"item\":\"https:\\\/\\\/sinistracivica.it\\\/\"},{\"@type\":\"ListItem\",\"position\":2,\"name\":\"Venaria civica: uffici, trasparenza, fondi UE\"}]},{\"@type\":\"WebSite\",\"@id\":\"https:\\\/\\\/sinistracivica.it\\\/#website\",\"url\":\"https:\\\/\\\/sinistracivica.it\\\/\",\"name\":\"SINISTRA CIVICA\",\"description\":\"\",\"publisher\":{\"@id\":\"https:\\\/\\\/sinistracivica.it\\\/#organization\"},\"potentialAction\":[{\"@type\":\"SearchAction\",\"target\":{\"@type\":\"EntryPoint\",\"urlTemplate\":\"https:\\\/\\\/sinistracivica.it\\\/?s={search_term_string}\"},\"query-input\":{\"@type\":\"PropertyValueSpecification\",\"valueRequired\":true,\"valueName\":\"search_term_string\"}}],\"inLanguage\":\"it-IT\"},{\"@type\":\"Organization\",\"@id\":\"https:\\\/\\\/sinistracivica.it\\\/#organization\",\"name\":\"SINISTRA CIVICA\",\"url\":\"https:\\\/\\\/sinistracivica.it\\\/\",\"logo\":{\"@type\":\"ImageObject\",\"inLanguage\":\"it-IT\",\"@id\":\"https:\\\/\\\/sinistracivica.it\\\/#\\\/schema\\\/logo\\\/image\\\/\",\"url\":\"https:\\\/\\\/sinistracivica.it\\\/wp-content\\\/uploads\\\/2021\\\/01\\\/cropped-Logo_ok.png\",\"contentUrl\":\"https:\\\/\\\/sinistracivica.it\\\/wp-content\\\/uploads\\\/2021\\\/01\\\/cropped-Logo_ok.png\",\"width\":512,\"height\":512,\"caption\":\"SINISTRA  CIVICA\"},\"image\":{\"@id\":\"https:\\\/\\\/sinistracivica.it\\\/#\\\/schema\\\/logo\\\/image\\\/\"}}]}<\/script>\n<!-- \/ Yoast SEO plugin. -->","yoast_head_json":{"title":"Venaria civica: uffici, trasparenza, fondi UE - SINISTRA CIVICA","robots":{"index":"index","follow":"follow","max-snippet":"max-snippet:-1","max-image-preview":"max-image-preview:large","max-video-preview":"max-video-preview:-1"},"canonical":"https:\/\/sinistracivica.it\/index.php\/venaria-civica-uffici-trasparenza-fondi-ue\/","og_locale":"it_IT","og_type":"article","og_title":"Venaria civica: uffici, trasparenza, fondi UE - SINISTRA CIVICA","og_description":"\u00c8 necessario ripensare l\u2019organizzazione degli uffici dell\u2019Ente in un sistema a matrice che da una parte tenga conto del tradizionale piano di suddivisione esistente di ambiti e settore, e dall\u2019altra sia accostato ad una ripartizione per progetti.Sempre pi\u00f9 le politiche pubbliche hanno un impatto trasversale sulle comunit\u00e0 locali, per questo \u00e8 necessario avere anche un [&hellip;]","og_url":"https:\/\/sinistracivica.it\/index.php\/venaria-civica-uffici-trasparenza-fondi-ue\/","og_site_name":"SINISTRA CIVICA","article_modified_time":"2020-08-14T23:05:31+00:00","twitter_card":"summary_large_image","twitter_misc":{"Tempo di lettura stimato":"6 minuti"},"schema":{"@context":"https:\/\/schema.org","@graph":[{"@type":"WebPage","@id":"https:\/\/sinistracivica.it\/index.php\/venaria-civica-uffici-trasparenza-fondi-ue\/","url":"https:\/\/sinistracivica.it\/index.php\/venaria-civica-uffici-trasparenza-fondi-ue\/","name":"Venaria civica: uffici, trasparenza, fondi UE - SINISTRA CIVICA","isPartOf":{"@id":"https:\/\/sinistracivica.it\/#website"},"datePublished":"2020-08-14T23:05:30+00:00","dateModified":"2020-08-14T23:05:31+00:00","breadcrumb":{"@id":"https:\/\/sinistracivica.it\/index.php\/venaria-civica-uffici-trasparenza-fondi-ue\/#breadcrumb"},"inLanguage":"it-IT","potentialAction":[{"@type":"ReadAction","target":["https:\/\/sinistracivica.it\/index.php\/venaria-civica-uffici-trasparenza-fondi-ue\/"]}]},{"@type":"BreadcrumbList","@id":"https:\/\/sinistracivica.it\/index.php\/venaria-civica-uffici-trasparenza-fondi-ue\/#breadcrumb","itemListElement":[{"@type":"ListItem","position":1,"name":"Home","item":"https:\/\/sinistracivica.it\/"},{"@type":"ListItem","position":2,"name":"Venaria civica: uffici, trasparenza, fondi UE"}]},{"@type":"WebSite","@id":"https:\/\/sinistracivica.it\/#website","url":"https:\/\/sinistracivica.it\/","name":"SINISTRA CIVICA","description":"","publisher":{"@id":"https:\/\/sinistracivica.it\/#organization"},"potentialAction":[{"@type":"SearchAction","target":{"@type":"EntryPoint","urlTemplate":"https:\/\/sinistracivica.it\/?s={search_term_string}"},"query-input":{"@type":"PropertyValueSpecification","valueRequired":true,"valueName":"search_term_string"}}],"inLanguage":"it-IT"},{"@type":"Organization","@id":"https:\/\/sinistracivica.it\/#organization","name":"SINISTRA CIVICA","url":"https:\/\/sinistracivica.it\/","logo":{"@type":"ImageObject","inLanguage":"it-IT","@id":"https:\/\/sinistracivica.it\/#\/schema\/logo\/image\/","url":"https:\/\/sinistracivica.it\/wp-content\/uploads\/2021\/01\/cropped-Logo_ok.png","contentUrl":"https:\/\/sinistracivica.it\/wp-content\/uploads\/2021\/01\/cropped-Logo_ok.png","width":512,"height":512,"caption":"SINISTRA  CIVICA"},"image":{"@id":"https:\/\/sinistracivica.it\/#\/schema\/logo\/image\/"}}]}},"_links":{"self":[{"href":"https:\/\/sinistracivica.it\/index.php\/wp-json\/wp\/v2\/pages\/776","targetHints":{"allow":["GET"]}}],"collection":[{"href":"https:\/\/sinistracivica.it\/index.php\/wp-json\/wp\/v2\/pages"}],"about":[{"href":"https:\/\/sinistracivica.it\/index.php\/wp-json\/wp\/v2\/types\/page"}],"author":[{"embeddable":true,"href":"https:\/\/sinistracivica.it\/index.php\/wp-json\/wp\/v2\/users\/1"}],"replies":[{"embeddable":true,"href":"https:\/\/sinistracivica.it\/index.php\/wp-json\/wp\/v2\/comments?post=776"}],"version-history":[{"count":1,"href":"https:\/\/sinistracivica.it\/index.php\/wp-json\/wp\/v2\/pages\/776\/revisions"}],"predecessor-version":[{"id":780,"href":"https:\/\/sinistracivica.it\/index.php\/wp-json\/wp\/v2\/pages\/776\/revisions\/780"}],"wp:attachment":[{"href":"https:\/\/sinistracivica.it\/index.php\/wp-json\/wp\/v2\/media?parent=776"}],"curies":[{"name":"wp","href":"https:\/\/api.w.org\/{rel}","templated":true}]}}