{"id":729,"date":"2020-08-13T21:10:36","date_gmt":"2020-08-13T21:10:36","guid":{"rendered":"https:\/\/sinistracivica.it\/?page_id=729"},"modified":"2020-08-14T23:49:26","modified_gmt":"2020-08-14T23:49:26","slug":"il-progetto-civico-venaria-noslogan","status":"publish","type":"page","link":"https:\/\/sinistracivica.it\/index.php\/il-progetto-civico-venaria-noslogan\/","title":{"rendered":"Il progetto civico: VENARIA noslogan"},"content":{"rendered":"\n<p><span style=\"color:#0043d3\" class=\"has-inline-color\">Questi sono i valori fondanti, l\u2019approccio e il metodo del Progetto civico per Venaria. Presupposti che qualificano e caratterizzano il nostro agire e schema-guida di riferimento delle singole proposte tematiche per settore di competenza.<br>Venaria \u00e8 il progetto. Venaria \u00e8 l\u2019obiettivo. No slogan vuoti che propongono e promettono soluzioni rapide e facili a problemi complessi che invece richiedono studio, ascolto, mediazione e conseguente capacit\u00e0 di proporre politiche concrete e credibili.<br>Riteniamo che l\u2019alleanza di comunit\u00e0 sia una possibile via per decodificare la complessit\u00e0 dei sistemi sociali in cui viviamo, e ricercare insieme le buone pratiche da attuare, dove il Comune svolge il ruolo di facilitatore nell\u2019attivazioni delle reti sociali che compongono la comunit\u00e0 stessa.<br>Tale assunto sembra ancora pi\u00f9 valido oggi, alla luce dell\u2019unicit\u00e0 del momento attuale, legato all\u2019epidemia COVID. \u00c8 necessaria una riflessione accurata, anche in questo caso, oltre gli slogan \u201cnulla sar\u00e0 come prima\u201d o \u201ctutto potrebbe tornare come prima\u201d. Abbiamo l\u2019obbligo di ripensare le nostre comunit\u00e0, il sistema di welfare, i tempi di<br>lavoro, e forse pi\u00f9 in generale la socialit\u00e0 e le relazioni sociali.<br>Questa riflessione non pu\u00f2 che avvenire all\u2019interno di un pensiero comune, per essere ricca di contributi e foriera di nuovi spunti. Anche se, in questo senso \u00e8 davvero difficile, se non impossibile, fare previsioni, rispetto a scenari che potrebbero variare nel giro di pochi mesi.<br>Le Istituzioni sono chiamate a fare la propria parte e agli Enti Locali, in modo particolare, spetta l\u2019arduo compito di intercettare il mutamento sociale in corso per intervenire di conseguenza.<br>Il presente programma ha l\u2019ambizione di rappresentare una traccia di lavoro, che necessita di un confronto\/incontro costante con le parti costituenti la comunit\u00e0 (cittadini singoli e associati, enti e parti sociali, scuole e imprese) per trasformarsi in provvedimenti operativi e azioni concrete per il benessere comune.<br>Con questa idea, nelle pagine seguenti abbiamo indicato, per ciascuno ambito d\u2019intervento, alcune proposte per aprire la discussione e co-costruire insieme proposte politiche condivise, concrete e realizzabili.<br>In questo senso il nostro programma si muove secondo due direttrici che si integrano e si completano, identificando i diversi livelli di priorit\u00e0. Da una parte l\u2019attenzione ai bisogni di base della comunit\u00e0, ripristinando anche alcune situazioni deteriorate. Per quanto riguarda i beni, avranno priorit\u00e0 alta gli interventi inerenti le manutenzioni degli edifici pubblici e delle strade, il decoro urbano, il verde pubblico, il funzionamento ordinario dell\u2019Ente che sia efficiente e tempestivo rispetto alle richieste ricevute. Per quanto riguarda i servizi, prioritari saranno il monitoraggio di<br>quelli sanitari e i servizi alla persona (casa, lavoro, assistenza, situazioni di fragilit\u00e0 e disagio).<br>Nel contempo, crediamo che non sia pi\u00f9 il tempo politiche locali di basso cabotaggio e non vogliamo rinunciare ad avere una visione di prospettiva per la Citt\u00e0, sia per portare a compimento la trasformazione avvenuta con l\u2019apertura della Reggia ma rimasta incompleta rispetto alla vocazione della citt\u00e0 stessa (il borgo antico, gli assi commerciali, le aree in disuso, il commercio e il turismo), sia per ri-pensare gli spazi, i luoghi, i servizi di ogni quartiere.<\/span><\/p>\n","protected":false},"excerpt":{"rendered":"<p>Questi sono i valori fondanti, l\u2019approccio e il metodo del Progetto civico per Venaria. Presupposti che qualificano e caratterizzano il nostro agire e schema-guida di riferimento delle singole proposte tematiche per settore di competenza.Venaria \u00e8 il progetto. Venaria \u00e8 l\u2019obiettivo. No slogan vuoti che propongono e promettono soluzioni rapide e facili a problemi complessi che [&hellip;]<\/p>\n","protected":false},"author":1,"featured_media":0,"parent":0,"menu_order":0,"comment_status":"closed","ping_status":"closed","template":"","meta":{"footnotes":""},"class_list":["post-729","page","type-page","status-publish","hentry"],"yoast_head":"<!-- This site is optimized with the Yoast SEO plugin v27.4 - https:\/\/yoast.com\/product\/yoast-seo-wordpress\/ -->\n<title>Il progetto civico: VENARIA noslogan - SINISTRA CIVICA<\/title>\n<meta name=\"robots\" content=\"index, follow, max-snippet:-1, max-image-preview:large, max-video-preview:-1\" \/>\n<link rel=\"canonical\" href=\"https:\/\/sinistracivica.it\/index.php\/il-progetto-civico-venaria-noslogan\/\" \/>\n<meta property=\"og:locale\" content=\"it_IT\" \/>\n<meta property=\"og:type\" content=\"article\" \/>\n<meta property=\"og:title\" content=\"Il progetto civico: VENARIA noslogan - SINISTRA CIVICA\" \/>\n<meta property=\"og:description\" content=\"Questi sono i valori fondanti, l\u2019approccio e il metodo del Progetto civico per Venaria. Presupposti che qualificano e caratterizzano il nostro agire e schema-guida di riferimento delle singole proposte tematiche per settore di competenza.Venaria \u00e8 il progetto. Venaria \u00e8 l\u2019obiettivo. No slogan vuoti che propongono e promettono soluzioni rapide e facili a problemi complessi che [&hellip;]\" \/>\n<meta property=\"og:url\" content=\"https:\/\/sinistracivica.it\/index.php\/il-progetto-civico-venaria-noslogan\/\" \/>\n<meta property=\"og:site_name\" content=\"SINISTRA CIVICA\" \/>\n<meta property=\"article:modified_time\" content=\"2020-08-14T23:49:26+00:00\" \/>\n<meta name=\"twitter:card\" content=\"summary_large_image\" \/>\n<meta name=\"twitter:label1\" content=\"Tempo di lettura stimato\" \/>\n\t<meta name=\"twitter:data1\" content=\"3 minuti\" \/>\n<script type=\"application\/ld+json\" class=\"yoast-schema-graph\">{\"@context\":\"https:\\\/\\\/schema.org\",\"@graph\":[{\"@type\":\"WebPage\",\"@id\":\"https:\\\/\\\/sinistracivica.it\\\/index.php\\\/il-progetto-civico-venaria-noslogan\\\/\",\"url\":\"https:\\\/\\\/sinistracivica.it\\\/index.php\\\/il-progetto-civico-venaria-noslogan\\\/\",\"name\":\"Il progetto civico: VENARIA noslogan - SINISTRA CIVICA\",\"isPartOf\":{\"@id\":\"https:\\\/\\\/sinistracivica.it\\\/#website\"},\"datePublished\":\"2020-08-13T21:10:36+00:00\",\"dateModified\":\"2020-08-14T23:49:26+00:00\",\"breadcrumb\":{\"@id\":\"https:\\\/\\\/sinistracivica.it\\\/index.php\\\/il-progetto-civico-venaria-noslogan\\\/#breadcrumb\"},\"inLanguage\":\"it-IT\",\"potentialAction\":[{\"@type\":\"ReadAction\",\"target\":[\"https:\\\/\\\/sinistracivica.it\\\/index.php\\\/il-progetto-civico-venaria-noslogan\\\/\"]}]},{\"@type\":\"BreadcrumbList\",\"@id\":\"https:\\\/\\\/sinistracivica.it\\\/index.php\\\/il-progetto-civico-venaria-noslogan\\\/#breadcrumb\",\"itemListElement\":[{\"@type\":\"ListItem\",\"position\":1,\"name\":\"Home\",\"item\":\"https:\\\/\\\/sinistracivica.it\\\/\"},{\"@type\":\"ListItem\",\"position\":2,\"name\":\"Il progetto civico: VENARIA noslogan\"}]},{\"@type\":\"WebSite\",\"@id\":\"https:\\\/\\\/sinistracivica.it\\\/#website\",\"url\":\"https:\\\/\\\/sinistracivica.it\\\/\",\"name\":\"SINISTRA CIVICA\",\"description\":\"\",\"publisher\":{\"@id\":\"https:\\\/\\\/sinistracivica.it\\\/#organization\"},\"potentialAction\":[{\"@type\":\"SearchAction\",\"target\":{\"@type\":\"EntryPoint\",\"urlTemplate\":\"https:\\\/\\\/sinistracivica.it\\\/?s={search_term_string}\"},\"query-input\":{\"@type\":\"PropertyValueSpecification\",\"valueRequired\":true,\"valueName\":\"search_term_string\"}}],\"inLanguage\":\"it-IT\"},{\"@type\":\"Organization\",\"@id\":\"https:\\\/\\\/sinistracivica.it\\\/#organization\",\"name\":\"SINISTRA CIVICA\",\"url\":\"https:\\\/\\\/sinistracivica.it\\\/\",\"logo\":{\"@type\":\"ImageObject\",\"inLanguage\":\"it-IT\",\"@id\":\"https:\\\/\\\/sinistracivica.it\\\/#\\\/schema\\\/logo\\\/image\\\/\",\"url\":\"https:\\\/\\\/sinistracivica.it\\\/wp-content\\\/uploads\\\/2021\\\/01\\\/cropped-Logo_ok.png\",\"contentUrl\":\"https:\\\/\\\/sinistracivica.it\\\/wp-content\\\/uploads\\\/2021\\\/01\\\/cropped-Logo_ok.png\",\"width\":512,\"height\":512,\"caption\":\"SINISTRA  CIVICA\"},\"image\":{\"@id\":\"https:\\\/\\\/sinistracivica.it\\\/#\\\/schema\\\/logo\\\/image\\\/\"}}]}<\/script>\n<!-- \/ Yoast SEO plugin. -->","yoast_head_json":{"title":"Il progetto civico: VENARIA noslogan - SINISTRA CIVICA","robots":{"index":"index","follow":"follow","max-snippet":"max-snippet:-1","max-image-preview":"max-image-preview:large","max-video-preview":"max-video-preview:-1"},"canonical":"https:\/\/sinistracivica.it\/index.php\/il-progetto-civico-venaria-noslogan\/","og_locale":"it_IT","og_type":"article","og_title":"Il progetto civico: VENARIA noslogan - SINISTRA CIVICA","og_description":"Questi sono i valori fondanti, l\u2019approccio e il metodo del Progetto civico per Venaria. Presupposti che qualificano e caratterizzano il nostro agire e schema-guida di riferimento delle singole proposte tematiche per settore di competenza.Venaria \u00e8 il progetto. Venaria \u00e8 l\u2019obiettivo. No slogan vuoti che propongono e promettono soluzioni rapide e facili a problemi complessi che [&hellip;]","og_url":"https:\/\/sinistracivica.it\/index.php\/il-progetto-civico-venaria-noslogan\/","og_site_name":"SINISTRA CIVICA","article_modified_time":"2020-08-14T23:49:26+00:00","twitter_card":"summary_large_image","twitter_misc":{"Tempo di lettura stimato":"3 minuti"},"schema":{"@context":"https:\/\/schema.org","@graph":[{"@type":"WebPage","@id":"https:\/\/sinistracivica.it\/index.php\/il-progetto-civico-venaria-noslogan\/","url":"https:\/\/sinistracivica.it\/index.php\/il-progetto-civico-venaria-noslogan\/","name":"Il progetto civico: VENARIA noslogan - SINISTRA CIVICA","isPartOf":{"@id":"https:\/\/sinistracivica.it\/#website"},"datePublished":"2020-08-13T21:10:36+00:00","dateModified":"2020-08-14T23:49:26+00:00","breadcrumb":{"@id":"https:\/\/sinistracivica.it\/index.php\/il-progetto-civico-venaria-noslogan\/#breadcrumb"},"inLanguage":"it-IT","potentialAction":[{"@type":"ReadAction","target":["https:\/\/sinistracivica.it\/index.php\/il-progetto-civico-venaria-noslogan\/"]}]},{"@type":"BreadcrumbList","@id":"https:\/\/sinistracivica.it\/index.php\/il-progetto-civico-venaria-noslogan\/#breadcrumb","itemListElement":[{"@type":"ListItem","position":1,"name":"Home","item":"https:\/\/sinistracivica.it\/"},{"@type":"ListItem","position":2,"name":"Il progetto civico: VENARIA noslogan"}]},{"@type":"WebSite","@id":"https:\/\/sinistracivica.it\/#website","url":"https:\/\/sinistracivica.it\/","name":"SINISTRA CIVICA","description":"","publisher":{"@id":"https:\/\/sinistracivica.it\/#organization"},"potentialAction":[{"@type":"SearchAction","target":{"@type":"EntryPoint","urlTemplate":"https:\/\/sinistracivica.it\/?s={search_term_string}"},"query-input":{"@type":"PropertyValueSpecification","valueRequired":true,"valueName":"search_term_string"}}],"inLanguage":"it-IT"},{"@type":"Organization","@id":"https:\/\/sinistracivica.it\/#organization","name":"SINISTRA CIVICA","url":"https:\/\/sinistracivica.it\/","logo":{"@type":"ImageObject","inLanguage":"it-IT","@id":"https:\/\/sinistracivica.it\/#\/schema\/logo\/image\/","url":"https:\/\/sinistracivica.it\/wp-content\/uploads\/2021\/01\/cropped-Logo_ok.png","contentUrl":"https:\/\/sinistracivica.it\/wp-content\/uploads\/2021\/01\/cropped-Logo_ok.png","width":512,"height":512,"caption":"SINISTRA  CIVICA"},"image":{"@id":"https:\/\/sinistracivica.it\/#\/schema\/logo\/image\/"}}]}},"_links":{"self":[{"href":"https:\/\/sinistracivica.it\/index.php\/wp-json\/wp\/v2\/pages\/729","targetHints":{"allow":["GET"]}}],"collection":[{"href":"https:\/\/sinistracivica.it\/index.php\/wp-json\/wp\/v2\/pages"}],"about":[{"href":"https:\/\/sinistracivica.it\/index.php\/wp-json\/wp\/v2\/types\/page"}],"author":[{"embeddable":true,"href":"https:\/\/sinistracivica.it\/index.php\/wp-json\/wp\/v2\/users\/1"}],"replies":[{"embeddable":true,"href":"https:\/\/sinistracivica.it\/index.php\/wp-json\/wp\/v2\/comments?post=729"}],"version-history":[{"count":2,"href":"https:\/\/sinistracivica.it\/index.php\/wp-json\/wp\/v2\/pages\/729\/revisions"}],"predecessor-version":[{"id":798,"href":"https:\/\/sinistracivica.it\/index.php\/wp-json\/wp\/v2\/pages\/729\/revisions\/798"}],"wp:attachment":[{"href":"https:\/\/sinistracivica.it\/index.php\/wp-json\/wp\/v2\/media?parent=729"}],"curies":[{"name":"wp","href":"https:\/\/api.w.org\/{rel}","templated":true}]}}