{"id":719,"date":"2020-08-13T21:04:37","date_gmt":"2020-08-13T21:04:37","guid":{"rendered":"https:\/\/sinistracivica.it\/?page_id=719"},"modified":"2020-08-14T23:44:57","modified_gmt":"2020-08-14T23:44:57","slug":"il-contesto-politico-e-normativo-di-riferimento-2","status":"publish","type":"page","link":"https:\/\/sinistracivica.it\/index.php\/il-contesto-politico-e-normativo-di-riferimento-2\/","title":{"rendered":"Il contesto politico e normativo di riferimento"},"content":{"rendered":"\n<p><span style=\"color:#0043d3\" class=\"has-inline-color\">Il contesto politico e normativo di riferimento<br>L\u2019agenda 2030 rappresenta il documento principale riconosciuto dalla comunit\u00e0 internazionale, cui si ispirano le<br>politiche pubbliche dei governi, nonch\u00e9 la stessa Unione Europea. Anche l\u2019Italia ha recepito gli indirizzi contenuti<br>nelle diverse disposizioni normative. Gi\u00e0 nel 2016, si leggeva nel DPEF che \u201cl\u2019esperienza del monitoraggio delle<br>politiche pubbliche attraverso gli indicatori di benessere si irrobustisce secondo il percorso indicato dalla Legge di<br>bilancio (163 del 2016). Per il secondo anno \u00e8 stata presentata la Relazione al Parlamento sugli indicatori Bes (febbraio<br>2019) che contiene una prima valutazione dei possibili effetti della legge di bilancio sugli indicatori di benessere.<br>La serie storica dei 12 indicatori in linea con gli obiettivi del millennio\u201d.<br>Nel nostro Paese, il livello di raggiungimento dei 17 obiettivi di sviluppo sostenibili3 viene misurato con l\u2019aiuto di<br>un rapporto dell\u2019ISTAT, denominato Rapporto BES benessere equo e sostenibile . Infatti, non \u00e8 pi\u00f9 solo la crescita<br>economica ad indicare il grado di sviluppo raggiunto ma il pi\u00f9 ampio ed onnicomprensivo concetto di benessere,<br>misurato attraverso un sistema di indicatori in grado di misurare l\u2019evoluzione del benessere nelle sue diverse dimensioni,<br>in linea con gli obiettivi dell\u2019Agenda e declinati in 12 ambiti di osservazioni, con una particolare attenzione alle<br>differenze territoriali, per genere e generazione.<br>Il contesto delineato dall\u2019insieme dei Rapporti esaminati rappresenta il quadro di riferimento in cui si inseriscono<br>le linee programmatiche del Governo italiano e delle diverse Amministrazioni regionali, improntate ad affrontare la<br>sfida di una nuova stagione che faccia dell\u2019Agenda 2030 sullo sviluppo sostenibile il suo punto di forza.<\/span><\/p>\n\n\n\n<p><span style=\"color:#0043d3\" class=\"has-inline-color\">Il nostro programma si inserisce nel contesto normativo delineato, contestualizzando il nostro agire all\u2019interno<br>di uno scenario di interconnessione che collega il locale al globale.<br>Il contesto descritto, oltre all\u2019ancoraggio normativo, suggerisce la necessit\u00e0 di fondare le politiche pubbliche sulla<br>base di indicatori oggettivi al fine di aggiornare\/correggere, sia in corso sia ex post, le scelte adottate. Al contrario,<br>spesso la politica locale si nutre pi\u00f9 della somma\/sintesi di indicatori da percezione di chi abita il territorio, non supportati<br>da dati reali.<br>Il nostro progetto si propone di capovolgere tale logica, senza rinunciare al dato di esperienza del vissuto ma<br>integrato da dati con indicatori misurabili, in grado di definire i bisogni della comunit\u00e0, per compiere scelte consapevoli,<br>prudenti e oculate.<\/span><\/p>\n\n\n\n<hr class=\"wp-block-separator\"\/>\n\n\n\n<p>1. <a rel=\"noreferrer noopener\" href=\"https:\/\/unric.org\/it\/agenda-2030\/\" target=\"_blank\">https:\/\/unric.org\/it\/agenda-2030\/<\/a><br>2.<a href=\"https:\/\/www.ires.piemonte.it\/relazione2019\/RelazioneAnnuale2019_WEB.pdf\">https:\/\/www.ires.piemonte.it\/<\/a><a href=\"https:\/\/www.ires.piemonte.it\/relazione2019\/RelazioneAnnuale2019_WEB.pdf\" target=\"_blank\" rel=\"noreferrer noopener\">relazione2019<\/a><a href=\"https:\/\/www.ires.piemonte.it\/relazione2019\/RelazioneAnnuale2019_WEB.pdf\">\/RelazioneAnnuale2019_WEB.pdf<\/a><br>3 <a href=\"https:\/\/www.istat.it\/it\/archivio\/236714\" target=\"_blank\" rel=\"noreferrer noopener\">https:\/\/www.istat.it\/it\/archivio\/236714<\/a><\/p>\n","protected":false},"excerpt":{"rendered":"<p>Il contesto politico e normativo di riferimentoL\u2019agenda 2030 rappresenta il documento principale riconosciuto dalla comunit\u00e0 internazionale, cui si ispirano lepolitiche pubbliche dei governi, nonch\u00e9 la stessa Unione Europea. Anche l\u2019Italia ha recepito gli indirizzi contenutinelle diverse disposizioni normative. Gi\u00e0 nel 2016, si leggeva nel DPEF che \u201cl\u2019esperienza del monitoraggio dellepolitiche pubbliche attraverso gli indicatori di [&hellip;]<\/p>\n","protected":false},"author":1,"featured_media":0,"parent":0,"menu_order":0,"comment_status":"closed","ping_status":"closed","template":"","meta":{"footnotes":""},"class_list":["post-719","page","type-page","status-publish","hentry"],"yoast_head":"<!-- This site is optimized with the Yoast SEO plugin v27.4 - https:\/\/yoast.com\/product\/yoast-seo-wordpress\/ -->\n<title>Il contesto politico e normativo di riferimento - SINISTRA CIVICA<\/title>\n<meta name=\"robots\" content=\"index, follow, max-snippet:-1, max-image-preview:large, max-video-preview:-1\" \/>\n<link rel=\"canonical\" href=\"https:\/\/sinistracivica.it\/index.php\/il-contesto-politico-e-normativo-di-riferimento-2\/\" \/>\n<meta property=\"og:locale\" content=\"it_IT\" \/>\n<meta property=\"og:type\" content=\"article\" \/>\n<meta property=\"og:title\" content=\"Il contesto politico e normativo di riferimento - SINISTRA CIVICA\" \/>\n<meta property=\"og:description\" content=\"Il contesto politico e normativo di riferimentoL\u2019agenda 2030 rappresenta il documento principale riconosciuto dalla comunit\u00e0 internazionale, cui si ispirano lepolitiche pubbliche dei governi, nonch\u00e9 la stessa Unione Europea. Anche l\u2019Italia ha recepito gli indirizzi contenutinelle diverse disposizioni normative. Gi\u00e0 nel 2016, si leggeva nel DPEF che \u201cl\u2019esperienza del monitoraggio dellepolitiche pubbliche attraverso gli indicatori di [&hellip;]\" \/>\n<meta property=\"og:url\" content=\"https:\/\/sinistracivica.it\/index.php\/il-contesto-politico-e-normativo-di-riferimento-2\/\" \/>\n<meta property=\"og:site_name\" content=\"SINISTRA CIVICA\" \/>\n<meta property=\"article:modified_time\" content=\"2020-08-14T23:44:57+00:00\" \/>\n<meta name=\"twitter:card\" content=\"summary_large_image\" \/>\n<meta name=\"twitter:label1\" content=\"Tempo di lettura stimato\" \/>\n\t<meta name=\"twitter:data1\" content=\"2 minuti\" \/>\n<script type=\"application\/ld+json\" class=\"yoast-schema-graph\">{\"@context\":\"https:\\\/\\\/schema.org\",\"@graph\":[{\"@type\":\"WebPage\",\"@id\":\"https:\\\/\\\/sinistracivica.it\\\/index.php\\\/il-contesto-politico-e-normativo-di-riferimento-2\\\/\",\"url\":\"https:\\\/\\\/sinistracivica.it\\\/index.php\\\/il-contesto-politico-e-normativo-di-riferimento-2\\\/\",\"name\":\"Il contesto politico e normativo di riferimento - SINISTRA CIVICA\",\"isPartOf\":{\"@id\":\"https:\\\/\\\/sinistracivica.it\\\/#website\"},\"datePublished\":\"2020-08-13T21:04:37+00:00\",\"dateModified\":\"2020-08-14T23:44:57+00:00\",\"breadcrumb\":{\"@id\":\"https:\\\/\\\/sinistracivica.it\\\/index.php\\\/il-contesto-politico-e-normativo-di-riferimento-2\\\/#breadcrumb\"},\"inLanguage\":\"it-IT\",\"potentialAction\":[{\"@type\":\"ReadAction\",\"target\":[\"https:\\\/\\\/sinistracivica.it\\\/index.php\\\/il-contesto-politico-e-normativo-di-riferimento-2\\\/\"]}]},{\"@type\":\"BreadcrumbList\",\"@id\":\"https:\\\/\\\/sinistracivica.it\\\/index.php\\\/il-contesto-politico-e-normativo-di-riferimento-2\\\/#breadcrumb\",\"itemListElement\":[{\"@type\":\"ListItem\",\"position\":1,\"name\":\"Home\",\"item\":\"https:\\\/\\\/sinistracivica.it\\\/\"},{\"@type\":\"ListItem\",\"position\":2,\"name\":\"Il contesto politico e normativo di riferimento\"}]},{\"@type\":\"WebSite\",\"@id\":\"https:\\\/\\\/sinistracivica.it\\\/#website\",\"url\":\"https:\\\/\\\/sinistracivica.it\\\/\",\"name\":\"SINISTRA CIVICA\",\"description\":\"\",\"publisher\":{\"@id\":\"https:\\\/\\\/sinistracivica.it\\\/#organization\"},\"potentialAction\":[{\"@type\":\"SearchAction\",\"target\":{\"@type\":\"EntryPoint\",\"urlTemplate\":\"https:\\\/\\\/sinistracivica.it\\\/?s={search_term_string}\"},\"query-input\":{\"@type\":\"PropertyValueSpecification\",\"valueRequired\":true,\"valueName\":\"search_term_string\"}}],\"inLanguage\":\"it-IT\"},{\"@type\":\"Organization\",\"@id\":\"https:\\\/\\\/sinistracivica.it\\\/#organization\",\"name\":\"SINISTRA CIVICA\",\"url\":\"https:\\\/\\\/sinistracivica.it\\\/\",\"logo\":{\"@type\":\"ImageObject\",\"inLanguage\":\"it-IT\",\"@id\":\"https:\\\/\\\/sinistracivica.it\\\/#\\\/schema\\\/logo\\\/image\\\/\",\"url\":\"https:\\\/\\\/sinistracivica.it\\\/wp-content\\\/uploads\\\/2021\\\/01\\\/cropped-Logo_ok.png\",\"contentUrl\":\"https:\\\/\\\/sinistracivica.it\\\/wp-content\\\/uploads\\\/2021\\\/01\\\/cropped-Logo_ok.png\",\"width\":512,\"height\":512,\"caption\":\"SINISTRA  CIVICA\"},\"image\":{\"@id\":\"https:\\\/\\\/sinistracivica.it\\\/#\\\/schema\\\/logo\\\/image\\\/\"}}]}<\/script>\n<!-- \/ Yoast SEO plugin. -->","yoast_head_json":{"title":"Il contesto politico e normativo di riferimento - SINISTRA CIVICA","robots":{"index":"index","follow":"follow","max-snippet":"max-snippet:-1","max-image-preview":"max-image-preview:large","max-video-preview":"max-video-preview:-1"},"canonical":"https:\/\/sinistracivica.it\/index.php\/il-contesto-politico-e-normativo-di-riferimento-2\/","og_locale":"it_IT","og_type":"article","og_title":"Il contesto politico e normativo di riferimento - SINISTRA CIVICA","og_description":"Il contesto politico e normativo di riferimentoL\u2019agenda 2030 rappresenta il documento principale riconosciuto dalla comunit\u00e0 internazionale, cui si ispirano lepolitiche pubbliche dei governi, nonch\u00e9 la stessa Unione Europea. Anche l\u2019Italia ha recepito gli indirizzi contenutinelle diverse disposizioni normative. Gi\u00e0 nel 2016, si leggeva nel DPEF che \u201cl\u2019esperienza del monitoraggio dellepolitiche pubbliche attraverso gli indicatori di [&hellip;]","og_url":"https:\/\/sinistracivica.it\/index.php\/il-contesto-politico-e-normativo-di-riferimento-2\/","og_site_name":"SINISTRA CIVICA","article_modified_time":"2020-08-14T23:44:57+00:00","twitter_card":"summary_large_image","twitter_misc":{"Tempo di lettura stimato":"2 minuti"},"schema":{"@context":"https:\/\/schema.org","@graph":[{"@type":"WebPage","@id":"https:\/\/sinistracivica.it\/index.php\/il-contesto-politico-e-normativo-di-riferimento-2\/","url":"https:\/\/sinistracivica.it\/index.php\/il-contesto-politico-e-normativo-di-riferimento-2\/","name":"Il contesto politico e normativo di riferimento - SINISTRA CIVICA","isPartOf":{"@id":"https:\/\/sinistracivica.it\/#website"},"datePublished":"2020-08-13T21:04:37+00:00","dateModified":"2020-08-14T23:44:57+00:00","breadcrumb":{"@id":"https:\/\/sinistracivica.it\/index.php\/il-contesto-politico-e-normativo-di-riferimento-2\/#breadcrumb"},"inLanguage":"it-IT","potentialAction":[{"@type":"ReadAction","target":["https:\/\/sinistracivica.it\/index.php\/il-contesto-politico-e-normativo-di-riferimento-2\/"]}]},{"@type":"BreadcrumbList","@id":"https:\/\/sinistracivica.it\/index.php\/il-contesto-politico-e-normativo-di-riferimento-2\/#breadcrumb","itemListElement":[{"@type":"ListItem","position":1,"name":"Home","item":"https:\/\/sinistracivica.it\/"},{"@type":"ListItem","position":2,"name":"Il contesto politico e normativo di riferimento"}]},{"@type":"WebSite","@id":"https:\/\/sinistracivica.it\/#website","url":"https:\/\/sinistracivica.it\/","name":"SINISTRA CIVICA","description":"","publisher":{"@id":"https:\/\/sinistracivica.it\/#organization"},"potentialAction":[{"@type":"SearchAction","target":{"@type":"EntryPoint","urlTemplate":"https:\/\/sinistracivica.it\/?s={search_term_string}"},"query-input":{"@type":"PropertyValueSpecification","valueRequired":true,"valueName":"search_term_string"}}],"inLanguage":"it-IT"},{"@type":"Organization","@id":"https:\/\/sinistracivica.it\/#organization","name":"SINISTRA CIVICA","url":"https:\/\/sinistracivica.it\/","logo":{"@type":"ImageObject","inLanguage":"it-IT","@id":"https:\/\/sinistracivica.it\/#\/schema\/logo\/image\/","url":"https:\/\/sinistracivica.it\/wp-content\/uploads\/2021\/01\/cropped-Logo_ok.png","contentUrl":"https:\/\/sinistracivica.it\/wp-content\/uploads\/2021\/01\/cropped-Logo_ok.png","width":512,"height":512,"caption":"SINISTRA  CIVICA"},"image":{"@id":"https:\/\/sinistracivica.it\/#\/schema\/logo\/image\/"}}]}},"_links":{"self":[{"href":"https:\/\/sinistracivica.it\/index.php\/wp-json\/wp\/v2\/pages\/719","targetHints":{"allow":["GET"]}}],"collection":[{"href":"https:\/\/sinistracivica.it\/index.php\/wp-json\/wp\/v2\/pages"}],"about":[{"href":"https:\/\/sinistracivica.it\/index.php\/wp-json\/wp\/v2\/types\/page"}],"author":[{"embeddable":true,"href":"https:\/\/sinistracivica.it\/index.php\/wp-json\/wp\/v2\/users\/1"}],"replies":[{"embeddable":true,"href":"https:\/\/sinistracivica.it\/index.php\/wp-json\/wp\/v2\/comments?post=719"}],"version-history":[{"count":3,"href":"https:\/\/sinistracivica.it\/index.php\/wp-json\/wp\/v2\/pages\/719\/revisions"}],"predecessor-version":[{"id":796,"href":"https:\/\/sinistracivica.it\/index.php\/wp-json\/wp\/v2\/pages\/719\/revisions\/796"}],"wp:attachment":[{"href":"https:\/\/sinistracivica.it\/index.php\/wp-json\/wp\/v2\/media?parent=719"}],"curies":[{"name":"wp","href":"https:\/\/api.w.org\/{rel}","templated":true}]}}