{"id":709,"date":"2020-08-14T23:20:57","date_gmt":"2020-08-14T23:20:57","guid":{"rendered":"https:\/\/sinistracivica.it\/?page_id=709"},"modified":"2020-08-17T23:41:08","modified_gmt":"2020-08-17T23:41:08","slug":"approfondimento-programma","status":"publish","type":"page","link":"https:\/\/sinistracivica.it\/index.php\/approfondimento-programma\/","title":{"rendered":"Approfondimento programma"},"content":{"rendered":"\n<figure class=\"wp-block-image size-large is-resized is-style-rounded\"><img loading=\"lazy\" decoding=\"async\" src=\"https:\/\/sinistracivica.it\/wp-content\/uploads\/2020\/08\/pagina-iniziale.jpg\" alt=\"\" class=\"wp-image-710\" width=\"731\" height=\"991\" srcset=\"https:\/\/sinistracivica.it\/wp-content\/uploads\/2020\/08\/pagina-iniziale.jpg 467w, https:\/\/sinistracivica.it\/wp-content\/uploads\/2020\/08\/pagina-iniziale-221x300.jpg 221w\" sizes=\"auto, (max-width: 731px) 100vw, 731px\" \/><\/figure>\n\n\n\n<p> In questa sezione si possono leggere le prime idee elaborate dalle compagne e compagni e attivisti di sinistra civica si potr\u00e0 leggere da dove \u00e8 nata la stesura del programma di coalizione. Andando sui vari link si aprir\u00e0 la pagina relativa, la parte scritta in blu \u00e8 la parte del programma di coalizione presentato mentre la parte scritta in nero \u00e8 la parte di integrazione al programma stesso che sinistra civica ha elaborato nei vari incontri. <\/p>\n\n\n\n<p><br><a rel=\"noreferrer noopener\" href=\"https:\/\/sinistracivica.it\/?page_id=714\" target=\"_blank\">Premessa<\/a><br><a rel=\"noreferrer noopener\" href=\"https:\/\/sinistracivica.it\/?page_id=719\" target=\"_blank\">Il contesto politico e normativo di riferimento<\/a><br><a rel=\"noreferrer noopener\" href=\"https:\/\/sinistracivica.it\/?p=725\" target=\"_blank\">Il nuovo ruolo del Comune: un\u2019alleanza di comunit\u00e0<\/a><br><a rel=\"noreferrer noopener\" href=\"https:\/\/sinistracivica.it\/?page_id=729\" target=\"_blank\">Il progetto civico: VENARIA noslogan<\/a><\/p>\n\n\n\n<ol class=\"wp-block-list\"><li><a rel=\"noreferrer noopener\" href=\"https:\/\/sinistracivica.it\/index.php\/venaria-strategica-impresa-e-lavoro-commercio-turismo\/\" target=\"_blank\">Venaria strategica: impresa e lavoro, commercio, turismo<\/a><br>Lavoro<br>Commercio, aree mercatali, sicurezza<br>Turismo<\/li><li><a rel=\"noreferrer noopener\" href=\"https:\/\/sinistracivica.it\/?page_id=744\" target=\"_blank\">Venaria sostenibile: economia, ambiente, territorio, trasporti<\/a><br>Risparmio energetico<br>Raccolta rifiuti vs \u201crifiuti zero\u201d<br>Miglioramento raccolta plastiche<br>Gestione rifiuti speciali<br>Centraline acqua potabile<br>Corona verde<br>Fasce fluviali<br>Parco La Mandria<br>Riduzione dell\u2019inquinamento<br>Inquinamento da elettrosmog<br>Urbanistica, territorio e piani di sviluppo<br>Stop al consumo di suolo<br>Interventi edifici scolastici<br>Viabilit\u00e0 e trasporti<\/li><li><a rel=\"noreferrer noopener\" href=\"https:\/\/sinistracivica.it\/?page_id=748\" target=\"_blank\">Venaria solidale: salute, benessere, comunit\u00e0<\/a><br>Gestione integrata del welfare locale<br>Piano regolatore sociale<br>La salute dei cittadini e monitoraggio del nuovo presidio sanitario<br>Cultura dell\u2019accoglienza e solidariet\u00e0 sociale<\/li><li><a rel=\"noreferrer noopener\" href=\"https:\/\/sinistracivica.it\/?page_id=755\" target=\"_blank\">Venaria culturale: associazioni, eventi, memoria<\/a><br>Fondazione Via Maestra<br>Progetti per la Cultura<br>Associazionismo locale<\/li><li><a rel=\"noreferrer noopener\" href=\"https:\/\/sinistracivica.it\/?page_id=761\" target=\"_blank\">Venaria didattica: saperi, conoscenze, competenze<\/a><br>Progetti per la Scuola<\/li><li><a rel=\"noreferrer noopener\" href=\"https:\/\/sinistracivica.it\/?p=768\" target=\"_blank\">Venaria sportiva: associazioni, impianti, scuole, tempo libero<\/a><br>Attivit\u00e0 sportive<\/li><li><a rel=\"noreferrer noopener\" href=\"https:\/\/sinistracivica.it\/?page_id=771\" target=\"_blank\">Venaria civile: partecipazione, decoro urbano, sicurezza<\/a><br>Aree cimiteriali<br>Recupero del patrimonio storico artistico<br>La sicurezza dei cittadini<\/li><li><a rel=\"noreferrer noopener\" href=\"https:\/\/sinistracivica.it\/?page_id=776\" target=\"_blank\">Venaria civica: uffici, trasparenza, fondi UE<\/a><br>Ripensare l\u2019Ente Comune<br>Trasparenza, comunicazione e partecipazione<br>Lotta all\u2019evasione fiscale sui tributi di natura comunale<br><a href=\"https:\/\/sinistracivica.it\/?page_id=781\">Appendice<\/a>: Rifiuti<br>Appendice: Rischio idrogeologico a Venaria &#8211; Idee per un progetto di salvaguardia del territorio<\/li><\/ol>\n\n\n\n<div class=\"wp-block-buttons aligncenter is-layout-flex wp-block-buttons-is-layout-flex\">\n<div class=\"wp-block-button\"><a class=\"wp-block-button__link has-text-color has-background\" href=\"https:\/\/sinistracivica.it\/wp-content\/uploads\/2020\/08\/11-agosto-2020-PROGRAMMA-SINISTRA-CIVICA-e-COALIZIONE.pdf\" style=\"border-radius:2px;background-color:#ba0c49;color:#fffffa\" target=\"_blank\" rel=\"noreferrer noopener\">Scarica  approfondimento PROGRAMMA <\/a><\/div>\n<\/div>\n\n\n\n<p><\/p>\n","protected":false},"excerpt":{"rendered":"<p>In questa sezione si possono leggere le prime idee elaborate dalle compagne e compagni e attivisti di sinistra civica si potr\u00e0 leggere da dove \u00e8 nata la stesura del programma di coalizione. Andando sui vari link si aprir\u00e0 la pagina relativa, la parte scritta in blu \u00e8 la parte del programma di coalizione presentato mentre [&hellip;]<\/p>\n","protected":false},"author":1,"featured_media":0,"parent":0,"menu_order":0,"comment_status":"closed","ping_status":"closed","template":"","meta":{"footnotes":""},"class_list":["post-709","page","type-page","status-publish","hentry"],"yoast_head":"<!-- This site is optimized with the Yoast SEO plugin v27.4 - https:\/\/yoast.com\/product\/yoast-seo-wordpress\/ -->\n<title>Approfondimento programma - SINISTRA CIVICA<\/title>\n<meta name=\"robots\" content=\"index, follow, max-snippet:-1, max-image-preview:large, max-video-preview:-1\" \/>\n<link rel=\"canonical\" href=\"https:\/\/sinistracivica.it\/index.php\/approfondimento-programma\/\" \/>\n<meta property=\"og:locale\" content=\"it_IT\" \/>\n<meta property=\"og:type\" content=\"article\" \/>\n<meta property=\"og:title\" content=\"Approfondimento programma - SINISTRA CIVICA\" \/>\n<meta property=\"og:description\" content=\"In questa sezione si possono leggere le prime idee elaborate dalle compagne e compagni e attivisti di sinistra civica si potr\u00e0 leggere da dove \u00e8 nata la stesura del programma di coalizione. Andando sui vari link si aprir\u00e0 la pagina relativa, la parte scritta in blu \u00e8 la parte del programma di coalizione presentato mentre [&hellip;]\" \/>\n<meta property=\"og:url\" content=\"https:\/\/sinistracivica.it\/index.php\/approfondimento-programma\/\" \/>\n<meta property=\"og:site_name\" content=\"SINISTRA CIVICA\" \/>\n<meta property=\"article:modified_time\" content=\"2020-08-17T23:41:08+00:00\" \/>\n<meta property=\"og:image\" content=\"https:\/\/sinistracivica.it\/wp-content\/uploads\/2020\/08\/pagina-iniziale.jpg\" \/>\n<meta name=\"twitter:card\" content=\"summary_large_image\" \/>\n<meta name=\"twitter:label1\" content=\"Tempo di lettura stimato\" \/>\n\t<meta name=\"twitter:data1\" content=\"1 minuto\" \/>\n<script type=\"application\/ld+json\" class=\"yoast-schema-graph\">{\"@context\":\"https:\\\/\\\/schema.org\",\"@graph\":[{\"@type\":\"WebPage\",\"@id\":\"https:\\\/\\\/sinistracivica.it\\\/index.php\\\/approfondimento-programma\\\/\",\"url\":\"https:\\\/\\\/sinistracivica.it\\\/index.php\\\/approfondimento-programma\\\/\",\"name\":\"Approfondimento programma - SINISTRA CIVICA\",\"isPartOf\":{\"@id\":\"https:\\\/\\\/sinistracivica.it\\\/#website\"},\"primaryImageOfPage\":{\"@id\":\"https:\\\/\\\/sinistracivica.it\\\/index.php\\\/approfondimento-programma\\\/#primaryimage\"},\"image\":{\"@id\":\"https:\\\/\\\/sinistracivica.it\\\/index.php\\\/approfondimento-programma\\\/#primaryimage\"},\"thumbnailUrl\":\"https:\\\/\\\/sinistracivica.it\\\/wp-content\\\/uploads\\\/2020\\\/08\\\/pagina-iniziale.jpg\",\"datePublished\":\"2020-08-14T23:20:57+00:00\",\"dateModified\":\"2020-08-17T23:41:08+00:00\",\"breadcrumb\":{\"@id\":\"https:\\\/\\\/sinistracivica.it\\\/index.php\\\/approfondimento-programma\\\/#breadcrumb\"},\"inLanguage\":\"it-IT\",\"potentialAction\":[{\"@type\":\"ReadAction\",\"target\":[\"https:\\\/\\\/sinistracivica.it\\\/index.php\\\/approfondimento-programma\\\/\"]}]},{\"@type\":\"ImageObject\",\"inLanguage\":\"it-IT\",\"@id\":\"https:\\\/\\\/sinistracivica.it\\\/index.php\\\/approfondimento-programma\\\/#primaryimage\",\"url\":\"https:\\\/\\\/sinistracivica.it\\\/wp-content\\\/uploads\\\/2020\\\/08\\\/pagina-iniziale.jpg\",\"contentUrl\":\"https:\\\/\\\/sinistracivica.it\\\/wp-content\\\/uploads\\\/2020\\\/08\\\/pagina-iniziale.jpg\",\"width\":467,\"height\":633},{\"@type\":\"BreadcrumbList\",\"@id\":\"https:\\\/\\\/sinistracivica.it\\\/index.php\\\/approfondimento-programma\\\/#breadcrumb\",\"itemListElement\":[{\"@type\":\"ListItem\",\"position\":1,\"name\":\"Home\",\"item\":\"https:\\\/\\\/sinistracivica.it\\\/\"},{\"@type\":\"ListItem\",\"position\":2,\"name\":\"Approfondimento programma\"}]},{\"@type\":\"WebSite\",\"@id\":\"https:\\\/\\\/sinistracivica.it\\\/#website\",\"url\":\"https:\\\/\\\/sinistracivica.it\\\/\",\"name\":\"SINISTRA CIVICA\",\"description\":\"\",\"publisher\":{\"@id\":\"https:\\\/\\\/sinistracivica.it\\\/#organization\"},\"potentialAction\":[{\"@type\":\"SearchAction\",\"target\":{\"@type\":\"EntryPoint\",\"urlTemplate\":\"https:\\\/\\\/sinistracivica.it\\\/?s={search_term_string}\"},\"query-input\":{\"@type\":\"PropertyValueSpecification\",\"valueRequired\":true,\"valueName\":\"search_term_string\"}}],\"inLanguage\":\"it-IT\"},{\"@type\":\"Organization\",\"@id\":\"https:\\\/\\\/sinistracivica.it\\\/#organization\",\"name\":\"SINISTRA CIVICA\",\"url\":\"https:\\\/\\\/sinistracivica.it\\\/\",\"logo\":{\"@type\":\"ImageObject\",\"inLanguage\":\"it-IT\",\"@id\":\"https:\\\/\\\/sinistracivica.it\\\/#\\\/schema\\\/logo\\\/image\\\/\",\"url\":\"https:\\\/\\\/sinistracivica.it\\\/wp-content\\\/uploads\\\/2021\\\/01\\\/cropped-Logo_ok.png\",\"contentUrl\":\"https:\\\/\\\/sinistracivica.it\\\/wp-content\\\/uploads\\\/2021\\\/01\\\/cropped-Logo_ok.png\",\"width\":512,\"height\":512,\"caption\":\"SINISTRA  CIVICA\"},\"image\":{\"@id\":\"https:\\\/\\\/sinistracivica.it\\\/#\\\/schema\\\/logo\\\/image\\\/\"}}]}<\/script>\n<!-- \/ Yoast SEO plugin. -->","yoast_head_json":{"title":"Approfondimento programma - SINISTRA CIVICA","robots":{"index":"index","follow":"follow","max-snippet":"max-snippet:-1","max-image-preview":"max-image-preview:large","max-video-preview":"max-video-preview:-1"},"canonical":"https:\/\/sinistracivica.it\/index.php\/approfondimento-programma\/","og_locale":"it_IT","og_type":"article","og_title":"Approfondimento programma - SINISTRA CIVICA","og_description":"In questa sezione si possono leggere le prime idee elaborate dalle compagne e compagni e attivisti di sinistra civica si potr\u00e0 leggere da dove \u00e8 nata la stesura del programma di coalizione. Andando sui vari link si aprir\u00e0 la pagina relativa, la parte scritta in blu \u00e8 la parte del programma di coalizione presentato mentre [&hellip;]","og_url":"https:\/\/sinistracivica.it\/index.php\/approfondimento-programma\/","og_site_name":"SINISTRA CIVICA","article_modified_time":"2020-08-17T23:41:08+00:00","og_image":[{"url":"https:\/\/sinistracivica.it\/wp-content\/uploads\/2020\/08\/pagina-iniziale.jpg","type":"","width":"","height":""}],"twitter_card":"summary_large_image","twitter_misc":{"Tempo di lettura stimato":"1 minuto"},"schema":{"@context":"https:\/\/schema.org","@graph":[{"@type":"WebPage","@id":"https:\/\/sinistracivica.it\/index.php\/approfondimento-programma\/","url":"https:\/\/sinistracivica.it\/index.php\/approfondimento-programma\/","name":"Approfondimento programma - SINISTRA CIVICA","isPartOf":{"@id":"https:\/\/sinistracivica.it\/#website"},"primaryImageOfPage":{"@id":"https:\/\/sinistracivica.it\/index.php\/approfondimento-programma\/#primaryimage"},"image":{"@id":"https:\/\/sinistracivica.it\/index.php\/approfondimento-programma\/#primaryimage"},"thumbnailUrl":"https:\/\/sinistracivica.it\/wp-content\/uploads\/2020\/08\/pagina-iniziale.jpg","datePublished":"2020-08-14T23:20:57+00:00","dateModified":"2020-08-17T23:41:08+00:00","breadcrumb":{"@id":"https:\/\/sinistracivica.it\/index.php\/approfondimento-programma\/#breadcrumb"},"inLanguage":"it-IT","potentialAction":[{"@type":"ReadAction","target":["https:\/\/sinistracivica.it\/index.php\/approfondimento-programma\/"]}]},{"@type":"ImageObject","inLanguage":"it-IT","@id":"https:\/\/sinistracivica.it\/index.php\/approfondimento-programma\/#primaryimage","url":"https:\/\/sinistracivica.it\/wp-content\/uploads\/2020\/08\/pagina-iniziale.jpg","contentUrl":"https:\/\/sinistracivica.it\/wp-content\/uploads\/2020\/08\/pagina-iniziale.jpg","width":467,"height":633},{"@type":"BreadcrumbList","@id":"https:\/\/sinistracivica.it\/index.php\/approfondimento-programma\/#breadcrumb","itemListElement":[{"@type":"ListItem","position":1,"name":"Home","item":"https:\/\/sinistracivica.it\/"},{"@type":"ListItem","position":2,"name":"Approfondimento programma"}]},{"@type":"WebSite","@id":"https:\/\/sinistracivica.it\/#website","url":"https:\/\/sinistracivica.it\/","name":"SINISTRA CIVICA","description":"","publisher":{"@id":"https:\/\/sinistracivica.it\/#organization"},"potentialAction":[{"@type":"SearchAction","target":{"@type":"EntryPoint","urlTemplate":"https:\/\/sinistracivica.it\/?s={search_term_string}"},"query-input":{"@type":"PropertyValueSpecification","valueRequired":true,"valueName":"search_term_string"}}],"inLanguage":"it-IT"},{"@type":"Organization","@id":"https:\/\/sinistracivica.it\/#organization","name":"SINISTRA CIVICA","url":"https:\/\/sinistracivica.it\/","logo":{"@type":"ImageObject","inLanguage":"it-IT","@id":"https:\/\/sinistracivica.it\/#\/schema\/logo\/image\/","url":"https:\/\/sinistracivica.it\/wp-content\/uploads\/2021\/01\/cropped-Logo_ok.png","contentUrl":"https:\/\/sinistracivica.it\/wp-content\/uploads\/2021\/01\/cropped-Logo_ok.png","width":512,"height":512,"caption":"SINISTRA  CIVICA"},"image":{"@id":"https:\/\/sinistracivica.it\/#\/schema\/logo\/image\/"}}]}},"_links":{"self":[{"href":"https:\/\/sinistracivica.it\/index.php\/wp-json\/wp\/v2\/pages\/709","targetHints":{"allow":["GET"]}}],"collection":[{"href":"https:\/\/sinistracivica.it\/index.php\/wp-json\/wp\/v2\/pages"}],"about":[{"href":"https:\/\/sinistracivica.it\/index.php\/wp-json\/wp\/v2\/types\/page"}],"author":[{"embeddable":true,"href":"https:\/\/sinistracivica.it\/index.php\/wp-json\/wp\/v2\/users\/1"}],"replies":[{"embeddable":true,"href":"https:\/\/sinistracivica.it\/index.php\/wp-json\/wp\/v2\/comments?post=709"}],"version-history":[{"count":11,"href":"https:\/\/sinistracivica.it\/index.php\/wp-json\/wp\/v2\/pages\/709\/revisions"}],"predecessor-version":[{"id":984,"href":"https:\/\/sinistracivica.it\/index.php\/wp-json\/wp\/v2\/pages\/709\/revisions\/984"}],"wp:attachment":[{"href":"https:\/\/sinistracivica.it\/index.php\/wp-json\/wp\/v2\/media?parent=709"}],"curies":[{"name":"wp","href":"https:\/\/api.w.org\/{rel}","templated":true}]}}