{"id":32,"date":"2020-02-16T13:18:37","date_gmt":"2020-02-16T13:18:37","guid":{"rendered":"https:\/\/sinistracivica.it\/?page_id=32"},"modified":"2020-02-23T23:26:04","modified_gmt":"2020-02-23T23:26:04","slug":"chi-siamo","status":"publish","type":"page","link":"https:\/\/sinistracivica.it\/index.php\/chi-siamo\/","title":{"rendered":"Chi siamo"},"content":{"rendered":"\n<figure class=\"wp-block-image size-medium is-resized\"><img loading=\"lazy\" decoding=\"async\" src=\"https:\/\/sinistracivica.it\/wp-content\/uploads\/2020\/02\/FOTO-COPERTINA-PROGRAMMA-300x202.jpg\" alt=\"\" class=\"wp-image-71\" width=\"588\" height=\"396\" srcset=\"https:\/\/sinistracivica.it\/wp-content\/uploads\/2020\/02\/FOTO-COPERTINA-PROGRAMMA-300x202.jpg 300w, https:\/\/sinistracivica.it\/wp-content\/uploads\/2020\/02\/FOTO-COPERTINA-PROGRAMMA.jpg 607w\" sizes=\"auto, (max-width: 588px) 100vw, 588px\" \/><\/figure>\n\n\n\n<p class=\"has-text-align-left\"> Donne e uomini di Venaria Reale che hanno l&#8217;ambizione di rimettere al centro della vita politica cittadina la comunit\u00e0. Il principio che guida le scelte, qualunque esse siano, \u00e8 guidato dalla nostra Costituzione in primo luogo, dall&#8217;antifascismo e dalla partecipazione attiva delle persone. Ridare valore al sistema comunit\u00e0, ripristinare e stimolare le discussioni sui progetti per la nostra citt\u00e0. Provare a cambiare quella sensazione  negativa che la parola Politica suscita nella mente delle persone.<br>Il percorso nasce da una concreta consapevolezza della frammentazione della sinistra, e dalla voglia di provare ad unire tutto quello che ci accomuna. Siamo tutte persone con il proprio passato, chi proviene da partiti chi proviene dalle associazioni o chi come semplice cittadino, che provano a disegnare il proprio futuro.<br>Al nostro interno non mancano certo competenze, idee, e certamente neanche alcuni sogni, e vorremmo condividere un percorso insieme anche a te che leggi.<br>La scelta di promuovere una coalizione trasversale all&#8217;interno della nostra citt\u00e0, \u00e8 la diretta conseguenza al significato di comunit\u00e0 che sosteniamo. Mettendo al centro l&#8217;interesse del bene comune vogliamo lavorare e discutere con tutti coloro che si spoglino di un identit\u00e0 personalistica della politica e si vestano dei bisogni della comunit\u00e0. <\/p>\n","protected":false},"excerpt":{"rendered":"<p>Donne e uomini di Venaria Reale che hanno l&#8217;ambizione di rimettere al centro della vita politica cittadina la comunit\u00e0. Il principio che guida le scelte, qualunque esse siano, \u00e8 guidato dalla nostra Costituzione in primo luogo, dall&#8217;antifascismo e dalla partecipazione attiva delle persone. Ridare valore al sistema comunit\u00e0, ripristinare e stimolare le discussioni sui progetti [&hellip;]<\/p>\n","protected":false},"author":1,"featured_media":56,"parent":0,"menu_order":1,"comment_status":"closed","ping_status":"closed","template":"templates\/template-cover.php","meta":{"footnotes":""},"class_list":["post-32","page","type-page","status-publish","has-post-thumbnail","hentry"],"yoast_head":"<!-- This site is optimized with the Yoast SEO plugin v27.4 - https:\/\/yoast.com\/product\/yoast-seo-wordpress\/ -->\n<title>Chi siamo - SINISTRA CIVICA<\/title>\n<meta name=\"robots\" content=\"index, follow, max-snippet:-1, max-image-preview:large, max-video-preview:-1\" \/>\n<link rel=\"canonical\" href=\"https:\/\/sinistracivica.it\/index.php\/chi-siamo\/\" \/>\n<meta property=\"og:locale\" content=\"it_IT\" \/>\n<meta property=\"og:type\" content=\"article\" \/>\n<meta property=\"og:title\" content=\"Chi siamo - SINISTRA CIVICA\" \/>\n<meta property=\"og:description\" content=\"Donne e uomini di Venaria Reale che hanno l&#8217;ambizione di rimettere al centro della vita politica cittadina la comunit\u00e0. Il principio che guida le scelte, qualunque esse siano, \u00e8 guidato dalla nostra Costituzione in primo luogo, dall&#8217;antifascismo e dalla partecipazione attiva delle persone. Ridare valore al sistema comunit\u00e0, ripristinare e stimolare le discussioni sui progetti [&hellip;]\" \/>\n<meta property=\"og:url\" content=\"https:\/\/sinistracivica.it\/index.php\/chi-siamo\/\" \/>\n<meta property=\"og:site_name\" content=\"SINISTRA CIVICA\" \/>\n<meta property=\"article:modified_time\" content=\"2020-02-23T23:26:04+00:00\" \/>\n<meta property=\"og:image\" content=\"https:\/\/sinistracivica.it\/wp-content\/uploads\/2020\/02\/logo-retangolo-1.png\" \/>\n\t<meta property=\"og:image:width\" content=\"1664\" \/>\n\t<meta property=\"og:image:height\" content=\"625\" \/>\n\t<meta property=\"og:image:type\" content=\"image\/png\" \/>\n<meta name=\"twitter:card\" content=\"summary_large_image\" \/>\n<meta name=\"twitter:label1\" content=\"Tempo di lettura stimato\" \/>\n\t<meta name=\"twitter:data1\" content=\"1 minuto\" \/>\n<script type=\"application\/ld+json\" class=\"yoast-schema-graph\">{\"@context\":\"https:\\\/\\\/schema.org\",\"@graph\":[{\"@type\":\"WebPage\",\"@id\":\"https:\\\/\\\/sinistracivica.it\\\/index.php\\\/chi-siamo\\\/\",\"url\":\"https:\\\/\\\/sinistracivica.it\\\/index.php\\\/chi-siamo\\\/\",\"name\":\"Chi siamo - SINISTRA CIVICA\",\"isPartOf\":{\"@id\":\"https:\\\/\\\/sinistracivica.it\\\/#website\"},\"primaryImageOfPage\":{\"@id\":\"https:\\\/\\\/sinistracivica.it\\\/index.php\\\/chi-siamo\\\/#primaryimage\"},\"image\":{\"@id\":\"https:\\\/\\\/sinistracivica.it\\\/index.php\\\/chi-siamo\\\/#primaryimage\"},\"thumbnailUrl\":\"https:\\\/\\\/sinistracivica.it\\\/wp-content\\\/uploads\\\/2020\\\/02\\\/logo-retangolo-1.png\",\"datePublished\":\"2020-02-16T13:18:37+00:00\",\"dateModified\":\"2020-02-23T23:26:04+00:00\",\"breadcrumb\":{\"@id\":\"https:\\\/\\\/sinistracivica.it\\\/index.php\\\/chi-siamo\\\/#breadcrumb\"},\"inLanguage\":\"it-IT\",\"potentialAction\":[{\"@type\":\"ReadAction\",\"target\":[\"https:\\\/\\\/sinistracivica.it\\\/index.php\\\/chi-siamo\\\/\"]}]},{\"@type\":\"ImageObject\",\"inLanguage\":\"it-IT\",\"@id\":\"https:\\\/\\\/sinistracivica.it\\\/index.php\\\/chi-siamo\\\/#primaryimage\",\"url\":\"https:\\\/\\\/sinistracivica.it\\\/wp-content\\\/uploads\\\/2020\\\/02\\\/logo-retangolo-1.png\",\"contentUrl\":\"https:\\\/\\\/sinistracivica.it\\\/wp-content\\\/uploads\\\/2020\\\/02\\\/logo-retangolo-1.png\",\"width\":1664,\"height\":625},{\"@type\":\"BreadcrumbList\",\"@id\":\"https:\\\/\\\/sinistracivica.it\\\/index.php\\\/chi-siamo\\\/#breadcrumb\",\"itemListElement\":[{\"@type\":\"ListItem\",\"position\":1,\"name\":\"Home\",\"item\":\"https:\\\/\\\/sinistracivica.it\\\/\"},{\"@type\":\"ListItem\",\"position\":2,\"name\":\"Chi siamo\"}]},{\"@type\":\"WebSite\",\"@id\":\"https:\\\/\\\/sinistracivica.it\\\/#website\",\"url\":\"https:\\\/\\\/sinistracivica.it\\\/\",\"name\":\"SINISTRA CIVICA\",\"description\":\"\",\"publisher\":{\"@id\":\"https:\\\/\\\/sinistracivica.it\\\/#organization\"},\"potentialAction\":[{\"@type\":\"SearchAction\",\"target\":{\"@type\":\"EntryPoint\",\"urlTemplate\":\"https:\\\/\\\/sinistracivica.it\\\/?s={search_term_string}\"},\"query-input\":{\"@type\":\"PropertyValueSpecification\",\"valueRequired\":true,\"valueName\":\"search_term_string\"}}],\"inLanguage\":\"it-IT\"},{\"@type\":\"Organization\",\"@id\":\"https:\\\/\\\/sinistracivica.it\\\/#organization\",\"name\":\"SINISTRA CIVICA\",\"url\":\"https:\\\/\\\/sinistracivica.it\\\/\",\"logo\":{\"@type\":\"ImageObject\",\"inLanguage\":\"it-IT\",\"@id\":\"https:\\\/\\\/sinistracivica.it\\\/#\\\/schema\\\/logo\\\/image\\\/\",\"url\":\"https:\\\/\\\/sinistracivica.it\\\/wp-content\\\/uploads\\\/2021\\\/01\\\/cropped-Logo_ok.png\",\"contentUrl\":\"https:\\\/\\\/sinistracivica.it\\\/wp-content\\\/uploads\\\/2021\\\/01\\\/cropped-Logo_ok.png\",\"width\":512,\"height\":512,\"caption\":\"SINISTRA  CIVICA\"},\"image\":{\"@id\":\"https:\\\/\\\/sinistracivica.it\\\/#\\\/schema\\\/logo\\\/image\\\/\"}}]}<\/script>\n<!-- \/ Yoast SEO plugin. -->","yoast_head_json":{"title":"Chi siamo - SINISTRA CIVICA","robots":{"index":"index","follow":"follow","max-snippet":"max-snippet:-1","max-image-preview":"max-image-preview:large","max-video-preview":"max-video-preview:-1"},"canonical":"https:\/\/sinistracivica.it\/index.php\/chi-siamo\/","og_locale":"it_IT","og_type":"article","og_title":"Chi siamo - SINISTRA CIVICA","og_description":"Donne e uomini di Venaria Reale che hanno l&#8217;ambizione di rimettere al centro della vita politica cittadina la comunit\u00e0. Il principio che guida le scelte, qualunque esse siano, \u00e8 guidato dalla nostra Costituzione in primo luogo, dall&#8217;antifascismo e dalla partecipazione attiva delle persone. Ridare valore al sistema comunit\u00e0, ripristinare e stimolare le discussioni sui progetti [&hellip;]","og_url":"https:\/\/sinistracivica.it\/index.php\/chi-siamo\/","og_site_name":"SINISTRA CIVICA","article_modified_time":"2020-02-23T23:26:04+00:00","og_image":[{"width":1664,"height":625,"url":"https:\/\/sinistracivica.it\/wp-content\/uploads\/2020\/02\/logo-retangolo-1.png","type":"image\/png"}],"twitter_card":"summary_large_image","twitter_misc":{"Tempo di lettura stimato":"1 minuto"},"schema":{"@context":"https:\/\/schema.org","@graph":[{"@type":"WebPage","@id":"https:\/\/sinistracivica.it\/index.php\/chi-siamo\/","url":"https:\/\/sinistracivica.it\/index.php\/chi-siamo\/","name":"Chi siamo - SINISTRA CIVICA","isPartOf":{"@id":"https:\/\/sinistracivica.it\/#website"},"primaryImageOfPage":{"@id":"https:\/\/sinistracivica.it\/index.php\/chi-siamo\/#primaryimage"},"image":{"@id":"https:\/\/sinistracivica.it\/index.php\/chi-siamo\/#primaryimage"},"thumbnailUrl":"https:\/\/sinistracivica.it\/wp-content\/uploads\/2020\/02\/logo-retangolo-1.png","datePublished":"2020-02-16T13:18:37+00:00","dateModified":"2020-02-23T23:26:04+00:00","breadcrumb":{"@id":"https:\/\/sinistracivica.it\/index.php\/chi-siamo\/#breadcrumb"},"inLanguage":"it-IT","potentialAction":[{"@type":"ReadAction","target":["https:\/\/sinistracivica.it\/index.php\/chi-siamo\/"]}]},{"@type":"ImageObject","inLanguage":"it-IT","@id":"https:\/\/sinistracivica.it\/index.php\/chi-siamo\/#primaryimage","url":"https:\/\/sinistracivica.it\/wp-content\/uploads\/2020\/02\/logo-retangolo-1.png","contentUrl":"https:\/\/sinistracivica.it\/wp-content\/uploads\/2020\/02\/logo-retangolo-1.png","width":1664,"height":625},{"@type":"BreadcrumbList","@id":"https:\/\/sinistracivica.it\/index.php\/chi-siamo\/#breadcrumb","itemListElement":[{"@type":"ListItem","position":1,"name":"Home","item":"https:\/\/sinistracivica.it\/"},{"@type":"ListItem","position":2,"name":"Chi siamo"}]},{"@type":"WebSite","@id":"https:\/\/sinistracivica.it\/#website","url":"https:\/\/sinistracivica.it\/","name":"SINISTRA CIVICA","description":"","publisher":{"@id":"https:\/\/sinistracivica.it\/#organization"},"potentialAction":[{"@type":"SearchAction","target":{"@type":"EntryPoint","urlTemplate":"https:\/\/sinistracivica.it\/?s={search_term_string}"},"query-input":{"@type":"PropertyValueSpecification","valueRequired":true,"valueName":"search_term_string"}}],"inLanguage":"it-IT"},{"@type":"Organization","@id":"https:\/\/sinistracivica.it\/#organization","name":"SINISTRA CIVICA","url":"https:\/\/sinistracivica.it\/","logo":{"@type":"ImageObject","inLanguage":"it-IT","@id":"https:\/\/sinistracivica.it\/#\/schema\/logo\/image\/","url":"https:\/\/sinistracivica.it\/wp-content\/uploads\/2021\/01\/cropped-Logo_ok.png","contentUrl":"https:\/\/sinistracivica.it\/wp-content\/uploads\/2021\/01\/cropped-Logo_ok.png","width":512,"height":512,"caption":"SINISTRA  CIVICA"},"image":{"@id":"https:\/\/sinistracivica.it\/#\/schema\/logo\/image\/"}}]}},"_links":{"self":[{"href":"https:\/\/sinistracivica.it\/index.php\/wp-json\/wp\/v2\/pages\/32","targetHints":{"allow":["GET"]}}],"collection":[{"href":"https:\/\/sinistracivica.it\/index.php\/wp-json\/wp\/v2\/pages"}],"about":[{"href":"https:\/\/sinistracivica.it\/index.php\/wp-json\/wp\/v2\/types\/page"}],"author":[{"embeddable":true,"href":"https:\/\/sinistracivica.it\/index.php\/wp-json\/wp\/v2\/users\/1"}],"replies":[{"embeddable":true,"href":"https:\/\/sinistracivica.it\/index.php\/wp-json\/wp\/v2\/comments?post=32"}],"version-history":[{"count":4,"href":"https:\/\/sinistracivica.it\/index.php\/wp-json\/wp\/v2\/pages\/32\/revisions"}],"predecessor-version":[{"id":273,"href":"https:\/\/sinistracivica.it\/index.php\/wp-json\/wp\/v2\/pages\/32\/revisions\/273"}],"wp:featuredmedia":[{"embeddable":true,"href":"https:\/\/sinistracivica.it\/index.php\/wp-json\/wp\/v2\/media\/56"}],"wp:attachment":[{"href":"https:\/\/sinistracivica.it\/index.php\/wp-json\/wp\/v2\/media?parent=32"}],"curies":[{"name":"wp","href":"https:\/\/api.w.org\/{rel}","templated":true}]}}