{"id":226,"date":"2020-02-21T23:31:38","date_gmt":"2020-02-21T23:31:38","guid":{"rendered":"https:\/\/sinistracivica.it\/?page_id=226"},"modified":"2020-07-13T19:31:02","modified_gmt":"2020-07-13T19:31:02","slug":"5-venaria-didattica-saperi-conoscenze-competenze","status":"publish","type":"page","link":"https:\/\/sinistracivica.it\/index.php\/programma\/5-venaria-didattica-saperi-conoscenze-competenze\/","title":{"rendered":"5. Venaria didattica saperi, conoscenze, competenze"},"content":{"rendered":"\n<p>L\u2019apprendimento \u00e8 un processo sociale, non soltanto uno sforzo individuale\u201d <span style=\"color:#1346df\" class=\"has-inline-color\">[5]<\/span>.<br>Abbiamo lasciato sola l\u2019istituzione Scuola (e gli insegnanti) delegando questo importante e fondamentale ruolo sociale. Al contrario, \u00e8 sempre pi\u00f9 evidente come la comunit\u00e0 intera sia uno spazio di apprendimento diffuso.<br>Anche l\u2019extra scuola concorre a sviluppare competenze didattiche e abilit\u00e0 sociali, utili per apprendere e necessarie per crescere. L&#8217;Apprendimento non formale che si realizza nell&#8217;associazionismo, in oratorio, nelle arti e nello spettacolo, nello sport completa ed integra l&#8217;apprendimento formale delle aule scolastiche.<br>LA COMUNIT\u00c0 INTERA ECOSISTEMA DI APPRENDIMENTO, fatta di educatori, insegnati, genitori, allenatori, artigiani, maestri di un sapere quotidiano.<br>In molte aree e quartieri, gli enti del Terzo Settore collaborano con le Scuole ma gli Enti locali e le Istituzioni pubbliche possono fare di pi\u00f9.<br>Il DL scuola prevede la stipula di \u201cPatti educativi di comunit\u00e0\u201d tra Scuole, enti locali, enti di terzo settore, istituzioni pubbliche e private.<br>Questa la direzione di lavoro per sottoscrivere tutti insieme un PTOF di comunit\u00e0 ad esclusivo vantaggio dei nostri ragazzi per un diritto allo studio che trovi piena e completa attuazione, sia come valore in s\u00e9 che come pre-condizione per lo sviluppo integrale di ogni bambino.<br>Edilizia scolastica. \u00c8 necessario ridefinire l&#8217;edilizia scolastica alla luce dei mutamenti demografici in corso e in proiezione, verificando la possibilit\u00e0 di ospitare una scuola di ordine superiore.<\/p>\n\n\n\n<hr class=\"wp-block-separator\"\/>\n\n\n\n<p><span style=\"color:#1346df\" class=\"has-inline-color\">[5]<\/span> prof. Mitch Resnick del MIT Media Lab<\/p>\n","protected":false},"excerpt":{"rendered":"<p>L\u2019apprendimento \u00e8 un processo sociale, non soltanto uno sforzo individuale\u201d [5].Abbiamo lasciato sola l\u2019istituzione Scuola (e gli insegnanti) delegando questo importante e fondamentale ruolo sociale. Al contrario, \u00e8 sempre pi\u00f9 evidente come la comunit\u00e0 intera sia uno spazio di apprendimento diffuso.Anche l\u2019extra scuola concorre a sviluppare competenze didattiche e abilit\u00e0 sociali, utili per apprendere e [&hellip;]<\/p>\n","protected":false},"author":1,"featured_media":0,"parent":65,"menu_order":11,"comment_status":"closed","ping_status":"closed","template":"","meta":{"footnotes":""},"class_list":["post-226","page","type-page","status-publish","hentry"],"yoast_head":"<!-- This site is optimized with the Yoast SEO plugin v27.4 - https:\/\/yoast.com\/product\/yoast-seo-wordpress\/ -->\n<title>5. Venaria didattica saperi, conoscenze, competenze - SINISTRA CIVICA<\/title>\n<meta name=\"robots\" content=\"index, follow, max-snippet:-1, max-image-preview:large, max-video-preview:-1\" \/>\n<link rel=\"canonical\" href=\"https:\/\/sinistracivica.it\/index.php\/programma\/5-venaria-didattica-saperi-conoscenze-competenze\/\" \/>\n<meta property=\"og:locale\" content=\"it_IT\" \/>\n<meta property=\"og:type\" content=\"article\" \/>\n<meta property=\"og:title\" content=\"5. Venaria didattica saperi, conoscenze, competenze - SINISTRA CIVICA\" \/>\n<meta property=\"og:description\" content=\"L\u2019apprendimento \u00e8 un processo sociale, non soltanto uno sforzo individuale\u201d [5].Abbiamo lasciato sola l\u2019istituzione Scuola (e gli insegnanti) delegando questo importante e fondamentale ruolo sociale. Al contrario, \u00e8 sempre pi\u00f9 evidente come la comunit\u00e0 intera sia uno spazio di apprendimento diffuso.Anche l\u2019extra scuola concorre a sviluppare competenze didattiche e abilit\u00e0 sociali, utili per apprendere e [&hellip;]\" \/>\n<meta property=\"og:url\" content=\"https:\/\/sinistracivica.it\/index.php\/programma\/5-venaria-didattica-saperi-conoscenze-competenze\/\" \/>\n<meta property=\"og:site_name\" content=\"SINISTRA CIVICA\" \/>\n<meta property=\"article:modified_time\" content=\"2020-07-13T19:31:02+00:00\" \/>\n<meta name=\"twitter:card\" content=\"summary_large_image\" \/>\n<meta name=\"twitter:label1\" content=\"Tempo di lettura stimato\" \/>\n\t<meta name=\"twitter:data1\" content=\"1 minuto\" \/>\n<script type=\"application\/ld+json\" class=\"yoast-schema-graph\">{\"@context\":\"https:\\\/\\\/schema.org\",\"@graph\":[{\"@type\":\"WebPage\",\"@id\":\"https:\\\/\\\/sinistracivica.it\\\/index.php\\\/programma\\\/5-venaria-didattica-saperi-conoscenze-competenze\\\/\",\"url\":\"https:\\\/\\\/sinistracivica.it\\\/index.php\\\/programma\\\/5-venaria-didattica-saperi-conoscenze-competenze\\\/\",\"name\":\"5. Venaria didattica saperi, conoscenze, competenze - SINISTRA CIVICA\",\"isPartOf\":{\"@id\":\"https:\\\/\\\/sinistracivica.it\\\/#website\"},\"datePublished\":\"2020-02-21T23:31:38+00:00\",\"dateModified\":\"2020-07-13T19:31:02+00:00\",\"breadcrumb\":{\"@id\":\"https:\\\/\\\/sinistracivica.it\\\/index.php\\\/programma\\\/5-venaria-didattica-saperi-conoscenze-competenze\\\/#breadcrumb\"},\"inLanguage\":\"it-IT\",\"potentialAction\":[{\"@type\":\"ReadAction\",\"target\":[\"https:\\\/\\\/sinistracivica.it\\\/index.php\\\/programma\\\/5-venaria-didattica-saperi-conoscenze-competenze\\\/\"]}]},{\"@type\":\"BreadcrumbList\",\"@id\":\"https:\\\/\\\/sinistracivica.it\\\/index.php\\\/programma\\\/5-venaria-didattica-saperi-conoscenze-competenze\\\/#breadcrumb\",\"itemListElement\":[{\"@type\":\"ListItem\",\"position\":1,\"name\":\"Home\",\"item\":\"https:\\\/\\\/sinistracivica.it\\\/\"},{\"@type\":\"ListItem\",\"position\":2,\"name\":\"Programma Coalizione\",\"item\":\"https:\\\/\\\/sinistracivica.it\\\/index.php\\\/programma\\\/\"},{\"@type\":\"ListItem\",\"position\":3,\"name\":\"5. Venaria didattica saperi, conoscenze, competenze\"}]},{\"@type\":\"WebSite\",\"@id\":\"https:\\\/\\\/sinistracivica.it\\\/#website\",\"url\":\"https:\\\/\\\/sinistracivica.it\\\/\",\"name\":\"SINISTRA CIVICA\",\"description\":\"\",\"publisher\":{\"@id\":\"https:\\\/\\\/sinistracivica.it\\\/#organization\"},\"potentialAction\":[{\"@type\":\"SearchAction\",\"target\":{\"@type\":\"EntryPoint\",\"urlTemplate\":\"https:\\\/\\\/sinistracivica.it\\\/?s={search_term_string}\"},\"query-input\":{\"@type\":\"PropertyValueSpecification\",\"valueRequired\":true,\"valueName\":\"search_term_string\"}}],\"inLanguage\":\"it-IT\"},{\"@type\":\"Organization\",\"@id\":\"https:\\\/\\\/sinistracivica.it\\\/#organization\",\"name\":\"SINISTRA CIVICA\",\"url\":\"https:\\\/\\\/sinistracivica.it\\\/\",\"logo\":{\"@type\":\"ImageObject\",\"inLanguage\":\"it-IT\",\"@id\":\"https:\\\/\\\/sinistracivica.it\\\/#\\\/schema\\\/logo\\\/image\\\/\",\"url\":\"https:\\\/\\\/sinistracivica.it\\\/wp-content\\\/uploads\\\/2021\\\/01\\\/cropped-Logo_ok.png\",\"contentUrl\":\"https:\\\/\\\/sinistracivica.it\\\/wp-content\\\/uploads\\\/2021\\\/01\\\/cropped-Logo_ok.png\",\"width\":512,\"height\":512,\"caption\":\"SINISTRA  CIVICA\"},\"image\":{\"@id\":\"https:\\\/\\\/sinistracivica.it\\\/#\\\/schema\\\/logo\\\/image\\\/\"}}]}<\/script>\n<!-- \/ Yoast SEO plugin. -->","yoast_head_json":{"title":"5. Venaria didattica saperi, conoscenze, competenze - SINISTRA CIVICA","robots":{"index":"index","follow":"follow","max-snippet":"max-snippet:-1","max-image-preview":"max-image-preview:large","max-video-preview":"max-video-preview:-1"},"canonical":"https:\/\/sinistracivica.it\/index.php\/programma\/5-venaria-didattica-saperi-conoscenze-competenze\/","og_locale":"it_IT","og_type":"article","og_title":"5. Venaria didattica saperi, conoscenze, competenze - SINISTRA CIVICA","og_description":"L\u2019apprendimento \u00e8 un processo sociale, non soltanto uno sforzo individuale\u201d [5].Abbiamo lasciato sola l\u2019istituzione Scuola (e gli insegnanti) delegando questo importante e fondamentale ruolo sociale. Al contrario, \u00e8 sempre pi\u00f9 evidente come la comunit\u00e0 intera sia uno spazio di apprendimento diffuso.Anche l\u2019extra scuola concorre a sviluppare competenze didattiche e abilit\u00e0 sociali, utili per apprendere e [&hellip;]","og_url":"https:\/\/sinistracivica.it\/index.php\/programma\/5-venaria-didattica-saperi-conoscenze-competenze\/","og_site_name":"SINISTRA CIVICA","article_modified_time":"2020-07-13T19:31:02+00:00","twitter_card":"summary_large_image","twitter_misc":{"Tempo di lettura stimato":"1 minuto"},"schema":{"@context":"https:\/\/schema.org","@graph":[{"@type":"WebPage","@id":"https:\/\/sinistracivica.it\/index.php\/programma\/5-venaria-didattica-saperi-conoscenze-competenze\/","url":"https:\/\/sinistracivica.it\/index.php\/programma\/5-venaria-didattica-saperi-conoscenze-competenze\/","name":"5. Venaria didattica saperi, conoscenze, competenze - SINISTRA CIVICA","isPartOf":{"@id":"https:\/\/sinistracivica.it\/#website"},"datePublished":"2020-02-21T23:31:38+00:00","dateModified":"2020-07-13T19:31:02+00:00","breadcrumb":{"@id":"https:\/\/sinistracivica.it\/index.php\/programma\/5-venaria-didattica-saperi-conoscenze-competenze\/#breadcrumb"},"inLanguage":"it-IT","potentialAction":[{"@type":"ReadAction","target":["https:\/\/sinistracivica.it\/index.php\/programma\/5-venaria-didattica-saperi-conoscenze-competenze\/"]}]},{"@type":"BreadcrumbList","@id":"https:\/\/sinistracivica.it\/index.php\/programma\/5-venaria-didattica-saperi-conoscenze-competenze\/#breadcrumb","itemListElement":[{"@type":"ListItem","position":1,"name":"Home","item":"https:\/\/sinistracivica.it\/"},{"@type":"ListItem","position":2,"name":"Programma Coalizione","item":"https:\/\/sinistracivica.it\/index.php\/programma\/"},{"@type":"ListItem","position":3,"name":"5. Venaria didattica saperi, conoscenze, competenze"}]},{"@type":"WebSite","@id":"https:\/\/sinistracivica.it\/#website","url":"https:\/\/sinistracivica.it\/","name":"SINISTRA CIVICA","description":"","publisher":{"@id":"https:\/\/sinistracivica.it\/#organization"},"potentialAction":[{"@type":"SearchAction","target":{"@type":"EntryPoint","urlTemplate":"https:\/\/sinistracivica.it\/?s={search_term_string}"},"query-input":{"@type":"PropertyValueSpecification","valueRequired":true,"valueName":"search_term_string"}}],"inLanguage":"it-IT"},{"@type":"Organization","@id":"https:\/\/sinistracivica.it\/#organization","name":"SINISTRA CIVICA","url":"https:\/\/sinistracivica.it\/","logo":{"@type":"ImageObject","inLanguage":"it-IT","@id":"https:\/\/sinistracivica.it\/#\/schema\/logo\/image\/","url":"https:\/\/sinistracivica.it\/wp-content\/uploads\/2021\/01\/cropped-Logo_ok.png","contentUrl":"https:\/\/sinistracivica.it\/wp-content\/uploads\/2021\/01\/cropped-Logo_ok.png","width":512,"height":512,"caption":"SINISTRA  CIVICA"},"image":{"@id":"https:\/\/sinistracivica.it\/#\/schema\/logo\/image\/"}}]}},"_links":{"self":[{"href":"https:\/\/sinistracivica.it\/index.php\/wp-json\/wp\/v2\/pages\/226","targetHints":{"allow":["GET"]}}],"collection":[{"href":"https:\/\/sinistracivica.it\/index.php\/wp-json\/wp\/v2\/pages"}],"about":[{"href":"https:\/\/sinistracivica.it\/index.php\/wp-json\/wp\/v2\/types\/page"}],"author":[{"embeddable":true,"href":"https:\/\/sinistracivica.it\/index.php\/wp-json\/wp\/v2\/users\/1"}],"replies":[{"embeddable":true,"href":"https:\/\/sinistracivica.it\/index.php\/wp-json\/wp\/v2\/comments?post=226"}],"version-history":[{"count":3,"href":"https:\/\/sinistracivica.it\/index.php\/wp-json\/wp\/v2\/pages\/226\/revisions"}],"predecessor-version":[{"id":639,"href":"https:\/\/sinistracivica.it\/index.php\/wp-json\/wp\/v2\/pages\/226\/revisions\/639"}],"up":[{"embeddable":true,"href":"https:\/\/sinistracivica.it\/index.php\/wp-json\/wp\/v2\/pages\/65"}],"wp:attachment":[{"href":"https:\/\/sinistracivica.it\/index.php\/wp-json\/wp\/v2\/media?parent=226"}],"curies":[{"name":"wp","href":"https:\/\/api.w.org\/{rel}","templated":true}]}}