{"id":180,"date":"2020-02-21T23:58:32","date_gmt":"2020-02-21T23:58:32","guid":{"rendered":"https:\/\/sinistracivica.it\/?page_id=180"},"modified":"2020-07-13T19:12:06","modified_gmt":"2020-07-13T19:12:06","slug":"8-venaria-civica-uffici-trasparenza-fondi-ue","status":"publish","type":"page","link":"https:\/\/sinistracivica.it\/index.php\/programma\/8-venaria-civica-uffici-trasparenza-fondi-ue\/","title":{"rendered":"8. Venaria civica uffici, trasparenza, fondi UE"},"content":{"rendered":"\n<p>\u00c8 necessario ripensare l\u2019organizzazione degli uffici dell\u2019Ente in un sistema a matrice che da una parte tenga conto del tradizionale piano di suddivisione esistente di ambiti e settore e dall\u2019altra sia accostato ad una ripartizione per progetti. Sempre pi\u00f9 le politiche pubbliche hanno un impatto trasversale sulla comunit\u00e0 locali, per questo \u00e8 necessario avere anche un approccio che contenga questa complessit\u00e0, al fine di rispondere in maniera integrata ai bisogni individuati.<br>Un\u2019organizzazione per progetti permette di concorrere in maniera pi\u00f9 efficace all\u2019assegnazioni dei Fondi UE cui gli Enti Locali hanno accesso. La nuova programmazione comunitaria 2012-27 prevede numerose occasioni per rilanciare con buone pratiche, attingendo ai fondi messi in palio. Condizione per avviare le grandi progettualit\u00e0 ed attrarre, nel contempo, anche investitori privati.<br>Rispetto alla finanza locale, \u00e8 necessario perseguire una razionalizzazione della spesa pubblica, eliminando eventuali spese e ricercando possibilit\u00e0 di ottimizzazione delle risorse. Mentre \u00e8 necessario mantenere e rinforzare i servizi di recupero e lotta all\u2019evasione fiscale sui tributi locali e migliorare i rapporti con il cittadino per offrire un servizio sempre attento alle esigenze nascenti.<br>Il rispetto del principio di legalit\u00e0 e lotta a qualsiasi forma di criminalit\u00e0 organizzata resta un obiettivo per il bene comune cui l\u2019Ente Comune deve essere garante.<\/p>\n","protected":false},"excerpt":{"rendered":"<p>\u00c8 necessario ripensare l\u2019organizzazione degli uffici dell\u2019Ente in un sistema a matrice che da una parte tenga conto del tradizionale piano di suddivisione esistente di ambiti e settore e dall\u2019altra sia accostato ad una ripartizione per progetti. Sempre pi\u00f9 le politiche pubbliche hanno un impatto trasversale sulla comunit\u00e0 locali, per questo \u00e8 necessario avere anche [&hellip;]<\/p>\n","protected":false},"author":1,"featured_media":0,"parent":65,"menu_order":14,"comment_status":"closed","ping_status":"closed","template":"","meta":{"footnotes":""},"class_list":["post-180","page","type-page","status-publish","hentry"],"yoast_head":"<!-- This site is optimized with the Yoast SEO plugin v27.5 - https:\/\/yoast.com\/product\/yoast-seo-wordpress\/ -->\n<title>8. Venaria civica uffici, trasparenza, fondi UE - SINISTRA CIVICA<\/title>\n<meta name=\"robots\" content=\"index, follow, max-snippet:-1, max-image-preview:large, max-video-preview:-1\" \/>\n<link rel=\"canonical\" href=\"https:\/\/sinistracivica.it\/index.php\/programma\/8-venaria-civica-uffici-trasparenza-fondi-ue\/\" \/>\n<meta property=\"og:locale\" content=\"it_IT\" \/>\n<meta property=\"og:type\" content=\"article\" \/>\n<meta property=\"og:title\" content=\"8. Venaria civica uffici, trasparenza, fondi UE - SINISTRA CIVICA\" \/>\n<meta property=\"og:description\" content=\"\u00c8 necessario ripensare l\u2019organizzazione degli uffici dell\u2019Ente in un sistema a matrice che da una parte tenga conto del tradizionale piano di suddivisione esistente di ambiti e settore e dall\u2019altra sia accostato ad una ripartizione per progetti. Sempre pi\u00f9 le politiche pubbliche hanno un impatto trasversale sulla comunit\u00e0 locali, per questo \u00e8 necessario avere anche [&hellip;]\" \/>\n<meta property=\"og:url\" content=\"https:\/\/sinistracivica.it\/index.php\/programma\/8-venaria-civica-uffici-trasparenza-fondi-ue\/\" \/>\n<meta property=\"og:site_name\" content=\"SINISTRA CIVICA\" \/>\n<meta property=\"article:modified_time\" content=\"2020-07-13T19:12:06+00:00\" \/>\n<meta name=\"twitter:card\" content=\"summary_large_image\" \/>\n<meta name=\"twitter:label1\" content=\"Tempo di lettura stimato\" \/>\n\t<meta name=\"twitter:data1\" content=\"1 minuto\" \/>\n<script type=\"application\/ld+json\" class=\"yoast-schema-graph\">{\"@context\":\"https:\\\/\\\/schema.org\",\"@graph\":[{\"@type\":\"WebPage\",\"@id\":\"https:\\\/\\\/sinistracivica.it\\\/index.php\\\/programma\\\/8-venaria-civica-uffici-trasparenza-fondi-ue\\\/\",\"url\":\"https:\\\/\\\/sinistracivica.it\\\/index.php\\\/programma\\\/8-venaria-civica-uffici-trasparenza-fondi-ue\\\/\",\"name\":\"8. Venaria civica uffici, trasparenza, fondi UE - SINISTRA CIVICA\",\"isPartOf\":{\"@id\":\"https:\\\/\\\/sinistracivica.it\\\/#website\"},\"datePublished\":\"2020-02-21T23:58:32+00:00\",\"dateModified\":\"2020-07-13T19:12:06+00:00\",\"breadcrumb\":{\"@id\":\"https:\\\/\\\/sinistracivica.it\\\/index.php\\\/programma\\\/8-venaria-civica-uffici-trasparenza-fondi-ue\\\/#breadcrumb\"},\"inLanguage\":\"it-IT\",\"potentialAction\":[{\"@type\":\"ReadAction\",\"target\":[\"https:\\\/\\\/sinistracivica.it\\\/index.php\\\/programma\\\/8-venaria-civica-uffici-trasparenza-fondi-ue\\\/\"]}]},{\"@type\":\"BreadcrumbList\",\"@id\":\"https:\\\/\\\/sinistracivica.it\\\/index.php\\\/programma\\\/8-venaria-civica-uffici-trasparenza-fondi-ue\\\/#breadcrumb\",\"itemListElement\":[{\"@type\":\"ListItem\",\"position\":1,\"name\":\"Home\",\"item\":\"https:\\\/\\\/sinistracivica.it\\\/\"},{\"@type\":\"ListItem\",\"position\":2,\"name\":\"Programma Coalizione\",\"item\":\"https:\\\/\\\/sinistracivica.it\\\/index.php\\\/programma\\\/\"},{\"@type\":\"ListItem\",\"position\":3,\"name\":\"8. Venaria civica uffici, trasparenza, fondi UE\"}]},{\"@type\":\"WebSite\",\"@id\":\"https:\\\/\\\/sinistracivica.it\\\/#website\",\"url\":\"https:\\\/\\\/sinistracivica.it\\\/\",\"name\":\"SINISTRA CIVICA\",\"description\":\"\",\"publisher\":{\"@id\":\"https:\\\/\\\/sinistracivica.it\\\/#organization\"},\"potentialAction\":[{\"@type\":\"SearchAction\",\"target\":{\"@type\":\"EntryPoint\",\"urlTemplate\":\"https:\\\/\\\/sinistracivica.it\\\/?s={search_term_string}\"},\"query-input\":{\"@type\":\"PropertyValueSpecification\",\"valueRequired\":true,\"valueName\":\"search_term_string\"}}],\"inLanguage\":\"it-IT\"},{\"@type\":\"Organization\",\"@id\":\"https:\\\/\\\/sinistracivica.it\\\/#organization\",\"name\":\"SINISTRA CIVICA\",\"url\":\"https:\\\/\\\/sinistracivica.it\\\/\",\"logo\":{\"@type\":\"ImageObject\",\"inLanguage\":\"it-IT\",\"@id\":\"https:\\\/\\\/sinistracivica.it\\\/#\\\/schema\\\/logo\\\/image\\\/\",\"url\":\"https:\\\/\\\/sinistracivica.it\\\/wp-content\\\/uploads\\\/2021\\\/01\\\/cropped-Logo_ok.png\",\"contentUrl\":\"https:\\\/\\\/sinistracivica.it\\\/wp-content\\\/uploads\\\/2021\\\/01\\\/cropped-Logo_ok.png\",\"width\":512,\"height\":512,\"caption\":\"SINISTRA  CIVICA\"},\"image\":{\"@id\":\"https:\\\/\\\/sinistracivica.it\\\/#\\\/schema\\\/logo\\\/image\\\/\"}}]}<\/script>\n<!-- \/ Yoast SEO plugin. -->","yoast_head_json":{"title":"8. Venaria civica uffici, trasparenza, fondi UE - SINISTRA CIVICA","robots":{"index":"index","follow":"follow","max-snippet":"max-snippet:-1","max-image-preview":"max-image-preview:large","max-video-preview":"max-video-preview:-1"},"canonical":"https:\/\/sinistracivica.it\/index.php\/programma\/8-venaria-civica-uffici-trasparenza-fondi-ue\/","og_locale":"it_IT","og_type":"article","og_title":"8. Venaria civica uffici, trasparenza, fondi UE - SINISTRA CIVICA","og_description":"\u00c8 necessario ripensare l\u2019organizzazione degli uffici dell\u2019Ente in un sistema a matrice che da una parte tenga conto del tradizionale piano di suddivisione esistente di ambiti e settore e dall\u2019altra sia accostato ad una ripartizione per progetti. Sempre pi\u00f9 le politiche pubbliche hanno un impatto trasversale sulla comunit\u00e0 locali, per questo \u00e8 necessario avere anche [&hellip;]","og_url":"https:\/\/sinistracivica.it\/index.php\/programma\/8-venaria-civica-uffici-trasparenza-fondi-ue\/","og_site_name":"SINISTRA CIVICA","article_modified_time":"2020-07-13T19:12:06+00:00","twitter_card":"summary_large_image","twitter_misc":{"Tempo di lettura stimato":"1 minuto"},"schema":{"@context":"https:\/\/schema.org","@graph":[{"@type":"WebPage","@id":"https:\/\/sinistracivica.it\/index.php\/programma\/8-venaria-civica-uffici-trasparenza-fondi-ue\/","url":"https:\/\/sinistracivica.it\/index.php\/programma\/8-venaria-civica-uffici-trasparenza-fondi-ue\/","name":"8. Venaria civica uffici, trasparenza, fondi UE - SINISTRA CIVICA","isPartOf":{"@id":"https:\/\/sinistracivica.it\/#website"},"datePublished":"2020-02-21T23:58:32+00:00","dateModified":"2020-07-13T19:12:06+00:00","breadcrumb":{"@id":"https:\/\/sinistracivica.it\/index.php\/programma\/8-venaria-civica-uffici-trasparenza-fondi-ue\/#breadcrumb"},"inLanguage":"it-IT","potentialAction":[{"@type":"ReadAction","target":["https:\/\/sinistracivica.it\/index.php\/programma\/8-venaria-civica-uffici-trasparenza-fondi-ue\/"]}]},{"@type":"BreadcrumbList","@id":"https:\/\/sinistracivica.it\/index.php\/programma\/8-venaria-civica-uffici-trasparenza-fondi-ue\/#breadcrumb","itemListElement":[{"@type":"ListItem","position":1,"name":"Home","item":"https:\/\/sinistracivica.it\/"},{"@type":"ListItem","position":2,"name":"Programma Coalizione","item":"https:\/\/sinistracivica.it\/index.php\/programma\/"},{"@type":"ListItem","position":3,"name":"8. Venaria civica uffici, trasparenza, fondi UE"}]},{"@type":"WebSite","@id":"https:\/\/sinistracivica.it\/#website","url":"https:\/\/sinistracivica.it\/","name":"SINISTRA CIVICA","description":"","publisher":{"@id":"https:\/\/sinistracivica.it\/#organization"},"potentialAction":[{"@type":"SearchAction","target":{"@type":"EntryPoint","urlTemplate":"https:\/\/sinistracivica.it\/?s={search_term_string}"},"query-input":{"@type":"PropertyValueSpecification","valueRequired":true,"valueName":"search_term_string"}}],"inLanguage":"it-IT"},{"@type":"Organization","@id":"https:\/\/sinistracivica.it\/#organization","name":"SINISTRA CIVICA","url":"https:\/\/sinistracivica.it\/","logo":{"@type":"ImageObject","inLanguage":"it-IT","@id":"https:\/\/sinistracivica.it\/#\/schema\/logo\/image\/","url":"https:\/\/sinistracivica.it\/wp-content\/uploads\/2021\/01\/cropped-Logo_ok.png","contentUrl":"https:\/\/sinistracivica.it\/wp-content\/uploads\/2021\/01\/cropped-Logo_ok.png","width":512,"height":512,"caption":"SINISTRA  CIVICA"},"image":{"@id":"https:\/\/sinistracivica.it\/#\/schema\/logo\/image\/"}}]}},"_links":{"self":[{"href":"https:\/\/sinistracivica.it\/index.php\/wp-json\/wp\/v2\/pages\/180","targetHints":{"allow":["GET"]}}],"collection":[{"href":"https:\/\/sinistracivica.it\/index.php\/wp-json\/wp\/v2\/pages"}],"about":[{"href":"https:\/\/sinistracivica.it\/index.php\/wp-json\/wp\/v2\/types\/page"}],"author":[{"embeddable":true,"href":"https:\/\/sinistracivica.it\/index.php\/wp-json\/wp\/v2\/users\/1"}],"replies":[{"embeddable":true,"href":"https:\/\/sinistracivica.it\/index.php\/wp-json\/wp\/v2\/comments?post=180"}],"version-history":[{"count":3,"href":"https:\/\/sinistracivica.it\/index.php\/wp-json\/wp\/v2\/pages\/180\/revisions"}],"predecessor-version":[{"id":638,"href":"https:\/\/sinistracivica.it\/index.php\/wp-json\/wp\/v2\/pages\/180\/revisions\/638"}],"up":[{"embeddable":true,"href":"https:\/\/sinistracivica.it\/index.php\/wp-json\/wp\/v2\/pages\/65"}],"wp:attachment":[{"href":"https:\/\/sinistracivica.it\/index.php\/wp-json\/wp\/v2\/media?parent=180"}],"curies":[{"name":"wp","href":"https:\/\/api.w.org\/{rel}","templated":true}]}}