{"id":136,"date":"2020-02-21T23:22:45","date_gmt":"2020-02-21T23:22:45","guid":{"rendered":"https:\/\/sinistracivica.it\/?page_id=136"},"modified":"2021-01-21T13:05:31","modified_gmt":"2021-01-21T13:05:31","slug":"2-venaria-sostenibile-economia-ambiente-trasporti-territorio","status":"publish","type":"page","link":"https:\/\/sinistracivica.it\/index.php\/programma\/2-venaria-sostenibile-economia-ambiente-trasporti-territorio\/","title":{"rendered":"2. Venaria sostenibile economia, ambiente, trasporti, territorio"},"content":{"rendered":"\n<p class=\"has-black-color has-text-color\">L\u2019attuazione di una riconversione ecologica, soprattutto a livello locale, \u00e8 oggi estremamente necessaria. Diventano, quindi, sempre pi\u00f9 urgenti e indifferibili una serie di interventi rivolti all\u2019ambiente per una citt\u00e0 sostenibile. Il Comune pu\u00f2 adoperarsi per attuare e\/o promuovere una serie di misure ispirate ai principi dell\u2019economia circolare e alle 4R delle responsabilit\u00e0 condivisa: riduzione, riutilizzo, riciclo, recupero. Le politiche locali in materia di approvvigionamento e consumo di energia, di sistema di raccolta rifiuti, di consumo di suolo pubblico devono seguire tale orientamento per attuare una riconversione ecologica che pu\u00f2 diventare un\u2019occasione di sviluppo locale.<br>La salvaguardia del territorio, inteso come eco-sistema naturalistico ed urbanizzato rappresenta una priorit\u00e0 da perseguire sia con interventi diretti del Comune, sia sollecitando l\u2019azione degli Enti partecipati cui l\u2019Ente \u00e8 socio oppure gli enti sovraordinati competenti, anche in funzione del rischio idrogeologico in cui ricade una significativa area del territorio.<br>\u00c8 possibile pensare all\u2019istituzione del Parco fluviale della Venaria, sia per tutelare le fasce fluviali che per valorizzare il progetto Corona Verde. Un\u2019area naturale e protetta, con orari di apertura e chiusura, con spazi attrezzati ed altri lasciati al paesaggio e alla natura. Un Parco che si dovrebbe caratterizzare, con al proprio interno un \u201cpresidio attivo\u201d, sul modello di Cascina Brero e Cascina Oslera, per offrire alle scuole, ai ragazzi, alle famiglie proposte didattiche, ludiche, musicali, sportive e del tempo libero da costruire insieme, con la collaborazione delle nostre associazioni.<br>Il Parco La Mandria, insieme alla Reggia dichiarato dall\u2019Unesco Patrimonio dell\u2019Umanit\u00e0, necessita di un rilancio pari al potenziale che esprime per la sua posizione strategica ma ancor pi\u00f9 perch\u00e9 custode di un notevole patrimonio naturalistico, storico, architettonico e culturale.<\/p>\n","protected":false},"excerpt":{"rendered":"<p>L\u2019attuazione di una riconversione ecologica, soprattutto a livello locale, \u00e8 oggi estremamente necessaria. Diventano, quindi, sempre pi\u00f9 urgenti e indifferibili una serie di interventi rivolti all\u2019ambiente per una citt\u00e0 sostenibile. Il Comune pu\u00f2 adoperarsi per attuare e\/o promuovere una serie di misure ispirate ai principi dell\u2019economia circolare e alle 4R delle responsabilit\u00e0 condivisa: riduzione, riutilizzo, [&hellip;]<\/p>\n","protected":false},"author":1,"featured_media":0,"parent":65,"menu_order":8,"comment_status":"closed","ping_status":"closed","template":"","meta":{"footnotes":""},"class_list":["post-136","page","type-page","status-publish","hentry"],"yoast_head":"<!-- This site is optimized with the Yoast SEO plugin v27.4 - https:\/\/yoast.com\/product\/yoast-seo-wordpress\/ -->\n<title>2. Venaria sostenibile economia, ambiente, trasporti, territorio - SINISTRA CIVICA<\/title>\n<meta name=\"robots\" content=\"index, follow, max-snippet:-1, max-image-preview:large, max-video-preview:-1\" \/>\n<link rel=\"canonical\" href=\"https:\/\/sinistracivica.it\/index.php\/programma\/2-venaria-sostenibile-economia-ambiente-trasporti-territorio\/\" \/>\n<meta property=\"og:locale\" content=\"it_IT\" \/>\n<meta property=\"og:type\" content=\"article\" \/>\n<meta property=\"og:title\" content=\"2. Venaria sostenibile economia, ambiente, trasporti, territorio - SINISTRA CIVICA\" \/>\n<meta property=\"og:description\" content=\"L\u2019attuazione di una riconversione ecologica, soprattutto a livello locale, \u00e8 oggi estremamente necessaria. Diventano, quindi, sempre pi\u00f9 urgenti e indifferibili una serie di interventi rivolti all\u2019ambiente per una citt\u00e0 sostenibile. Il Comune pu\u00f2 adoperarsi per attuare e\/o promuovere una serie di misure ispirate ai principi dell\u2019economia circolare e alle 4R delle responsabilit\u00e0 condivisa: riduzione, riutilizzo, [&hellip;]\" \/>\n<meta property=\"og:url\" content=\"https:\/\/sinistracivica.it\/index.php\/programma\/2-venaria-sostenibile-economia-ambiente-trasporti-territorio\/\" \/>\n<meta property=\"og:site_name\" content=\"SINISTRA CIVICA\" \/>\n<meta property=\"article:modified_time\" content=\"2021-01-21T13:05:31+00:00\" \/>\n<meta name=\"twitter:card\" content=\"summary_large_image\" \/>\n<meta name=\"twitter:label1\" content=\"Tempo di lettura stimato\" \/>\n\t<meta name=\"twitter:data1\" content=\"2 minuti\" \/>\n<script type=\"application\/ld+json\" class=\"yoast-schema-graph\">{\"@context\":\"https:\\\/\\\/schema.org\",\"@graph\":[{\"@type\":\"WebPage\",\"@id\":\"https:\\\/\\\/sinistracivica.it\\\/index.php\\\/programma\\\/2-venaria-sostenibile-economia-ambiente-trasporti-territorio\\\/\",\"url\":\"https:\\\/\\\/sinistracivica.it\\\/index.php\\\/programma\\\/2-venaria-sostenibile-economia-ambiente-trasporti-territorio\\\/\",\"name\":\"2. Venaria sostenibile economia, ambiente, trasporti, territorio - SINISTRA CIVICA\",\"isPartOf\":{\"@id\":\"https:\\\/\\\/sinistracivica.it\\\/#website\"},\"datePublished\":\"2020-02-21T23:22:45+00:00\",\"dateModified\":\"2021-01-21T13:05:31+00:00\",\"breadcrumb\":{\"@id\":\"https:\\\/\\\/sinistracivica.it\\\/index.php\\\/programma\\\/2-venaria-sostenibile-economia-ambiente-trasporti-territorio\\\/#breadcrumb\"},\"inLanguage\":\"it-IT\",\"potentialAction\":[{\"@type\":\"ReadAction\",\"target\":[\"https:\\\/\\\/sinistracivica.it\\\/index.php\\\/programma\\\/2-venaria-sostenibile-economia-ambiente-trasporti-territorio\\\/\"]}]},{\"@type\":\"BreadcrumbList\",\"@id\":\"https:\\\/\\\/sinistracivica.it\\\/index.php\\\/programma\\\/2-venaria-sostenibile-economia-ambiente-trasporti-territorio\\\/#breadcrumb\",\"itemListElement\":[{\"@type\":\"ListItem\",\"position\":1,\"name\":\"Home\",\"item\":\"https:\\\/\\\/sinistracivica.it\\\/\"},{\"@type\":\"ListItem\",\"position\":2,\"name\":\"Programma Coalizione\",\"item\":\"https:\\\/\\\/sinistracivica.it\\\/index.php\\\/programma\\\/\"},{\"@type\":\"ListItem\",\"position\":3,\"name\":\"2. Venaria sostenibile economia, ambiente, trasporti, territorio\"}]},{\"@type\":\"WebSite\",\"@id\":\"https:\\\/\\\/sinistracivica.it\\\/#website\",\"url\":\"https:\\\/\\\/sinistracivica.it\\\/\",\"name\":\"SINISTRA CIVICA\",\"description\":\"\",\"publisher\":{\"@id\":\"https:\\\/\\\/sinistracivica.it\\\/#organization\"},\"potentialAction\":[{\"@type\":\"SearchAction\",\"target\":{\"@type\":\"EntryPoint\",\"urlTemplate\":\"https:\\\/\\\/sinistracivica.it\\\/?s={search_term_string}\"},\"query-input\":{\"@type\":\"PropertyValueSpecification\",\"valueRequired\":true,\"valueName\":\"search_term_string\"}}],\"inLanguage\":\"it-IT\"},{\"@type\":\"Organization\",\"@id\":\"https:\\\/\\\/sinistracivica.it\\\/#organization\",\"name\":\"SINISTRA CIVICA\",\"url\":\"https:\\\/\\\/sinistracivica.it\\\/\",\"logo\":{\"@type\":\"ImageObject\",\"inLanguage\":\"it-IT\",\"@id\":\"https:\\\/\\\/sinistracivica.it\\\/#\\\/schema\\\/logo\\\/image\\\/\",\"url\":\"https:\\\/\\\/sinistracivica.it\\\/wp-content\\\/uploads\\\/2021\\\/01\\\/cropped-Logo_ok.png\",\"contentUrl\":\"https:\\\/\\\/sinistracivica.it\\\/wp-content\\\/uploads\\\/2021\\\/01\\\/cropped-Logo_ok.png\",\"width\":512,\"height\":512,\"caption\":\"SINISTRA  CIVICA\"},\"image\":{\"@id\":\"https:\\\/\\\/sinistracivica.it\\\/#\\\/schema\\\/logo\\\/image\\\/\"}}]}<\/script>\n<!-- \/ Yoast SEO plugin. -->","yoast_head_json":{"title":"2. Venaria sostenibile economia, ambiente, trasporti, territorio - SINISTRA CIVICA","robots":{"index":"index","follow":"follow","max-snippet":"max-snippet:-1","max-image-preview":"max-image-preview:large","max-video-preview":"max-video-preview:-1"},"canonical":"https:\/\/sinistracivica.it\/index.php\/programma\/2-venaria-sostenibile-economia-ambiente-trasporti-territorio\/","og_locale":"it_IT","og_type":"article","og_title":"2. Venaria sostenibile economia, ambiente, trasporti, territorio - SINISTRA CIVICA","og_description":"L\u2019attuazione di una riconversione ecologica, soprattutto a livello locale, \u00e8 oggi estremamente necessaria. Diventano, quindi, sempre pi\u00f9 urgenti e indifferibili una serie di interventi rivolti all\u2019ambiente per una citt\u00e0 sostenibile. Il Comune pu\u00f2 adoperarsi per attuare e\/o promuovere una serie di misure ispirate ai principi dell\u2019economia circolare e alle 4R delle responsabilit\u00e0 condivisa: riduzione, riutilizzo, [&hellip;]","og_url":"https:\/\/sinistracivica.it\/index.php\/programma\/2-venaria-sostenibile-economia-ambiente-trasporti-territorio\/","og_site_name":"SINISTRA CIVICA","article_modified_time":"2021-01-21T13:05:31+00:00","twitter_card":"summary_large_image","twitter_misc":{"Tempo di lettura stimato":"2 minuti"},"schema":{"@context":"https:\/\/schema.org","@graph":[{"@type":"WebPage","@id":"https:\/\/sinistracivica.it\/index.php\/programma\/2-venaria-sostenibile-economia-ambiente-trasporti-territorio\/","url":"https:\/\/sinistracivica.it\/index.php\/programma\/2-venaria-sostenibile-economia-ambiente-trasporti-territorio\/","name":"2. Venaria sostenibile economia, ambiente, trasporti, territorio - SINISTRA CIVICA","isPartOf":{"@id":"https:\/\/sinistracivica.it\/#website"},"datePublished":"2020-02-21T23:22:45+00:00","dateModified":"2021-01-21T13:05:31+00:00","breadcrumb":{"@id":"https:\/\/sinistracivica.it\/index.php\/programma\/2-venaria-sostenibile-economia-ambiente-trasporti-territorio\/#breadcrumb"},"inLanguage":"it-IT","potentialAction":[{"@type":"ReadAction","target":["https:\/\/sinistracivica.it\/index.php\/programma\/2-venaria-sostenibile-economia-ambiente-trasporti-territorio\/"]}]},{"@type":"BreadcrumbList","@id":"https:\/\/sinistracivica.it\/index.php\/programma\/2-venaria-sostenibile-economia-ambiente-trasporti-territorio\/#breadcrumb","itemListElement":[{"@type":"ListItem","position":1,"name":"Home","item":"https:\/\/sinistracivica.it\/"},{"@type":"ListItem","position":2,"name":"Programma Coalizione","item":"https:\/\/sinistracivica.it\/index.php\/programma\/"},{"@type":"ListItem","position":3,"name":"2. Venaria sostenibile economia, ambiente, trasporti, territorio"}]},{"@type":"WebSite","@id":"https:\/\/sinistracivica.it\/#website","url":"https:\/\/sinistracivica.it\/","name":"SINISTRA CIVICA","description":"","publisher":{"@id":"https:\/\/sinistracivica.it\/#organization"},"potentialAction":[{"@type":"SearchAction","target":{"@type":"EntryPoint","urlTemplate":"https:\/\/sinistracivica.it\/?s={search_term_string}"},"query-input":{"@type":"PropertyValueSpecification","valueRequired":true,"valueName":"search_term_string"}}],"inLanguage":"it-IT"},{"@type":"Organization","@id":"https:\/\/sinistracivica.it\/#organization","name":"SINISTRA CIVICA","url":"https:\/\/sinistracivica.it\/","logo":{"@type":"ImageObject","inLanguage":"it-IT","@id":"https:\/\/sinistracivica.it\/#\/schema\/logo\/image\/","url":"https:\/\/sinistracivica.it\/wp-content\/uploads\/2021\/01\/cropped-Logo_ok.png","contentUrl":"https:\/\/sinistracivica.it\/wp-content\/uploads\/2021\/01\/cropped-Logo_ok.png","width":512,"height":512,"caption":"SINISTRA  CIVICA"},"image":{"@id":"https:\/\/sinistracivica.it\/#\/schema\/logo\/image\/"}}]}},"_links":{"self":[{"href":"https:\/\/sinistracivica.it\/index.php\/wp-json\/wp\/v2\/pages\/136","targetHints":{"allow":["GET"]}}],"collection":[{"href":"https:\/\/sinistracivica.it\/index.php\/wp-json\/wp\/v2\/pages"}],"about":[{"href":"https:\/\/sinistracivica.it\/index.php\/wp-json\/wp\/v2\/types\/page"}],"author":[{"embeddable":true,"href":"https:\/\/sinistracivica.it\/index.php\/wp-json\/wp\/v2\/users\/1"}],"replies":[{"embeddable":true,"href":"https:\/\/sinistracivica.it\/index.php\/wp-json\/wp\/v2\/comments?post=136"}],"version-history":[{"count":3,"href":"https:\/\/sinistracivica.it\/index.php\/wp-json\/wp\/v2\/pages\/136\/revisions"}],"predecessor-version":[{"id":1599,"href":"https:\/\/sinistracivica.it\/index.php\/wp-json\/wp\/v2\/pages\/136\/revisions\/1599"}],"up":[{"embeddable":true,"href":"https:\/\/sinistracivica.it\/index.php\/wp-json\/wp\/v2\/pages\/65"}],"wp:attachment":[{"href":"https:\/\/sinistracivica.it\/index.php\/wp-json\/wp\/v2\/media?parent=136"}],"curies":[{"name":"wp","href":"https:\/\/api.w.org\/{rel}","templated":true}]}}