{"id":124,"date":"2020-02-21T23:08:54","date_gmt":"2020-02-21T23:08:54","guid":{"rendered":"https:\/\/sinistracivica.it\/?page_id=124"},"modified":"2021-01-20T13:01:04","modified_gmt":"2021-01-20T13:01:04","slug":"il-nuovo-ruolo-del-comune-unalleanza-di-comunita","status":"publish","type":"page","link":"https:\/\/sinistracivica.it\/index.php\/programma\/il-nuovo-ruolo-del-comune-unalleanza-di-comunita\/","title":{"rendered":"Il nuovo ruolo del Comune: un\u2019alleanza di comunit\u00e0"},"content":{"rendered":"\n<p class=\"has-black-color has-text-color\">Nella sua funzione tradizionale, l\u2019Amministrazione comunale \u00e8 l\u2019ente erogatore di beni e servizi di pubblica utilit\u00e0, previsti per legge, cui ci si rivolge per tutte le questioni di competenza (e non solo, essendo l\u2019interlocutore pi\u00f9 prossimo per il cittadino). All\u2019Amministrazione comunale, nell\u2019immaginario collettivo, spetta farsi carico di trovare le soluzioni al vivere comune, andando a soddisfare quei bisogni che il cittadino giustamente rivendica. L\u2019esperienza ci insegna come, spesso, ogni buon proposito di chi governa si scontri con la forza delle cose e con i vincoli imposti da risorse disponibili, procedure amministrative complesse, burocrazia imperante.<br>A questa visione tradizionale, ne proponiamo una alternativa. Il Comune pu\u00f2 svolgere la sua missione istituzionale con un ruolo rinnovato all\u2019interno di un\u2019alleanza di comunit\u00e0: Il Comune, attraverso i propri uffici ed enti strumentali, impegnato nel soddisfare le esigenze dei cittadini e\/o delle parti che formano la comunit\u00e0, diventa l\u2019Ente che attiva le reti di cui \u00e8 composta una comunit\u00e0 perch\u00e9 la risposta al bisogno sia la comunit\u00e0 stessa a fornirlo, attraverso l\u2019alleanza delle sue parti, ciascuna secondo il proprio ruolo e competenza.<br>Il Comune quale agente di sviluppo locale, per una nuova azione amministrativa, fondata su una nuova forma di relazione fra Pubblica Amministrazione e comunit\u00e0, riassumibile in un\u2019Agenda per l\u2019Innovazione Sociale e per lo Sviluppo sostenibile dei Comuni (AGISCO)\u201d.<br>L\u2019alleanza di comunit\u00e0 vuol dire trasformare le collaborazioni in essere (presenti anche sul nostro territorio) in un sistema integrato d\u2019intervento. Vuol dire formalizzare modalit\u00e0 di lavoro con atti pubblici dove avviene il reciproco riconoscimento del ruolo di ciascuno.<br>Questa approccio porta con s\u00e9 una visione diversa sia d\u2019intendere l\u2019agire politico che il concetto stesso di partecipazione. All\u2019interno dell\u2019alleanza di comunit\u00e0 gli enti coinvolti sono co-responsabili insieme al Comune delle azioni che riguardano la comunit\u00e0 stessa e concorrono al raggiungimento degli obiettivi condivisi, secondo il principio di cooperazione.<br>L\u2019Amministrazione comunale quale ente capofila e garante dell\u2019attivazione di un\u2019alleanza comunitaria con gli Enti del territorio (CISSA-Consorzio Intercomunale dei Servizi Socio Assistenziali, Istituti scolastici, Centro per l\u2019impiego, ASL, Parrocchie, associazioni ed enti del terzo settore, associazioni di categorie e mondo produttivo), affinch\u00e9 sia la comunit\u00e0, nelle sue parti costituenti, secondo il principio di solidariet\u00e0 e sussidiariet\u00e0, a delineare le migliori soluzioni sia per le questioni urgenti che per i progetti di ampio respiro.<br>Un\u2019alleanza di comunit\u00e0, capace di dar vita a un \u201csoggetto collettivo multi-esperto\u201d, frutto dell\u2019integrazione di saperi, risorse e azioni dei soggetti, pubblici, privati e del terzo settore. Il Comune non come \u201crisponditore<br>automatico\u201d delle esigenze del vivere comune ma come ri-generatore di una comunit\u00e0 in grado di provvedere a s\u00e9 stessa, attivando le reti di prossimit\u00e0 <span style=\"color:#1346df\" class=\"has-inline-color\">[4]<\/span>.<br>Tale orientamento trova concretezza nella previsione di istituire \u201cTavoli di Programmazione e Lavoro (TPL)\u201d, formalizzati con apposito atto pubblico quali luoghi di concertazione e condivisione delle politiche pubbliche a supporto dei diversi assessorati di competenza. Non semplici consulte ma spazi di partecipazione reale alle scelte da compiere.<br>Si prevede l\u2019adozione di un Atto deliberativo per la nascita dei tavoli, normandone la composizione, il ruolo e le competenze, nei seguenti settori:<br><strong>\uf0b7<\/strong> TPL &#8211; IMPRESE e LAVORO &#8211; rappresentanti delle associazioni di categorie, associazioni di via, centro per l&#8217;Impiego, agenzie interinali;<br><strong>\uf0b7<\/strong> TPL \u2013 SALUTE E SOLIDARIET\u00c0 &#8211; CISSA, ASL, Caritas parrocchiali, associazioni sociali;<br><strong>\uf0b7<\/strong> TPL &#8211; SISTEMA EDUCATIVO &#8211; scuole, parrocchie, associazioni giovanili;<br><strong>\uf0b7<\/strong> TPL &#8211; SPORT E TEMPO LIBERO &#8211; associazioni sportive e ricreative, scuole;<br><strong>\uf0b7 <\/strong>TPL &#8211; CULTURA e ASSOCIAZIONI &#8211; in questo caso il tavolo sarebbe l&#8217;Assemblea dei partecipanti della Fondazione Via Maestra, dando piena attuazione a quella parte dello statuto che prevede un coinvolgimento diretto (consultivo e propositivo) del mondo delle associazioni.<\/p>\n\n\n\n<hr class=\"wp-block-separator\"\/>\n\n\n\n<p class=\"has-text-align-center\"><span class=\"has-inline-color has-primary-color\">appendice<\/span><\/p>\n\n\n\n<p><span style=\"color:#1346df\" class=\"has-inline-color\"><em><strong>[4]<\/strong><\/em><\/span><em> \u201cNon \u00e8 pi\u00f9 possibile in termini di efficacia pensare in modo individuale\u2026 Sento che c\u2019\u00e8 bisogno di costruire comunit\u00e0 di pensiero autenticamente crossover, in cui cultura, salute, welfare, educazione, economia s\u2019incontrino e co-progettino. Ma \u00e8 necessario andare oltre anche la dimensione del professionismo, ci vuole una comunit\u00e0 crossover con coloro che sono \u201cesperti di vita\u201d: donne, famiglie, giovani, anziani, cittadini tutti \u201cadulti e competenti\u201d che conoscono i propri bisogni e risorse\u201d. (Alessandra Rossi Ghiglione).<\/em><\/p>\n","protected":false},"excerpt":{"rendered":"<p>Nella sua funzione tradizionale, l\u2019Amministrazione comunale \u00e8 l\u2019ente erogatore di beni e servizi di pubblica utilit\u00e0, previsti per legge, cui ci si rivolge per tutte le questioni di competenza (e non solo, essendo l\u2019interlocutore pi\u00f9 prossimo per il cittadino). All\u2019Amministrazione comunale, nell\u2019immaginario collettivo, spetta farsi carico di trovare le soluzioni al vivere comune, andando a [&hellip;]<\/p>\n","protected":false},"author":1,"featured_media":0,"parent":65,"menu_order":0,"comment_status":"closed","ping_status":"closed","template":"","meta":{"footnotes":""},"class_list":["post-124","page","type-page","status-publish","hentry"],"yoast_head":"<!-- This site is optimized with the Yoast SEO plugin v27.5 - https:\/\/yoast.com\/product\/yoast-seo-wordpress\/ -->\n<title>Il nuovo ruolo del Comune: un\u2019alleanza di comunit\u00e0 - SINISTRA CIVICA<\/title>\n<meta name=\"robots\" content=\"index, follow, max-snippet:-1, max-image-preview:large, max-video-preview:-1\" \/>\n<link rel=\"canonical\" href=\"https:\/\/sinistracivica.it\/index.php\/programma\/il-nuovo-ruolo-del-comune-unalleanza-di-comunita\/\" \/>\n<meta property=\"og:locale\" content=\"it_IT\" \/>\n<meta property=\"og:type\" content=\"article\" \/>\n<meta property=\"og:title\" content=\"Il nuovo ruolo del Comune: un\u2019alleanza di comunit\u00e0 - SINISTRA CIVICA\" \/>\n<meta property=\"og:description\" content=\"Nella sua funzione tradizionale, l\u2019Amministrazione comunale \u00e8 l\u2019ente erogatore di beni e servizi di pubblica utilit\u00e0, previsti per legge, cui ci si rivolge per tutte le questioni di competenza (e non solo, essendo l\u2019interlocutore pi\u00f9 prossimo per il cittadino). All\u2019Amministrazione comunale, nell\u2019immaginario collettivo, spetta farsi carico di trovare le soluzioni al vivere comune, andando a [&hellip;]\" \/>\n<meta property=\"og:url\" content=\"https:\/\/sinistracivica.it\/index.php\/programma\/il-nuovo-ruolo-del-comune-unalleanza-di-comunita\/\" \/>\n<meta property=\"og:site_name\" content=\"SINISTRA CIVICA\" \/>\n<meta property=\"article:modified_time\" content=\"2021-01-20T13:01:04+00:00\" \/>\n<meta name=\"twitter:card\" content=\"summary_large_image\" \/>\n<meta name=\"twitter:label1\" content=\"Tempo di lettura stimato\" \/>\n\t<meta name=\"twitter:data1\" content=\"3 minuti\" \/>\n<script type=\"application\/ld+json\" class=\"yoast-schema-graph\">{\"@context\":\"https:\\\/\\\/schema.org\",\"@graph\":[{\"@type\":\"WebPage\",\"@id\":\"https:\\\/\\\/sinistracivica.it\\\/index.php\\\/programma\\\/il-nuovo-ruolo-del-comune-unalleanza-di-comunita\\\/\",\"url\":\"https:\\\/\\\/sinistracivica.it\\\/index.php\\\/programma\\\/il-nuovo-ruolo-del-comune-unalleanza-di-comunita\\\/\",\"name\":\"Il nuovo ruolo del Comune: un\u2019alleanza di comunit\u00e0 - SINISTRA CIVICA\",\"isPartOf\":{\"@id\":\"https:\\\/\\\/sinistracivica.it\\\/#website\"},\"datePublished\":\"2020-02-21T23:08:54+00:00\",\"dateModified\":\"2021-01-20T13:01:04+00:00\",\"breadcrumb\":{\"@id\":\"https:\\\/\\\/sinistracivica.it\\\/index.php\\\/programma\\\/il-nuovo-ruolo-del-comune-unalleanza-di-comunita\\\/#breadcrumb\"},\"inLanguage\":\"it-IT\",\"potentialAction\":[{\"@type\":\"ReadAction\",\"target\":[\"https:\\\/\\\/sinistracivica.it\\\/index.php\\\/programma\\\/il-nuovo-ruolo-del-comune-unalleanza-di-comunita\\\/\"]}]},{\"@type\":\"BreadcrumbList\",\"@id\":\"https:\\\/\\\/sinistracivica.it\\\/index.php\\\/programma\\\/il-nuovo-ruolo-del-comune-unalleanza-di-comunita\\\/#breadcrumb\",\"itemListElement\":[{\"@type\":\"ListItem\",\"position\":1,\"name\":\"Home\",\"item\":\"https:\\\/\\\/sinistracivica.it\\\/\"},{\"@type\":\"ListItem\",\"position\":2,\"name\":\"Programma Coalizione\",\"item\":\"https:\\\/\\\/sinistracivica.it\\\/index.php\\\/programma\\\/\"},{\"@type\":\"ListItem\",\"position\":3,\"name\":\"Il nuovo ruolo del Comune: un\u2019alleanza di comunit\u00e0\"}]},{\"@type\":\"WebSite\",\"@id\":\"https:\\\/\\\/sinistracivica.it\\\/#website\",\"url\":\"https:\\\/\\\/sinistracivica.it\\\/\",\"name\":\"SINISTRA CIVICA\",\"description\":\"\",\"publisher\":{\"@id\":\"https:\\\/\\\/sinistracivica.it\\\/#organization\"},\"potentialAction\":[{\"@type\":\"SearchAction\",\"target\":{\"@type\":\"EntryPoint\",\"urlTemplate\":\"https:\\\/\\\/sinistracivica.it\\\/?s={search_term_string}\"},\"query-input\":{\"@type\":\"PropertyValueSpecification\",\"valueRequired\":true,\"valueName\":\"search_term_string\"}}],\"inLanguage\":\"it-IT\"},{\"@type\":\"Organization\",\"@id\":\"https:\\\/\\\/sinistracivica.it\\\/#organization\",\"name\":\"SINISTRA CIVICA\",\"url\":\"https:\\\/\\\/sinistracivica.it\\\/\",\"logo\":{\"@type\":\"ImageObject\",\"inLanguage\":\"it-IT\",\"@id\":\"https:\\\/\\\/sinistracivica.it\\\/#\\\/schema\\\/logo\\\/image\\\/\",\"url\":\"https:\\\/\\\/sinistracivica.it\\\/wp-content\\\/uploads\\\/2021\\\/01\\\/cropped-Logo_ok.png\",\"contentUrl\":\"https:\\\/\\\/sinistracivica.it\\\/wp-content\\\/uploads\\\/2021\\\/01\\\/cropped-Logo_ok.png\",\"width\":512,\"height\":512,\"caption\":\"SINISTRA  CIVICA\"},\"image\":{\"@id\":\"https:\\\/\\\/sinistracivica.it\\\/#\\\/schema\\\/logo\\\/image\\\/\"}}]}<\/script>\n<!-- \/ Yoast SEO plugin. -->","yoast_head_json":{"title":"Il nuovo ruolo del Comune: un\u2019alleanza di comunit\u00e0 - SINISTRA CIVICA","robots":{"index":"index","follow":"follow","max-snippet":"max-snippet:-1","max-image-preview":"max-image-preview:large","max-video-preview":"max-video-preview:-1"},"canonical":"https:\/\/sinistracivica.it\/index.php\/programma\/il-nuovo-ruolo-del-comune-unalleanza-di-comunita\/","og_locale":"it_IT","og_type":"article","og_title":"Il nuovo ruolo del Comune: un\u2019alleanza di comunit\u00e0 - SINISTRA CIVICA","og_description":"Nella sua funzione tradizionale, l\u2019Amministrazione comunale \u00e8 l\u2019ente erogatore di beni e servizi di pubblica utilit\u00e0, previsti per legge, cui ci si rivolge per tutte le questioni di competenza (e non solo, essendo l\u2019interlocutore pi\u00f9 prossimo per il cittadino). All\u2019Amministrazione comunale, nell\u2019immaginario collettivo, spetta farsi carico di trovare le soluzioni al vivere comune, andando a [&hellip;]","og_url":"https:\/\/sinistracivica.it\/index.php\/programma\/il-nuovo-ruolo-del-comune-unalleanza-di-comunita\/","og_site_name":"SINISTRA CIVICA","article_modified_time":"2021-01-20T13:01:04+00:00","twitter_card":"summary_large_image","twitter_misc":{"Tempo di lettura stimato":"3 minuti"},"schema":{"@context":"https:\/\/schema.org","@graph":[{"@type":"WebPage","@id":"https:\/\/sinistracivica.it\/index.php\/programma\/il-nuovo-ruolo-del-comune-unalleanza-di-comunita\/","url":"https:\/\/sinistracivica.it\/index.php\/programma\/il-nuovo-ruolo-del-comune-unalleanza-di-comunita\/","name":"Il nuovo ruolo del Comune: un\u2019alleanza di comunit\u00e0 - SINISTRA CIVICA","isPartOf":{"@id":"https:\/\/sinistracivica.it\/#website"},"datePublished":"2020-02-21T23:08:54+00:00","dateModified":"2021-01-20T13:01:04+00:00","breadcrumb":{"@id":"https:\/\/sinistracivica.it\/index.php\/programma\/il-nuovo-ruolo-del-comune-unalleanza-di-comunita\/#breadcrumb"},"inLanguage":"it-IT","potentialAction":[{"@type":"ReadAction","target":["https:\/\/sinistracivica.it\/index.php\/programma\/il-nuovo-ruolo-del-comune-unalleanza-di-comunita\/"]}]},{"@type":"BreadcrumbList","@id":"https:\/\/sinistracivica.it\/index.php\/programma\/il-nuovo-ruolo-del-comune-unalleanza-di-comunita\/#breadcrumb","itemListElement":[{"@type":"ListItem","position":1,"name":"Home","item":"https:\/\/sinistracivica.it\/"},{"@type":"ListItem","position":2,"name":"Programma Coalizione","item":"https:\/\/sinistracivica.it\/index.php\/programma\/"},{"@type":"ListItem","position":3,"name":"Il nuovo ruolo del Comune: un\u2019alleanza di comunit\u00e0"}]},{"@type":"WebSite","@id":"https:\/\/sinistracivica.it\/#website","url":"https:\/\/sinistracivica.it\/","name":"SINISTRA CIVICA","description":"","publisher":{"@id":"https:\/\/sinistracivica.it\/#organization"},"potentialAction":[{"@type":"SearchAction","target":{"@type":"EntryPoint","urlTemplate":"https:\/\/sinistracivica.it\/?s={search_term_string}"},"query-input":{"@type":"PropertyValueSpecification","valueRequired":true,"valueName":"search_term_string"}}],"inLanguage":"it-IT"},{"@type":"Organization","@id":"https:\/\/sinistracivica.it\/#organization","name":"SINISTRA CIVICA","url":"https:\/\/sinistracivica.it\/","logo":{"@type":"ImageObject","inLanguage":"it-IT","@id":"https:\/\/sinistracivica.it\/#\/schema\/logo\/image\/","url":"https:\/\/sinistracivica.it\/wp-content\/uploads\/2021\/01\/cropped-Logo_ok.png","contentUrl":"https:\/\/sinistracivica.it\/wp-content\/uploads\/2021\/01\/cropped-Logo_ok.png","width":512,"height":512,"caption":"SINISTRA  CIVICA"},"image":{"@id":"https:\/\/sinistracivica.it\/#\/schema\/logo\/image\/"}}]}},"_links":{"self":[{"href":"https:\/\/sinistracivica.it\/index.php\/wp-json\/wp\/v2\/pages\/124","targetHints":{"allow":["GET"]}}],"collection":[{"href":"https:\/\/sinistracivica.it\/index.php\/wp-json\/wp\/v2\/pages"}],"about":[{"href":"https:\/\/sinistracivica.it\/index.php\/wp-json\/wp\/v2\/types\/page"}],"author":[{"embeddable":true,"href":"https:\/\/sinistracivica.it\/index.php\/wp-json\/wp\/v2\/users\/1"}],"replies":[{"embeddable":true,"href":"https:\/\/sinistracivica.it\/index.php\/wp-json\/wp\/v2\/comments?post=124"}],"version-history":[{"count":6,"href":"https:\/\/sinistracivica.it\/index.php\/wp-json\/wp\/v2\/pages\/124\/revisions"}],"predecessor-version":[{"id":1594,"href":"https:\/\/sinistracivica.it\/index.php\/wp-json\/wp\/v2\/pages\/124\/revisions\/1594"}],"up":[{"embeddable":true,"href":"https:\/\/sinistracivica.it\/index.php\/wp-json\/wp\/v2\/pages\/65"}],"wp:attachment":[{"href":"https:\/\/sinistracivica.it\/index.php\/wp-json\/wp\/v2\/media?parent=124"}],"curies":[{"name":"wp","href":"https:\/\/api.w.org\/{rel}","templated":true}]}}