{"id":118,"date":"2020-02-21T23:02:26","date_gmt":"2020-02-21T23:02:26","guid":{"rendered":"https:\/\/sinistracivica.it\/?page_id=118"},"modified":"2021-01-20T12:59:45","modified_gmt":"2021-01-20T12:59:45","slug":"il-contesto-politico-e-normativo-di-riferimento","status":"publish","type":"page","link":"https:\/\/sinistracivica.it\/index.php\/il-contesto-politico-e-normativo-di-riferimento\/","title":{"rendered":"Il contesto politico e normativo di riferimento"},"content":{"rendered":"\n<p class=\"has-black-color has-text-color\">L\u2019agenda 2030 rappresenta il documento principale riconosciuto dalla comunit\u00e0 internazionale, cui si ispirano le politiche pubbliche dei governi, nonch\u00e9 la stessa Unione Europea. Anche l\u2019Italia ha recepito gli indirizzi contenuti nelle diverse disposizioni normative. Gi\u00e0 nel 2016, si leggeva nel DPEF che \u201cl\u2019esperienza del monitoraggio delle politiche pubbliche attraverso gli indicatori di benessere si irrobustisce secondo il percorso indicato dalla Legge di bilancio (163 del 2016). Per il secondo anno \u00e8 stata presentata la Relazione al Parlamento sugli indicatori Bes (febbraio 2019) che contiene una prima valutazione dei possibili effetti della legge di bilancio sugli indicatori di benessere. La serie storica dei 12 indicatori in linea con gli obiettivi del millennio\u201d.<br>Nel nostro Paese, il livello di raggiungimento dei 17 obiettivi di sviluppo sostenibili viene misurato con l\u2019aiuto di un rapporto dell\u2019ISTAT, denominato<strong> Rapporto BES benessere equo e sostenibile<\/strong> <span style=\"color:#1346df\" class=\"has-inline-color\">[3]<\/span>. Infatti, non \u00e8 pi\u00f9 solo la crescita economica ad indicare il grado di sviluppo raggiunto ma il pu\u00f2 ampio ed onnicomprensivo concetto di benessere, misurato attraverso un sistema di indicatori in grado di misurare l\u2019evoluzione del benessere nelle sue diverse dimensioni, in linea con gli obiettivi dell\u2019Agenda e declinati in 12 ambiti di osservazioni, con una particolare attenzione alle differenze territoriali, per genere e generazione.<br>Il contesto delineato dall\u2019insieme dei Rapporti esaminati rappresenta il quadro di riferimento in cui si inseriscono le linee programmatiche del Governo italiano e delle diverse Amministrazioni regionali, improntate ad affrontare la sfida di una nuova stagione che faccia dell\u2019Agenda 2030 sullo sviluppo sostenibile il suo punto di forza.<br>Il nostro programma si inserisce nel contesto normativo delineato, contestualizzando il nostro agire all\u2019interno di uno scenario di interconnessione che collega il locale al globale.<br>Il contesto descritto, oltre all\u2019ancoraggio normativo, suggerisce la necessit\u00e0 di fondare le politiche pubbliche sulla base di indicatori oggettivi al fine aggiornare\/correggere, sia in corso sia ex post, le scelte adottate. Al contrario, spesso la politica locale si nutre pi\u00f9 della somma\/sintesi di indicatori da percezione di chi abita il territorio, non supportati da dati reali.<br>Il nostro progetto si propone di capovolgere tale logica, senza rinunciare al dato di esperienza del vissuto ma integrato da dati con indicatori misurabili, in grado di definire i bisogni della comunit\u00e0, per compiere scelte consapevoli, prudenti e oculate.<\/p>\n\n\n\n<hr class=\"wp-block-separator\"\/>\n\n\n\n<p class=\"has-text-align-center\">appendice[<\/p>\n\n\n\n<p><span style=\"color:#1346df\" class=\"has-inline-color\">[3]<\/span><em> <a rel=\"noreferrer noopener\" href=\"https:\/\/www.istat.it\/it\/archivio\/236714\" target=\"_blank\">https:\/\/www.istat.it\/it\/archivio\/236714<\/a><\/em><\/p>\n","protected":false},"excerpt":{"rendered":"<p>L\u2019agenda 2030 rappresenta il documento principale riconosciuto dalla comunit\u00e0 internazionale, cui si ispirano le politiche pubbliche dei governi, nonch\u00e9 la stessa Unione Europea. Anche l\u2019Italia ha recepito gli indirizzi contenuti nelle diverse disposizioni normative. Gi\u00e0 nel 2016, si leggeva nel DPEF che \u201cl\u2019esperienza del monitoraggio delle politiche pubbliche attraverso gli indicatori di benessere si irrobustisce [&hellip;]<\/p>\n","protected":false},"author":1,"featured_media":0,"parent":0,"menu_order":0,"comment_status":"closed","ping_status":"closed","template":"","meta":{"footnotes":""},"class_list":["post-118","page","type-page","status-publish","hentry"],"yoast_head":"<!-- This site is optimized with the Yoast SEO plugin v27.5 - https:\/\/yoast.com\/product\/yoast-seo-wordpress\/ -->\n<title>Il contesto politico e normativo di riferimento - SINISTRA CIVICA<\/title>\n<meta name=\"robots\" content=\"index, follow, max-snippet:-1, max-image-preview:large, max-video-preview:-1\" \/>\n<link rel=\"canonical\" href=\"https:\/\/sinistracivica.it\/index.php\/il-contesto-politico-e-normativo-di-riferimento\/\" \/>\n<meta property=\"og:locale\" content=\"it_IT\" \/>\n<meta property=\"og:type\" content=\"article\" \/>\n<meta property=\"og:title\" content=\"Il contesto politico e normativo di riferimento - SINISTRA CIVICA\" \/>\n<meta property=\"og:description\" content=\"L\u2019agenda 2030 rappresenta il documento principale riconosciuto dalla comunit\u00e0 internazionale, cui si ispirano le politiche pubbliche dei governi, nonch\u00e9 la stessa Unione Europea. Anche l\u2019Italia ha recepito gli indirizzi contenuti nelle diverse disposizioni normative. Gi\u00e0 nel 2016, si leggeva nel DPEF che \u201cl\u2019esperienza del monitoraggio delle politiche pubbliche attraverso gli indicatori di benessere si irrobustisce [&hellip;]\" \/>\n<meta property=\"og:url\" content=\"https:\/\/sinistracivica.it\/index.php\/il-contesto-politico-e-normativo-di-riferimento\/\" \/>\n<meta property=\"og:site_name\" content=\"SINISTRA CIVICA\" \/>\n<meta property=\"article:modified_time\" content=\"2021-01-20T12:59:45+00:00\" \/>\n<meta name=\"twitter:card\" content=\"summary_large_image\" \/>\n<meta name=\"twitter:label1\" content=\"Tempo di lettura stimato\" \/>\n\t<meta name=\"twitter:data1\" content=\"2 minuti\" \/>\n<script type=\"application\/ld+json\" class=\"yoast-schema-graph\">{\"@context\":\"https:\\\/\\\/schema.org\",\"@graph\":[{\"@type\":\"WebPage\",\"@id\":\"https:\\\/\\\/sinistracivica.it\\\/index.php\\\/il-contesto-politico-e-normativo-di-riferimento\\\/\",\"url\":\"https:\\\/\\\/sinistracivica.it\\\/index.php\\\/il-contesto-politico-e-normativo-di-riferimento\\\/\",\"name\":\"Il contesto politico e normativo di riferimento - SINISTRA CIVICA\",\"isPartOf\":{\"@id\":\"https:\\\/\\\/sinistracivica.it\\\/#website\"},\"datePublished\":\"2020-02-21T23:02:26+00:00\",\"dateModified\":\"2021-01-20T12:59:45+00:00\",\"breadcrumb\":{\"@id\":\"https:\\\/\\\/sinistracivica.it\\\/index.php\\\/il-contesto-politico-e-normativo-di-riferimento\\\/#breadcrumb\"},\"inLanguage\":\"it-IT\",\"potentialAction\":[{\"@type\":\"ReadAction\",\"target\":[\"https:\\\/\\\/sinistracivica.it\\\/index.php\\\/il-contesto-politico-e-normativo-di-riferimento\\\/\"]}]},{\"@type\":\"BreadcrumbList\",\"@id\":\"https:\\\/\\\/sinistracivica.it\\\/index.php\\\/il-contesto-politico-e-normativo-di-riferimento\\\/#breadcrumb\",\"itemListElement\":[{\"@type\":\"ListItem\",\"position\":1,\"name\":\"Home\",\"item\":\"https:\\\/\\\/sinistracivica.it\\\/\"},{\"@type\":\"ListItem\",\"position\":2,\"name\":\"Il contesto politico e normativo di riferimento\"}]},{\"@type\":\"WebSite\",\"@id\":\"https:\\\/\\\/sinistracivica.it\\\/#website\",\"url\":\"https:\\\/\\\/sinistracivica.it\\\/\",\"name\":\"SINISTRA CIVICA\",\"description\":\"\",\"publisher\":{\"@id\":\"https:\\\/\\\/sinistracivica.it\\\/#organization\"},\"potentialAction\":[{\"@type\":\"SearchAction\",\"target\":{\"@type\":\"EntryPoint\",\"urlTemplate\":\"https:\\\/\\\/sinistracivica.it\\\/?s={search_term_string}\"},\"query-input\":{\"@type\":\"PropertyValueSpecification\",\"valueRequired\":true,\"valueName\":\"search_term_string\"}}],\"inLanguage\":\"it-IT\"},{\"@type\":\"Organization\",\"@id\":\"https:\\\/\\\/sinistracivica.it\\\/#organization\",\"name\":\"SINISTRA CIVICA\",\"url\":\"https:\\\/\\\/sinistracivica.it\\\/\",\"logo\":{\"@type\":\"ImageObject\",\"inLanguage\":\"it-IT\",\"@id\":\"https:\\\/\\\/sinistracivica.it\\\/#\\\/schema\\\/logo\\\/image\\\/\",\"url\":\"https:\\\/\\\/sinistracivica.it\\\/wp-content\\\/uploads\\\/2021\\\/01\\\/cropped-Logo_ok.png\",\"contentUrl\":\"https:\\\/\\\/sinistracivica.it\\\/wp-content\\\/uploads\\\/2021\\\/01\\\/cropped-Logo_ok.png\",\"width\":512,\"height\":512,\"caption\":\"SINISTRA  CIVICA\"},\"image\":{\"@id\":\"https:\\\/\\\/sinistracivica.it\\\/#\\\/schema\\\/logo\\\/image\\\/\"}}]}<\/script>\n<!-- \/ Yoast SEO plugin. -->","yoast_head_json":{"title":"Il contesto politico e normativo di riferimento - SINISTRA CIVICA","robots":{"index":"index","follow":"follow","max-snippet":"max-snippet:-1","max-image-preview":"max-image-preview:large","max-video-preview":"max-video-preview:-1"},"canonical":"https:\/\/sinistracivica.it\/index.php\/il-contesto-politico-e-normativo-di-riferimento\/","og_locale":"it_IT","og_type":"article","og_title":"Il contesto politico e normativo di riferimento - SINISTRA CIVICA","og_description":"L\u2019agenda 2030 rappresenta il documento principale riconosciuto dalla comunit\u00e0 internazionale, cui si ispirano le politiche pubbliche dei governi, nonch\u00e9 la stessa Unione Europea. Anche l\u2019Italia ha recepito gli indirizzi contenuti nelle diverse disposizioni normative. Gi\u00e0 nel 2016, si leggeva nel DPEF che \u201cl\u2019esperienza del monitoraggio delle politiche pubbliche attraverso gli indicatori di benessere si irrobustisce [&hellip;]","og_url":"https:\/\/sinistracivica.it\/index.php\/il-contesto-politico-e-normativo-di-riferimento\/","og_site_name":"SINISTRA CIVICA","article_modified_time":"2021-01-20T12:59:45+00:00","twitter_card":"summary_large_image","twitter_misc":{"Tempo di lettura stimato":"2 minuti"},"schema":{"@context":"https:\/\/schema.org","@graph":[{"@type":"WebPage","@id":"https:\/\/sinistracivica.it\/index.php\/il-contesto-politico-e-normativo-di-riferimento\/","url":"https:\/\/sinistracivica.it\/index.php\/il-contesto-politico-e-normativo-di-riferimento\/","name":"Il contesto politico e normativo di riferimento - SINISTRA CIVICA","isPartOf":{"@id":"https:\/\/sinistracivica.it\/#website"},"datePublished":"2020-02-21T23:02:26+00:00","dateModified":"2021-01-20T12:59:45+00:00","breadcrumb":{"@id":"https:\/\/sinistracivica.it\/index.php\/il-contesto-politico-e-normativo-di-riferimento\/#breadcrumb"},"inLanguage":"it-IT","potentialAction":[{"@type":"ReadAction","target":["https:\/\/sinistracivica.it\/index.php\/il-contesto-politico-e-normativo-di-riferimento\/"]}]},{"@type":"BreadcrumbList","@id":"https:\/\/sinistracivica.it\/index.php\/il-contesto-politico-e-normativo-di-riferimento\/#breadcrumb","itemListElement":[{"@type":"ListItem","position":1,"name":"Home","item":"https:\/\/sinistracivica.it\/"},{"@type":"ListItem","position":2,"name":"Il contesto politico e normativo di riferimento"}]},{"@type":"WebSite","@id":"https:\/\/sinistracivica.it\/#website","url":"https:\/\/sinistracivica.it\/","name":"SINISTRA CIVICA","description":"","publisher":{"@id":"https:\/\/sinistracivica.it\/#organization"},"potentialAction":[{"@type":"SearchAction","target":{"@type":"EntryPoint","urlTemplate":"https:\/\/sinistracivica.it\/?s={search_term_string}"},"query-input":{"@type":"PropertyValueSpecification","valueRequired":true,"valueName":"search_term_string"}}],"inLanguage":"it-IT"},{"@type":"Organization","@id":"https:\/\/sinistracivica.it\/#organization","name":"SINISTRA CIVICA","url":"https:\/\/sinistracivica.it\/","logo":{"@type":"ImageObject","inLanguage":"it-IT","@id":"https:\/\/sinistracivica.it\/#\/schema\/logo\/image\/","url":"https:\/\/sinistracivica.it\/wp-content\/uploads\/2021\/01\/cropped-Logo_ok.png","contentUrl":"https:\/\/sinistracivica.it\/wp-content\/uploads\/2021\/01\/cropped-Logo_ok.png","width":512,"height":512,"caption":"SINISTRA  CIVICA"},"image":{"@id":"https:\/\/sinistracivica.it\/#\/schema\/logo\/image\/"}}]}},"_links":{"self":[{"href":"https:\/\/sinistracivica.it\/index.php\/wp-json\/wp\/v2\/pages\/118","targetHints":{"allow":["GET"]}}],"collection":[{"href":"https:\/\/sinistracivica.it\/index.php\/wp-json\/wp\/v2\/pages"}],"about":[{"href":"https:\/\/sinistracivica.it\/index.php\/wp-json\/wp\/v2\/types\/page"}],"author":[{"embeddable":true,"href":"https:\/\/sinistracivica.it\/index.php\/wp-json\/wp\/v2\/users\/1"}],"replies":[{"embeddable":true,"href":"https:\/\/sinistracivica.it\/index.php\/wp-json\/wp\/v2\/comments?post=118"}],"version-history":[{"count":6,"href":"https:\/\/sinistracivica.it\/index.php\/wp-json\/wp\/v2\/pages\/118\/revisions"}],"predecessor-version":[{"id":1593,"href":"https:\/\/sinistracivica.it\/index.php\/wp-json\/wp\/v2\/pages\/118\/revisions\/1593"}],"wp:attachment":[{"href":"https:\/\/sinistracivica.it\/index.php\/wp-json\/wp\/v2\/media?parent=118"}],"curies":[{"name":"wp","href":"https:\/\/api.w.org\/{rel}","templated":true}]}}